{"id":9968,"date":"2021-10-07T12:48:33","date_gmt":"2021-10-07T10:48:33","guid":{"rendered":"https:\/\/mountainlikers.com\/?page_id=9968"},"modified":"2023-11-17T13:14:48","modified_gmt":"2023-11-17T12:14:48","slug":"salutacio-ministre","status":"publish","type":"page","link":"https:\/\/mountainlikers.com\/fr\/salutacio-ministre\/","title":{"rendered":"Salutations du Ministre"},"content":{"rendered":"<div data-elementor-type=\"wp-page\" data-elementor-id=\"9968\" class=\"elementor elementor-9968\" data-elementor-post-type=\"page\">\n\t\t\t\t\t\t<section data-particle_enable=\"false\" data-particle-mobile-disabled=\"false\" class=\"elementor-section elementor-top-section elementor-element elementor-element-f1d01d2 elementor-section-stretched elementor-section-content-middle elementor-hidden-tablet elementor-section-boxed elementor-section-height-default elementor-section-height-default\" data-id=\"f1d01d2\" data-element_type=\"section\" data-e-type=\"section\" data-settings=\"{&quot;stretch_section&quot;:&quot;section-stretched&quot;,&quot;background_background&quot;:&quot;classic&quot;}\">\n\t\t\t\t\t\t<div class=\"elementor-container elementor-column-gap-default\">\n\t\t\t\t\t<div class=\"elementor-column elementor-col-100 elementor-top-column elementor-element elementor-element-9881fdb\" data-id=\"9881fdb\" data-element_type=\"column\" data-e-type=\"column\">\n\t\t\t<div class=\"elementor-widget-wrap elementor-element-populated\">\n\t\t\t\t\t\t<div class=\"elementor-element elementor-element-f36570b elementor-widget elementor-widget-image\" data-id=\"f36570b\" data-element_type=\"widget\" data-e-type=\"widget\" data-widget_type=\"image.default\">\n\t\t\t\t<div class=\"elementor-widget-container\">\n\t\t\t\t\t\t\t\t\t\t\t\t\t\t\t<img loading=\"lazy\" decoding=\"async\" width=\"1961\" height=\"2560\" src=\"https:\/\/mountainlikers.com\/wp-content\/uploads\/2023\/11\/T4A9591-44-scaled.jpg\" class=\"attachment-full size-full wp-image-12792\" alt=\"\" srcset=\"https:\/\/mountainlikers.com\/wp-content\/uploads\/2023\/11\/T4A9591-44-scaled.jpg 1961w, https:\/\/mountainlikers.com\/wp-content\/uploads\/2023\/11\/T4A9591-44-scaled-600x783.jpg 600w, https:\/\/mountainlikers.com\/wp-content\/uploads\/2023\/11\/T4A9591-44-scaled-800x1044.jpg 800w, https:\/\/mountainlikers.com\/wp-content\/uploads\/2023\/11\/T4A9591-44-230x300.jpg 230w, https:\/\/mountainlikers.com\/wp-content\/uploads\/2023\/11\/T4A9591-44-784x1024.jpg 784w, https:\/\/mountainlikers.com\/wp-content\/uploads\/2023\/11\/T4A9591-44-768x1003.jpg 768w, https:\/\/mountainlikers.com\/wp-content\/uploads\/2023\/11\/T4A9591-44-1176x1536.jpg 1176w, https:\/\/mountainlikers.com\/wp-content\/uploads\/2023\/11\/T4A9591-44-1568x2048.jpg 1568w, https:\/\/mountainlikers.com\/wp-content\/uploads\/2023\/11\/T4A9591-44-9x12.jpg 9w\" sizes=\"auto, (max-width: 1961px) 100vw, 1961px\" \/>\t\t\t\t\t\t\t\t\t\t\t\t\t\t\t<\/div>\n\t\t\t\t<\/div>\n\t\t\t\t<div class=\"elementor-element elementor-element-5e40766 elementor-widget elementor-widget-rs-heading\" data-id=\"5e40766\" data-element_type=\"widget\" data-e-type=\"widget\" data-widget_type=\"rs-heading.default\">\n\t\t\t\t<div class=\"elementor-widget-container\">\n\t\t\t\t\t        <div class=\"rs-heading style9\">\r\n        \t<div class=\"title-inner\">\r\n        \t\t      \t\t\r\n\t            <span class=\"sub-text\">12E CONGR\u00c8S MONDIAL DU TOURISME DE NEIGE, MONTAGNE ET BIEN-\u00caTRE<\/span> <h2 class=\"title\"><span class=\"watermark\"><\/span>MESSAGE DU MINISTRE<\/h2><div class=\"title-img bottom-img\"><img decoding=\"async\" src=\"http:\/\/rstheme.com\/products\/wordpress\/eventeo-elementor\/wp-content\/uploads\/2020\/01\/aboutline_1.png\" \/><\/div>\t        <\/div>\r\n\t                <\/div>\r\n        \t\t\t\t<\/div>\n\t\t\t\t<\/div>\n\t\t\t\t<div class=\"elementor-element elementor-element-1151e1a elementor-widget elementor-widget-text-editor\" data-id=\"1151e1a\" data-element_type=\"widget\" data-e-type=\"widget\" data-widget_type=\"text-editor.default\">\n\t\t\t\t<div class=\"elementor-widget-container\">\n\t\t\t\t\t\t\t\t\t<p style=\"font-weight: 400;\">Chers participants,<\/p><p style=\"font-weight: 400;\">Lors de la derni\u00e8re \u00e9dition du Congr\u00e8s Mondial du Tourisme de Neige et de Montagne en 2022, la th\u00e9matique abord\u00e9e \u00e9tait celle de la relance du tourisme apr\u00e8s la pand\u00e9mie, sous le titre \u00ab Un nouveau regard sur l'avenir \u00bb. Aujourd'hui, apr\u00e8s un travail acharn\u00e9 des administrations publiques pour encourager et aider le secteur, et apr\u00e8s avoir vu comment les entreprises locales ont appr\u00e9hend\u00e9 cette situation, non sans difficult\u00e9, nous pouvons dire que le secteur du tourisme a fait face \u00e0 cette \u00e9norme crise, en faisant preuve d'une grande r\u00e9silience. Nous devons poursuivre nos efforts pour affermir le secteur du tourisme et poursuivre sa contribution aux \u00e9conomies des zones de montagne.<\/p><p style=\"font-weight: 400;\">Non sans efforts, la Principaut\u00e9 d\u2019Andorre, en cette p\u00e9riode de reprise, gr\u00e2ce \u00e0 sa richesse naturelle privil\u00e9gi\u00e9e et \u00e0 sa grande vari\u00e9t\u00e9 d\u2019activit\u00e9s dans un environnement sain, a enregistr\u00e9 une augmentation des nuit\u00e9es, d\u00e9passant pour la premi\u00e8re fois 10 millions de nuit\u00e9es par an.<\/p><p style=\"font-weight: 400;\">Sans aucun doute, le tourisme est l\u2019un des secteurs qui stimulent le plus nos \u00e9conomies, par cons\u00e9quent, la douzi\u00e8me \u00e9dition du Congr\u00e8s vise \u00e0 introduire de nouveaux sujets, en privil\u00e9giant le tourisme de bien-\u00eatre, de sant\u00e9 et de thermalisme. Combiner le bien-\u00eatre personnel en plus de se d\u00e9tendre sur son lieu de vacances ou faire des activit\u00e9s de plein air, le tourisme lent, l\u2019immersion dans la culture locale sont d\u2019autres stimuli que les touristes qui veulent rompre avec la routine d\u2019un monde acc\u00e9l\u00e9r\u00e9 recherchent de plus en plus.<\/p><p style=\"font-weight: 400;\">Bien s\u00fbr, nous aborderons d\u2019autres questions d\u2019actualit\u00e9 qui nous aideront \u00e0 am\u00e9liorer l\u2019offre touristique, de montagne et de neige. Nous parlerons des produits touristiques, du patrimoine, de l\u2019identit\u00e9 et de la qualit\u00e9 des services. L\u2019\u00e9ducation, l\u2019autonomisation, la durabilit\u00e9 et le tourisme responsable seront toujours des \u00e9l\u00e9ments cl\u00e9s des discussions. En outre, l\u2019IA est devenue un outil puissant, et le meilleur alli\u00e9 pour les agents touristiques et les visiteurs.<\/p><p style=\"font-weight: 400;\">Ce Congr\u00e8s, organis\u00e9 dans le Pays des Pyr\u00e9n\u00e9es, rassemble un large \u00e9ventail de professionnels du tourisme, des responsables de la gestion des destinations touristiques de montagne, des experts et des entrepreneurs de tous les domaines.<\/p><p style=\"font-weight: 400;\">Ensemble, nous m\u00e8nerons des discussions entre le public et les experts invit\u00e9s, afin d\u2019am\u00e9liorer l\u2019exp\u00e9rience des voyageurs lors de leur s\u00e9jour dans la destination choisie.<\/p><p style=\"font-weight: 400;\">Nous esp\u00e9rons vous compter parmi nous pendant ces trois jours d'\u00e9v\u00e9nements pour \u00e9tablir des partenariats qui dynamiseront le tourisme dans les r\u00e9gions de montagne, au profit des touristes, des professionnels, des r\u00e9sidents et de la destination elle-m\u00eame.<\/p><p style=\"font-weight: 400;\"><strong>Nous vous donnons rendez-vous en Andorre du 20 au 22 mars 2024 !<\/strong><\/p>\t\t\t\t\t\t\t\t<\/div>\n\t\t\t\t<\/div>\n\t\t\t\t\t<\/div>\n\t\t<\/div>\n\t\t\t\t\t<\/div>\n\t\t<\/section>\n\t\t\t\t<section data-particle_enable=\"false\" data-particle-mobile-disabled=\"false\" class=\"elementor-section elementor-top-section elementor-element elementor-element-0edb8b6 elementor-hidden-desktop elementor-hidden-mobile elementor-section-boxed elementor-section-height-default elementor-section-height-default\" data-id=\"0edb8b6\" data-element_type=\"section\" data-e-type=\"section\">\n\t\t\t\t\t\t<div class=\"elementor-container elementor-column-gap-default\">\n\t\t\t\t\t<div class=\"elementor-column elementor-col-100 elementor-top-column elementor-element elementor-element-0fc2bb6\" data-id=\"0fc2bb6\" data-element_type=\"column\" data-e-type=\"column\">\n\t\t\t<div class=\"elementor-widget-wrap elementor-element-populated\">\n\t\t\t\t\t\t<div class=\"elementor-element elementor-element-1a259cf elementor-hidden-desktop elementor-widget elementor-widget-image\" data-id=\"1a259cf\" data-element_type=\"widget\" data-e-type=\"widget\" data-widget_type=\"image.default\">\n\t\t\t\t<div class=\"elementor-widget-container\">\n\t\t\t\t\t\t\t\t\t\t\t\t\t\t\t<img loading=\"lazy\" decoding=\"async\" width=\"640\" height=\"438\" src=\"https:\/\/mountainlikers.com\/wp-content\/uploads\/2021\/11\/Ministre_-Jordi-Torres_Andorra-1024x701.jpg\" class=\"attachment-large size-large wp-image-10657\" alt=\"\" srcset=\"https:\/\/mountainlikers.com\/wp-content\/uploads\/2021\/11\/Ministre_-Jordi-Torres_Andorra-1024x701.jpg 1024w, https:\/\/mountainlikers.com\/wp-content\/uploads\/2021\/11\/Ministre_-Jordi-Torres_Andorra-600x411.jpg 600w, https:\/\/mountainlikers.com\/wp-content\/uploads\/2021\/11\/Ministre_-Jordi-Torres_Andorra-800x548.jpg 800w, https:\/\/mountainlikers.com\/wp-content\/uploads\/2021\/11\/Ministre_-Jordi-Torres_Andorra-300x205.jpg 300w, https:\/\/mountainlikers.com\/wp-content\/uploads\/2021\/11\/Ministre_-Jordi-Torres_Andorra-768x526.jpg 768w, https:\/\/mountainlikers.com\/wp-content\/uploads\/2021\/11\/Ministre_-Jordi-Torres_Andorra-1536x1051.jpg 1536w, https:\/\/mountainlikers.com\/wp-content\/uploads\/2021\/11\/Ministre_-Jordi-Torres_Andorra-18x12.jpg 18w, https:\/\/mountainlikers.com\/wp-content\/uploads\/2021\/11\/Ministre_-Jordi-Torres_Andorra.jpg 2000w\" sizes=\"auto, (max-width: 640px) 100vw, 640px\" \/>\t\t\t\t\t\t\t\t\t\t\t\t\t\t\t<\/div>\n\t\t\t\t<\/div>\n\t\t\t\t<div class=\"elementor-element elementor-element-f79c2be elementor-widget elementor-widget-rs-heading\" data-id=\"f79c2be\" data-element_type=\"widget\" data-e-type=\"widget\" data-widget_type=\"rs-heading.default\">\n\t\t\t\t<div class=\"elementor-widget-container\">\n\t\t\t\t\t        <div class=\"rs-heading style9\">\r\n        \t<div class=\"title-inner\">\r\n        \t\t      \t\t\r\n\t            <span class=\"sub-text\">Onzi\u00e8me Congr\u00e8s mondial du tourisme de neige et de montagne<\/span> <h2 class=\"title\"><span class=\"watermark\"><\/span>Salutations du Ministre<\/h2><div class=\"title-img bottom-img\"><img decoding=\"async\" src=\"http:\/\/rstheme.com\/products\/wordpress\/eventeo-elementor\/wp-content\/uploads\/2020\/01\/aboutline_1.png\" \/><\/div>\t        <\/div>\r\n\t                <\/div>\r\n        \t\t\t\t<\/div>\n\t\t\t\t<\/div>\n\t\t\t\t<div class=\"elementor-element elementor-element-0085445 elementor-widget elementor-widget-text-editor\" data-id=\"0085445\" data-element_type=\"widget\" data-e-type=\"widget\" data-widget_type=\"text-editor.default\">\n\t\t\t\t<div class=\"elementor-widget-container\">\n\t\t\t\t\t\t\t\t\t<p style=\"text-align: justify;\">Chers participants,<br \/>\u00a0<br \/>Le 10 mars 2020, nous avons d\u00fb reporter la tenue du Congr\u00e8s Mondial du Tourisme de Neige et de Montagne en raison de l'urgence sanitaire caus\u00e9e par la pand\u00e9mie de SARS-CoV-2. J'ai le plaisir de vous annoncer que l'organisation de ce Congr\u00e8s est r\u00e9activ\u00e9e gr\u00e2ce \u00e0 l'implication des sept municipalit\u00e9s (Comuns) et du Gouvernement d'Andorre, et de l'Organisation mondiale du tourisme (OMT). Canillo sera la paroisse h\u00f4te de cette onzi\u00e8me \u00e9dition.<br \/>Vous savez tous que le tourisme a \u00e9t\u00e9 l'un des secteurs les plus touch\u00e9s par la pand\u00e9mie et que les cons\u00e9quences pour notre \u00e9conomie ont eu un impact \u00e9norme sur le tissu commercial et les emplois, m\u00eame s'il est vrai que la r\u00e9silience de notre secteur nous a aid\u00e9s \u00e0 \u00eatre innovants, \u00e0 repenser tout ce que nous avions consolid\u00e9 avec des efforts et du temps, et \u00eatre \u00e0 l'\u00e9coute des demandes des touristes et prendre soin d'eux, sachant que la sant\u00e9, les protocoles pour pr\u00e9venir la propagation de la COVID-19, le d\u00e9pistage et la vaccination sont quelques-uns des \u00e9l\u00e9ments cl\u00e9s qui nous permettent d'envisager l'avenir avec un certain optimisme.<br \/>La pand\u00e9mie nous a oblig\u00e9s \u00e0 transformer la gestion des entreprises en appliquant plus que jamais les nouvelles technologies, \u00e0 nous r\u00e9inventer, \u00e0 changer les habitudes de consommation, \u00e0 travailler pour regagner la confiance des voyageurs et, en fin de compte, \u00e0 inverser au mieux les effets caus\u00e9s par la pand\u00e9mie. <br \/>Pour cette raison, il est essentiel que, face \u00e0 la chute brutale de l'un des secteurs les plus importants de l'\u00e9conomie mondiale comme le tourisme, nous nous r\u00e9unissions \u00e0 nouveau pendant le Congr\u00e8s, et que nous ayons l'occasion d'aborder et de d\u00e9battre des questions qui nous aideront \u00e0 r\u00e9activer le tourisme et \u00e0 concevoir le ou les mod\u00e8les post-pand\u00e9miques.\u00a0\u00a0\u00a0\u00a0\u00a0\u00a0\u00a0\u00a0\u00a0\u00a0\u00a0\u00a0\u00a0\u00a0\u00a0\u00a0\u00a0\u00a0\u00a0\u00a0\u00a0\u00a0\u00a0\u00a0\u00a0\u00a0\u00a0\u00a0\u00a0\u00a0\u00a0\u00a0\u00a0\u00a0\u00a0\u00a0\u00a0\u00a0\u00a0\u00a0\u00a0\u00a0\u00a0\u00a0\u00a0\u00a0\u00a0\u00a0\u00a0\u00a0\u00a0\u00a0\u00a0\u00a0\u00a0\u00a0\u00a0\u00a0\u00a0\u00a0\u00a0\u00a0\u00a0\u00a0\u00a0\u00a0\u00a0\u00a0\u00a0\u00a0\u00a0\u00a0\u00a0\u00a0\u00a0\u00a0\u00a0\u00a0<br \/>L'Andorre a appris \u00e0 s'adapter, et depuis le 13 mars 2020, elle a dirig\u00e9 tous les efforts pour trouver un \u00e9quilibre entre la sant\u00e9 et l'\u00e9conomie. D\u00e8s le d\u00e9part, la sant\u00e9 des citoyens a \u00e9t\u00e9 une priorit\u00e9, tandis que des protocoles ont \u00e9t\u00e9 d\u00e9finis pour assurer une s\u00e9curit\u00e9 maximale aux visiteurs. D'autre part, les autorit\u00e9s andorranes ont approuv\u00e9 un ensemble de mesures \u00e9conomiques sans pr\u00e9c\u00e9dent pour aider le tissu \u00e9conomique et garantir l'emploi. Ces actions et bien d'autres de la soci\u00e9t\u00e9 dans son ensemble nous permettent, aujourd'hui, d'anticiper une bonne r\u00e9activation de l'activit\u00e9 touristique.<br \/>La r\u00e9cession \u00e9conomique pose des d\u00e9fis complexes au secteur du tourisme et il est essentiel de contribuer et de coop\u00e9rer entre tous les acteurs impliqu\u00e9s pour la reprise de ce secteur. Ainsi, le fait de retrouver les professionnels et experts du tourisme au Congr\u00e8s nous donne la garantie que les questions qui traceront l'avenir du tourisme de montagne seront d\u00e9battues.<br \/>Assur\u00e9ment, la durabilit\u00e9, l'environnement, la sant\u00e9 et le bien-\u00eatre, la transformation num\u00e9rique, l'intelligence artificielle et les nouvelles tendances du tourisme sont des sujets qui nous int\u00e9ressent tous et dont nous voulons discuter pendant les deux jours du Congr\u00e8s.\u00a0 <br \/>Je veux vous encourager \u00e0 nous rendre visite et \u00e0 participer \u00e0 ce Congr\u00e8s, au cours duquel des experts partageront leurs pr\u00e9cieuses exp\u00e9riences et nous donneront des outils pour renforcer les destinations touristiques de montagne.<br \/>\u00a0<br \/>Nous vous y attendons !<br \/>\u00a0<br \/>Jordi Torres Falc\u00f3<\/p>\t\t\t\t\t\t\t\t<\/div>\n\t\t\t\t<\/div>\n\t\t\t\t\t<\/div>\n\t\t<\/div>\n\t\t\t\t\t<\/div>\n\t\t<\/section>\n\t\t\t\t<section data-particle_enable=\"false\" data-particle-mobile-disabled=\"false\" class=\"elementor-section elementor-top-section elementor-element elementor-element-17e81e4 elementor-section-stretched elementor-section-boxed elementor-section-height-default elementor-section-height-default\" data-id=\"17e81e4\" data-element_type=\"section\" data-e-type=\"section\" data-settings=\"{&quot;stretch_section&quot;:&quot;section-stretched&quot;,&quot;background_background&quot;:&quot;classic&quot;}\">\n\t\t\t\t\t\t<div class=\"elementor-container elementor-column-gap-default\">\n\t\t\t\t\t<div class=\"elementor-column elementor-col-33 elementor-top-column elementor-element elementor-element-43fad95\" data-id=\"43fad95\" data-element_type=\"column\" data-e-type=\"column\">\n\t\t\t<div class=\"elementor-widget-wrap\">\n\t\t\t\t\t\t\t<\/div>\n\t\t<\/div>\n\t\t\t\t<div class=\"elementor-column elementor-col-33 elementor-top-column elementor-element elementor-element-7063f8a\" data-id=\"7063f8a\" data-element_type=\"column\" data-e-type=\"column\">\n\t\t\t<div class=\"elementor-widget-wrap\">\n\t\t\t\t\t\t\t<\/div>\n\t\t<\/div>\n\t\t\t\t<div class=\"elementor-column elementor-col-33 elementor-top-column elementor-element elementor-element-32b95fb\" data-id=\"32b95fb\" data-element_type=\"column\" data-e-type=\"column\">\n\t\t\t<div class=\"elementor-widget-wrap\">\n\t\t\t\t\t\t\t<\/div>\n\t\t<\/div>\n\t\t\t\t\t<\/div>\n\t\t<\/section>\n\t\t\t\t<\/div>","protected":false},"excerpt":{"rendered":"<p>12\u00e8 CONGR\u00c9S MUNDIAL DE TURISME DE NEU, MUNTANYA I BENESTAR MISSATGE DEL MINISTRE Estimats participants, En la passada edici\u00f3 del Congr\u00e9s Mundial&#8230;<\/p>","protected":false},"author":1,"featured_media":0,"parent":0,"menu_order":0,"comment_status":"closed","ping_status":"closed","template":"","meta":{"footnotes":""},"class_list":["post-9968","page","type-page","status-publish","hentry"],"yoast_head":"<!-- This site is optimized with the Yoast SEO Premium plugin v26.3 (Yoast SEO v27.2) - https:\/\/yoast.com\/product\/yoast-seo-premium-wordpress\/ -->\n<title>Salutaci\u00f3 Ministre - Mountainlikers<\/title>\n<meta name=\"robots\" content=\"index, follow, max-snippet:-1, max-image-preview:large, max-video-preview:-1\" \/>\n<link rel=\"canonical\" href=\"https:\/\/mountainlikers.com\/fr\/salutacio-ministre\/\" \/>\n<meta property=\"og:locale\" content=\"fr_FR\" \/>\n<meta property=\"og:type\" content=\"article\" \/>\n<meta property=\"og:title\" content=\"Salutaci\u00f3 Ministre\" \/>\n<meta property=\"og:description\" content=\"12\u00e8 CONGR\u00c9S MUNDIAL DE TURISME DE NEU, MUNTANYA I BENESTAR MISSATGE DEL MINISTRE Estimats participants, En la passada edici\u00f3 del Congr\u00e9s Mundial...\" \/>\n<meta property=\"og:url\" content=\"https:\/\/mountainlikers.com\/fr\/salutacio-ministre\/\" \/>\n<meta property=\"og:site_name\" content=\"Mountainlikers\" \/>\n<meta property=\"article:publisher\" content=\"https:\/\/www.facebook.com\/mountainlikers\/\" \/>\n<meta property=\"article:modified_time\" content=\"2023-11-17T12:14:48+00:00\" \/>\n<meta property=\"og:image\" content=\"https:\/\/mountainlikers.com\/wp-content\/uploads\/2023\/11\/T4A9591-44-scaled.jpg\" \/>\n\t<meta property=\"og:image:width\" content=\"1961\" \/>\n\t<meta property=\"og:image:height\" content=\"2560\" \/>\n\t<meta property=\"og:image:type\" content=\"image\/jpeg\" \/>\n<meta name=\"twitter:card\" content=\"summary_large_image\" \/>\n<meta name=\"twitter:site\" content=\"@mountainlikers\" \/>\n<meta name=\"twitter:label1\" content=\"Dur\u00e9e de lecture estim\u00e9e\" \/>\n\t<meta name=\"twitter:data1\" content=\"5 minutes\" \/>\n<script type=\"application\/ld+json\" class=\"yoast-schema-graph\">{\"@context\":\"https:\/\/schema.org\",\"@graph\":[{\"@type\":\"WebPage\",\"@id\":\"https:\/\/mountainlikers.com\/salutacio-ministre\/\",\"url\":\"https:\/\/mountainlikers.com\/salutacio-ministre\/\",\"name\":\"Salutaci\u00f3 Ministre - Mountainlikers\",\"isPartOf\":{\"@id\":\"https:\/\/mountainlikers.com\/en\/#website\"},\"primaryImageOfPage\":{\"@id\":\"https:\/\/mountainlikers.com\/salutacio-ministre\/#primaryimage\"},\"image\":{\"@id\":\"https:\/\/mountainlikers.com\/salutacio-ministre\/#primaryimage\"},\"thumbnailUrl\":\"https:\/\/mountainlikers.com\/wp-content\/uploads\/2023\/11\/T4A9591-44-scaled.jpg\",\"datePublished\":\"2021-10-07T10:48:33+00:00\",\"dateModified\":\"2023-11-17T12:14:48+00:00\",\"breadcrumb\":{\"@id\":\"https:\/\/mountainlikers.com\/salutacio-ministre\/#breadcrumb\"},\"inLanguage\":\"fr-FR\",\"potentialAction\":[{\"@type\":\"ReadAction\",\"target\":[\"https:\/\/mountainlikers.com\/salutacio-ministre\/\"]}]},{\"@type\":\"ImageObject\",\"inLanguage\":\"fr-FR\",\"@id\":\"https:\/\/mountainlikers.com\/salutacio-ministre\/#primaryimage\",\"url\":\"https:\/\/mountainlikers.com\/wp-content\/uploads\/2023\/11\/T4A9591-44-scaled.jpg\",\"contentUrl\":\"https:\/\/mountainlikers.com\/wp-content\/uploads\/2023\/11\/T4A9591-44-scaled.jpg\"},{\"@type\":\"BreadcrumbList\",\"@id\":\"https:\/\/mountainlikers.com\/salutacio-ministre\/#breadcrumb\",\"itemListElement\":[{\"@type\":\"ListItem\",\"position\":1,\"name\":\"Inici\",\"item\":\"https:\/\/mountainlikers.com\/\"},{\"@type\":\"ListItem\",\"position\":2,\"name\":\"Salutaci\u00f3 Ministre\"}]},{\"@type\":\"WebSite\",\"@id\":\"https:\/\/mountainlikers.com\/en\/#website\",\"url\":\"https:\/\/mountainlikers.com\/en\/\",\"name\":\"Mountainlikers\",\"description\":\"Congr\u00e9s Mundial de Turisme de Neu i Muntanya 2026\",\"publisher\":{\"@id\":\"https:\/\/mountainlikers.com\/en\/#organization\"},\"potentialAction\":[{\"@type\":\"SearchAction\",\"target\":{\"@type\":\"EntryPoint\",\"urlTemplate\":\"https:\/\/mountainlikers.com\/en\/?s={search_term_string}\"},\"query-input\":{\"@type\":\"PropertyValueSpecification\",\"valueRequired\":true,\"valueName\":\"search_term_string\"}}],\"inLanguage\":\"fr-FR\"},{\"@type\":\"Organization\",\"@id\":\"https:\/\/mountainlikers.com\/en\/#organization\",\"name\":\"Mountainlikers\",\"url\":\"https:\/\/mountainlikers.com\/en\/\",\"logo\":{\"@type\":\"ImageObject\",\"inLanguage\":\"fr-FR\",\"@id\":\"https:\/\/mountainlikers.com\/en\/#\/schema\/logo\/image\/\",\"url\":\"https:\/\/mountainlikers.com\/wp-content\/uploads\/2025\/09\/MountainLikers-logo25-26.png\",\"contentUrl\":\"https:\/\/mountainlikers.com\/wp-content\/uploads\/2025\/09\/MountainLikers-logo25-26.png\",\"width\":1221,\"height\":942,\"caption\":\"Mountainlikers\"},\"image\":{\"@id\":\"https:\/\/mountainlikers.com\/en\/#\/schema\/logo\/image\/\"},\"sameAs\":[\"https:\/\/www.facebook.com\/mountainlikers\/\",\"https:\/\/x.com\/mountainlikers\",\"https:\/\/www.instagram.com\/mountainlikers\/\",\"https:\/\/www.youtube.com\/user\/mountainlikers\"]}]}<\/script>\n<!-- \/ Yoast SEO Premium plugin. -->","yoast_head_json":{"title":"Bonjour Monsieur le Ministre - Mountainlikers","robots":{"index":"index","follow":"follow","max-snippet":"max-snippet:-1","max-image-preview":"max-image-preview:large","max-video-preview":"max-video-preview:-1"},"canonical":"https:\/\/mountainlikers.com\/fr\/salutacio-ministre\/","og_locale":"fr_FR","og_type":"article","og_title":"Salutaci\u00f3 Ministre","og_description":"12\u00e8 CONGR\u00c9S MUNDIAL DE TURISME DE NEU, MUNTANYA I BENESTAR MISSATGE DEL MINISTRE Estimats participants, En la passada edici\u00f3 del Congr\u00e9s Mundial...","og_url":"https:\/\/mountainlikers.com\/fr\/salutacio-ministre\/","og_site_name":"Mountainlikers","article_publisher":"https:\/\/www.facebook.com\/mountainlikers\/","article_modified_time":"2023-11-17T12:14:48+00:00","og_image":[{"width":1961,"height":2560,"url":"https:\/\/mountainlikers.com\/wp-content\/uploads\/2023\/11\/T4A9591-44-scaled.jpg","type":"image\/jpeg"}],"twitter_card":"summary_large_image","twitter_site":"@mountainlikers","twitter_misc":{"Dur\u00e9e de lecture estim\u00e9e":"5 minutes"},"schema":{"@context":"https:\/\/schema.org","@graph":[{"@type":"WebPage","@id":"https:\/\/mountainlikers.com\/salutacio-ministre\/","url":"https:\/\/mountainlikers.com\/salutacio-ministre\/","name":"Bonjour Monsieur le Ministre - Mountainlikers","isPartOf":{"@id":"https:\/\/mountainlikers.com\/en\/#website"},"primaryImageOfPage":{"@id":"https:\/\/mountainlikers.com\/salutacio-ministre\/#primaryimage"},"image":{"@id":"https:\/\/mountainlikers.com\/salutacio-ministre\/#primaryimage"},"thumbnailUrl":"https:\/\/mountainlikers.com\/wp-content\/uploads\/2023\/11\/T4A9591-44-scaled.jpg","datePublished":"2021-10-07T10:48:33+00:00","dateModified":"2023-11-17T12:14:48+00:00","breadcrumb":{"@id":"https:\/\/mountainlikers.com\/salutacio-ministre\/#breadcrumb"},"inLanguage":"fr-FR","potentialAction":[{"@type":"ReadAction","target":["https:\/\/mountainlikers.com\/salutacio-ministre\/"]}]},{"@type":"ImageObject","inLanguage":"fr-FR","@id":"https:\/\/mountainlikers.com\/salutacio-ministre\/#primaryimage","url":"https:\/\/mountainlikers.com\/wp-content\/uploads\/2023\/11\/T4A9591-44-scaled.jpg","contentUrl":"https:\/\/mountainlikers.com\/wp-content\/uploads\/2023\/11\/T4A9591-44-scaled.jpg"},{"@type":"BreadcrumbList","@id":"https:\/\/mountainlikers.com\/salutacio-ministre\/#breadcrumb","itemListElement":[{"@type":"ListItem","position":1,"name":"Inici","item":"https:\/\/mountainlikers.com\/"},{"@type":"ListItem","position":2,"name":"Salutaci\u00f3 Ministre"}]},{"@type":"WebSite","@id":"https:\/\/mountainlikers.com\/en\/#website","url":"https:\/\/mountainlikers.com\/en\/","name":"Les amoureux de la montagne","description":"Congr\u00e8s mondial du tourisme de neige et de montagne 2026","publisher":{"@id":"https:\/\/mountainlikers.com\/en\/#organization"},"potentialAction":[{"@type":"SearchAction","target":{"@type":"EntryPoint","urlTemplate":"https:\/\/mountainlikers.com\/en\/?s={search_term_string}"},"query-input":{"@type":"PropertyValueSpecification","valueRequired":true,"valueName":"search_term_string"}}],"inLanguage":"fr-FR"},{"@type":"Organization","@id":"https:\/\/mountainlikers.com\/en\/#organization","name":"Les amoureux de la montagne","url":"https:\/\/mountainlikers.com\/en\/","logo":{"@type":"ImageObject","inLanguage":"fr-FR","@id":"https:\/\/mountainlikers.com\/en\/#\/schema\/logo\/image\/","url":"https:\/\/mountainlikers.com\/wp-content\/uploads\/2025\/09\/MountainLikers-logo25-26.png","contentUrl":"https:\/\/mountainlikers.com\/wp-content\/uploads\/2025\/09\/MountainLikers-logo25-26.png","width":1221,"height":942,"caption":"Mountainlikers"},"image":{"@id":"https:\/\/mountainlikers.com\/en\/#\/schema\/logo\/image\/"},"sameAs":["https:\/\/www.facebook.com\/mountainlikers\/","https:\/\/x.com\/mountainlikers","https:\/\/www.instagram.com\/mountainlikers\/","https:\/\/www.youtube.com\/user\/mountainlikers"]}]}},"_links":{"self":[{"href":"https:\/\/mountainlikers.com\/fr\/wp-json\/wp\/v2\/pages\/9968","targetHints":{"allow":["GET"]}}],"collection":[{"href":"https:\/\/mountainlikers.com\/fr\/wp-json\/wp\/v2\/pages"}],"about":[{"href":"https:\/\/mountainlikers.com\/fr\/wp-json\/wp\/v2\/types\/page"}],"author":[{"embeddable":true,"href":"https:\/\/mountainlikers.com\/fr\/wp-json\/wp\/v2\/users\/1"}],"replies":[{"embeddable":true,"href":"https:\/\/mountainlikers.com\/fr\/wp-json\/wp\/v2\/comments?post=9968"}],"version-history":[{"count":18,"href":"https:\/\/mountainlikers.com\/fr\/wp-json\/wp\/v2\/pages\/9968\/revisions"}],"predecessor-version":[{"id":12798,"href":"https:\/\/mountainlikers.com\/fr\/wp-json\/wp\/v2\/pages\/9968\/revisions\/12798"}],"wp:attachment":[{"href":"https:\/\/mountainlikers.com\/fr\/wp-json\/wp\/v2\/media?parent=9968"}],"curies":[{"name":"wp","href":"https:\/\/api.w.org\/{rel}","templated":true}]}}