{"id":2205,"date":"2017-11-15T08:03:35","date_gmt":"2017-11-15T07:03:35","guid":{"rendered":"https:\/\/mountainlikers.com\/?page_id=2205"},"modified":"2022-01-12T12:02:39","modified_gmt":"2022-01-12T11:02:39","slug":"termes-i-condicions","status":"publish","type":"page","link":"https:\/\/mountainlikers.com\/fr\/termes-i-condicions\/","title":{"rendered":"termes et conditions"},"content":{"rendered":"<p style=\"text-align: justify;\"><strong>Avis l\u00e9gal<\/strong><\/p>\n<p style=\"text-align: justify;\"><a href=\"http:\/\/www.mountainlikers.com\u00a0\">www.mountainlikers.com\u00a0<\/a>est un domaine Internet appartenant au gouvernement d'Andorre.<\/p>\n<p style=\"text-align: justify;\">L'acc\u00e8s \u00e0 cette page Web et aux informations qu'elle contient implique l'acceptation des conditions pr\u00e9vues dans le pr\u00e9sent avis l\u00e9gal. Pour cette raison, nous vous recommandons de lire attentivement le contenu de cette notice si vous souhaitez acc\u00e9der et utiliser les informations et services propos\u00e9s sur le site Internet.<\/p>\n<p style=\"text-align: justify;\">L'utilisateur, \u00e0 travers les diff\u00e9rentes zones qui composent le site Web, peut visiter, obtenir des informations, utiliser une s\u00e9rie d'applications, adresser des demandes ou des communications.<\/p>\n<p style=\"text-align: justify;\">Le Gouvernement d'Andorre n'est pas responsable du contenu de tiers accessible via les liens contenus sur le site Web, car le Gouvernement ne le g\u00e8re ni ne le contr\u00f4le \u00e0 aucun moment. Avec les effets juridiques, il est entendu que toute relation contractuelle ou extracontractuelle que l'utilisateur entretient avec des tiers contact\u00e9s via le web se r\u00e9alise uniquement et exclusivement entre l'utilisateur et les tiers. L'utilisateur accepte que le Gouvernement n'assume aucune responsabilit\u00e9 pour les dommages de toute nature caus\u00e9s par les n\u00e9gociations, conversations ou relations contractuelles ou extracontractuelles entre l'utilisateur et des tiers contact\u00e9s via le Portail.<\/p>\n<p style=\"text-align: justify;\">La zone de contact sur le site Web est purement informative, sans aucune responsabilit\u00e9 juridique contraignante d\u00e9coulant d'une r\u00e9ponse.<\/p>\n<p style=\"text-align: justify;\"><strong>Politique de confidentialit\u00e9<\/strong><\/p>\n<p style=\"text-align: justify;\">Protection des donn\u00e9es personnelles<\/p>\n<p style=\"text-align: justify;\">Conform\u00e9ment \u00e0 la loi 15\/2003 du 18 d\u00e9cembre, qualifi\u00e9e de protection des donn\u00e9es personnelles, il est pr\u00e9cis\u00e9 que toutes les donn\u00e9es qui pourraient \u00eatre fournies par les utilisateurs seront trait\u00e9es avec une confidentialit\u00e9 absolue.<\/p>\n<p style=\"text-align: justify;\">Collecte de donn\u00e9es statistiques<\/p>\n<p style=\"text-align: justify;\">Uniquement afin de vous offrir un meilleur service \u00e0 travers cette page et dans le but de faciliter son utilisation, le nombre de pages visit\u00e9es, le nombre de visites, ainsi que l'activit\u00e9 et la fr\u00e9quence d'utilisation par les utilisateurs sont analys\u00e9s. Ces donn\u00e9es sont utilis\u00e9es dans le seul but d'obtenir des informations statistiques anonymes sur l'utilisation du site Internet ou de contr\u00f4ler son fonctionnement technique sp\u00e9cifique et sont supprim\u00e9es imm\u00e9diatement apr\u00e8s leur \u00e9laboration.<\/p>\n<p style=\"text-align: justify;\">En aucun cas les cookies ne sont utilis\u00e9s pour acqu\u00e9rir des donn\u00e9es d'identification personnelles de l'utilisateur, ni ses adresses IP ne sont enregistr\u00e9es.<\/p>\n<p style=\"text-align: justify;\">Cette politique de confidentialit\u00e9 s'applique uniquement \u00e0 cette page Web et n'est pas garantie pour l'acc\u00e8s via des liens vers d'autres pages Web.<\/p>\n<p style=\"text-align: justify;\"><strong>Politique d'usage<\/strong><\/p>\n<p style=\"text-align: justify;\">Tous les droits sont r\u00e9serv\u00e9s. Tout acc\u00e8s \u00e0 ce site reste soumis aux conditions suivantes :<\/p>\n<p style=\"text-align: justify;\">Le Gouvernement d'Andorre n'est pas responsable des dommages caus\u00e9s par l'acc\u00e8s au site Web ou l'impossibilit\u00e9 d'y acc\u00e9der, ni des informations obtenues via des liens vers des syst\u00e8mes externes qui ne d\u00e9pendent pas du Gouvernement.<br \/>\nSeule l'utilisation personnelle des images et des fichiers t\u00e9l\u00e9chargeables sur le Web est autoris\u00e9e. Son utilisation commerciale n'est pas autoris\u00e9e. La modification du site Web ou de son contenu n'est pas autoris\u00e9e.<\/p>\n<p style=\"text-align: justify;\">Cette politique de confidentialit\u00e9 s'applique uniquement \u00e0 cette page Web et n'est pas garantie pour l'acc\u00e8s via des liens vers d'autres pages Web.<\/p>\n<p style=\"text-align: justify;\">Gouvernement d&#039;Andorre<br \/>\nRue Prat de la Creu, 62-64<br \/>\nAD500 Andorre la Vieille<br \/>\nPrincipaut\u00e9 d&#039;Andorre<br \/>\nT\u00e9l\u00e9phone +376 875 700<\/p>","protected":false},"excerpt":{"rendered":"<p>Av\u00eds legal www.mountainlikers.com\u00a0\u00e9s un domini d&#8217;Internet de titularitat del Govern d&#8217;Andorra. L&#8217;acc\u00e9s a aquest p\u00e0gina web i a la informaci\u00f3 continguda comporta&#8230;<\/p>","protected":false},"author":1,"featured_media":0,"parent":0,"menu_order":0,"comment_status":"closed","ping_status":"closed","template":"","meta":{"footnotes":""},"class_list":["post-2205","page","type-page","status-publish","hentry"],"yoast_head":"<!-- This site is optimized with the Yoast SEO Premium plugin v26.3 (Yoast SEO v27.2) - https:\/\/yoast.com\/product\/yoast-seo-premium-wordpress\/ -->\n<title>termes i condicions - Mountainlikers<\/title>\n<meta name=\"robots\" content=\"index, follow, max-snippet:-1, max-image-preview:large, max-video-preview:-1\" \/>\n<link rel=\"canonical\" href=\"https:\/\/mountainlikers.com\/fr\/termes-i-condicions\/\" \/>\n<meta property=\"og:locale\" content=\"fr_FR\" \/>\n<meta property=\"og:type\" content=\"article\" \/>\n<meta property=\"og:title\" content=\"termes i condicions\" \/>\n<meta property=\"og:description\" content=\"Av\u00eds legal www.mountainlikers.com\u00a0\u00e9s un domini d&#8217;Internet de titularitat del Govern d&#8217;Andorra. L&#8217;acc\u00e9s a aquest p\u00e0gina web i a la informaci\u00f3 continguda comporta...\" \/>\n<meta property=\"og:url\" content=\"https:\/\/mountainlikers.com\/fr\/termes-i-condicions\/\" \/>\n<meta property=\"og:site_name\" content=\"Mountainlikers\" \/>\n<meta property=\"article:publisher\" content=\"https:\/\/www.facebook.com\/mountainlikers\/\" \/>\n<meta property=\"article:modified_time\" content=\"2022-01-12T11:02:39+00:00\" \/>\n<meta name=\"twitter:card\" content=\"summary_large_image\" \/>\n<meta name=\"twitter:site\" content=\"@mountainlikers\" \/>\n<meta name=\"twitter:label1\" content=\"Dur\u00e9e de lecture estim\u00e9e\" \/>\n\t<meta name=\"twitter:data1\" content=\"3 minutes\" \/>\n<script type=\"application\/ld+json\" class=\"yoast-schema-graph\">{\"@context\":\"https:\/\/schema.org\",\"@graph\":[{\"@type\":\"WebPage\",\"@id\":\"https:\/\/mountainlikers.com\/termes-i-condicions\/\",\"url\":\"https:\/\/mountainlikers.com\/termes-i-condicions\/\",\"name\":\"termes i condicions - Mountainlikers\",\"isPartOf\":{\"@id\":\"https:\/\/mountainlikers.com\/en\/#website\"},\"datePublished\":\"2017-11-15T07:03:35+00:00\",\"dateModified\":\"2022-01-12T11:02:39+00:00\",\"breadcrumb\":{\"@id\":\"https:\/\/mountainlikers.com\/termes-i-condicions\/#breadcrumb\"},\"inLanguage\":\"fr-FR\",\"potentialAction\":[{\"@type\":\"ReadAction\",\"target\":[\"https:\/\/mountainlikers.com\/termes-i-condicions\/\"]}]},{\"@type\":\"BreadcrumbList\",\"@id\":\"https:\/\/mountainlikers.com\/termes-i-condicions\/#breadcrumb\",\"itemListElement\":[{\"@type\":\"ListItem\",\"position\":1,\"name\":\"Inici\",\"item\":\"https:\/\/mountainlikers.com\/\"},{\"@type\":\"ListItem\",\"position\":2,\"name\":\"termes i condicions\"}]},{\"@type\":\"WebSite\",\"@id\":\"https:\/\/mountainlikers.com\/en\/#website\",\"url\":\"https:\/\/mountainlikers.com\/en\/\",\"name\":\"Mountainlikers\",\"description\":\"Congr\u00e9s Mundial de Turisme de Neu i Muntanya 2026\",\"publisher\":{\"@id\":\"https:\/\/mountainlikers.com\/en\/#organization\"},\"potentialAction\":[{\"@type\":\"SearchAction\",\"target\":{\"@type\":\"EntryPoint\",\"urlTemplate\":\"https:\/\/mountainlikers.com\/en\/?s={search_term_string}\"},\"query-input\":{\"@type\":\"PropertyValueSpecification\",\"valueRequired\":true,\"valueName\":\"search_term_string\"}}],\"inLanguage\":\"fr-FR\"},{\"@type\":\"Organization\",\"@id\":\"https:\/\/mountainlikers.com\/en\/#organization\",\"name\":\"Mountainlikers\",\"url\":\"https:\/\/mountainlikers.com\/en\/\",\"logo\":{\"@type\":\"ImageObject\",\"inLanguage\":\"fr-FR\",\"@id\":\"https:\/\/mountainlikers.com\/en\/#\/schema\/logo\/image\/\",\"url\":\"https:\/\/mountainlikers.com\/wp-content\/uploads\/2025\/09\/MountainLikers-logo25-26.png\",\"contentUrl\":\"https:\/\/mountainlikers.com\/wp-content\/uploads\/2025\/09\/MountainLikers-logo25-26.png\",\"width\":1221,\"height\":942,\"caption\":\"Mountainlikers\"},\"image\":{\"@id\":\"https:\/\/mountainlikers.com\/en\/#\/schema\/logo\/image\/\"},\"sameAs\":[\"https:\/\/www.facebook.com\/mountainlikers\/\",\"https:\/\/x.com\/mountainlikers\",\"https:\/\/www.instagram.com\/mountainlikers\/\",\"https:\/\/www.youtube.com\/user\/mountainlikers\"]}]}<\/script>\n<!-- \/ Yoast SEO Premium plugin. -->","yoast_head_json":{"title":"Conditions g\u00e9n\u00e9rales - Mountainlikers","robots":{"index":"index","follow":"follow","max-snippet":"max-snippet:-1","max-image-preview":"max-image-preview:large","max-video-preview":"max-video-preview:-1"},"canonical":"https:\/\/mountainlikers.com\/fr\/termes-i-condicions\/","og_locale":"fr_FR","og_type":"article","og_title":"termes i condicions","og_description":"Av\u00eds legal www.mountainlikers.com\u00a0\u00e9s un domini d&#8217;Internet de titularitat del Govern d&#8217;Andorra. L&#8217;acc\u00e9s a aquest p\u00e0gina web i a la informaci\u00f3 continguda comporta...","og_url":"https:\/\/mountainlikers.com\/fr\/termes-i-condicions\/","og_site_name":"Mountainlikers","article_publisher":"https:\/\/www.facebook.com\/mountainlikers\/","article_modified_time":"2022-01-12T11:02:39+00:00","twitter_card":"summary_large_image","twitter_site":"@mountainlikers","twitter_misc":{"Dur\u00e9e de lecture estim\u00e9e":"3 minutes"},"schema":{"@context":"https:\/\/schema.org","@graph":[{"@type":"WebPage","@id":"https:\/\/mountainlikers.com\/termes-i-condicions\/","url":"https:\/\/mountainlikers.com\/termes-i-condicions\/","name":"Conditions g\u00e9n\u00e9rales - Mountainlikers","isPartOf":{"@id":"https:\/\/mountainlikers.com\/en\/#website"},"datePublished":"2017-11-15T07:03:35+00:00","dateModified":"2022-01-12T11:02:39+00:00","breadcrumb":{"@id":"https:\/\/mountainlikers.com\/termes-i-condicions\/#breadcrumb"},"inLanguage":"fr-FR","potentialAction":[{"@type":"ReadAction","target":["https:\/\/mountainlikers.com\/termes-i-condicions\/"]}]},{"@type":"BreadcrumbList","@id":"https:\/\/mountainlikers.com\/termes-i-condicions\/#breadcrumb","itemListElement":[{"@type":"ListItem","position":1,"name":"Inici","item":"https:\/\/mountainlikers.com\/"},{"@type":"ListItem","position":2,"name":"termes i condicions"}]},{"@type":"WebSite","@id":"https:\/\/mountainlikers.com\/en\/#website","url":"https:\/\/mountainlikers.com\/en\/","name":"Les amoureux de la montagne","description":"Congr\u00e8s mondial du tourisme de neige et de montagne 2026","publisher":{"@id":"https:\/\/mountainlikers.com\/en\/#organization"},"potentialAction":[{"@type":"SearchAction","target":{"@type":"EntryPoint","urlTemplate":"https:\/\/mountainlikers.com\/en\/?s={search_term_string}"},"query-input":{"@type":"PropertyValueSpecification","valueRequired":true,"valueName":"search_term_string"}}],"inLanguage":"fr-FR"},{"@type":"Organization","@id":"https:\/\/mountainlikers.com\/en\/#organization","name":"Les amoureux de la montagne","url":"https:\/\/mountainlikers.com\/en\/","logo":{"@type":"ImageObject","inLanguage":"fr-FR","@id":"https:\/\/mountainlikers.com\/en\/#\/schema\/logo\/image\/","url":"https:\/\/mountainlikers.com\/wp-content\/uploads\/2025\/09\/MountainLikers-logo25-26.png","contentUrl":"https:\/\/mountainlikers.com\/wp-content\/uploads\/2025\/09\/MountainLikers-logo25-26.png","width":1221,"height":942,"caption":"Mountainlikers"},"image":{"@id":"https:\/\/mountainlikers.com\/en\/#\/schema\/logo\/image\/"},"sameAs":["https:\/\/www.facebook.com\/mountainlikers\/","https:\/\/x.com\/mountainlikers","https:\/\/www.instagram.com\/mountainlikers\/","https:\/\/www.youtube.com\/user\/mountainlikers"]}]}},"_links":{"self":[{"href":"https:\/\/mountainlikers.com\/fr\/wp-json\/wp\/v2\/pages\/2205","targetHints":{"allow":["GET"]}}],"collection":[{"href":"https:\/\/mountainlikers.com\/fr\/wp-json\/wp\/v2\/pages"}],"about":[{"href":"https:\/\/mountainlikers.com\/fr\/wp-json\/wp\/v2\/types\/page"}],"author":[{"embeddable":true,"href":"https:\/\/mountainlikers.com\/fr\/wp-json\/wp\/v2\/users\/1"}],"replies":[{"embeddable":true,"href":"https:\/\/mountainlikers.com\/fr\/wp-json\/wp\/v2\/comments?post=2205"}],"version-history":[{"count":2,"href":"https:\/\/mountainlikers.com\/fr\/wp-json\/wp\/v2\/pages\/2205\/revisions"}],"predecessor-version":[{"id":10984,"href":"https:\/\/mountainlikers.com\/fr\/wp-json\/wp\/v2\/pages\/2205\/revisions\/10984"}],"wp:attachment":[{"href":"https:\/\/mountainlikers.com\/fr\/wp-json\/wp\/v2\/media?parent=2205"}],"curies":[{"name":"wp","href":"https:\/\/api.w.org\/{rel}","templated":true}]}}