{"id":170,"date":"2018-10-02T07:10:05","date_gmt":"2018-10-02T07:10:05","guid":{"rendered":"http:\/\/192.168.0.130\/eventsia\/?page_id=170"},"modified":"2021-10-05T16:34:28","modified_gmt":"2021-10-05T15:34:28","slug":"registration","status":"publish","type":"page","link":"https:\/\/mountainlikers.com\/fr\/registration\/","title":{"rendered":"Inscription"},"content":{"rendered":"<div data-elementor-type=\"wp-page\" data-elementor-id=\"170\" class=\"elementor elementor-170\" data-elementor-post-type=\"page\">\n\t\t\t\t\t\t<section data-particle_enable=\"false\" data-particle-mobile-disabled=\"false\" class=\"elementor-section elementor-top-section elementor-element elementor-element-cb77893 elementor-section-stretched elementor-section-boxed elementor-section-height-default elementor-section-height-default\" data-id=\"cb77893\" data-element_type=\"section\" data-e-type=\"section\" data-settings=\"{&quot;stretch_section&quot;:&quot;section-stretched&quot;,&quot;background_background&quot;:&quot;classic&quot;}\">\n\t\t\t\t\t\t<div class=\"elementor-container elementor-column-gap-default\">\n\t\t\t\t\t<div class=\"elementor-column elementor-col-33 elementor-top-column elementor-element elementor-element-d752976\" data-id=\"d752976\" data-element_type=\"column\" data-e-type=\"column\">\n\t\t\t<div class=\"elementor-widget-wrap elementor-element-populated\">\n\t\t\t\t\t\t<div class=\"elementor-element elementor-element-47ce51e elementor-widget elementor-widget-rs-image\" data-id=\"47ce51e\" data-element_type=\"widget\" data-e-type=\"widget\" data-widget_type=\"rs-image.default\">\n\t\t\t\t<div class=\"elementor-widget-container\">\n\t\t\t\t\t\n        <div class=\"rs-image no\">\n                            <img decoding=\"async\" class=\"rs-multi-image\" src=\"http:\/\/rstheme.com\/products\/wordpress\/eventeo-elementor\/wp-content\/uploads\/2018\/10\/regestration-1.png\" alt=\"Image\"\/>\n                    <\/div>\n\n\n            \t\t\t\t<\/div>\n\t\t\t\t<\/div>\n\t\t\t\t\t<\/div>\n\t\t<\/div>\n\t\t\t\t<div class=\"elementor-column elementor-col-66 elementor-top-column elementor-element elementor-element-8574c33\" data-id=\"8574c33\" data-element_type=\"column\" data-e-type=\"column\">\n\t\t\t<div class=\"elementor-widget-wrap elementor-element-populated\">\n\t\t\t\t\t\t<div class=\"elementor-element elementor-element-8a609fc elementor-widget elementor-widget-rs-cf7\" data-id=\"8a609fc\" data-element_type=\"widget\" data-e-type=\"widget\" data-widget_type=\"rs-cf7.default\">\n\t\t\t\t<div class=\"elementor-widget-container\">\n\t\t\t\t\t\n<div class=\"wpcf7 no-js\" id=\"wpcf7-f173-o1\" lang=\"en-US\" dir=\"ltr\" data-wpcf7-id=\"173\">\n<div class=\"screen-reader-response\"><p role=\"status\" aria-live=\"polite\" aria-atomic=\"true\"><\/p> <ul><\/ul><\/div>\n<form action=\"\/fr\/wp-json\/wp\/v2\/pages\/170#wpcf7-f173-o1\" method=\"post\" class=\"wpcf7-form init\" aria-label=\"Formulaire de contact\" novalidate=\"novalidate\" data-status=\"init\" data-trp-original-action=\"\/fr\/wp-json\/wp\/v2\/pages\/170#wpcf7-f173-o1\">\n<fieldset class=\"hidden-fields-container\"><input type=\"hidden\" name=\"_wpcf7\" value=\"173\" \/><input type=\"hidden\" name=\"_wpcf7_version\" value=\"6.1.5\" \/><input type=\"hidden\" name=\"_wpcf7_locale\" value=\"en_US\" \/><input type=\"hidden\" name=\"_wpcf7_unit_tag\" value=\"wpcf7-f173-o1\" \/><input type=\"hidden\" name=\"_wpcf7_container_post\" value=\"0\" \/><input type=\"hidden\" name=\"_wpcf7_posted_data_hash\" value=\"\" \/>\n<\/fieldset>\n<div class=\"contact-form registration-form\">\n\t<div class=\"form-field\">\n\t\t<p><span class=\"wpcf7-form-control-wrap\" data-name=\"your-name\"><input size=\"40\" maxlength=\"400\" class=\"wpcf7-form-control wpcf7-text wpcf7-validates-as-required\" aria-required=\"true\" aria-invalid=\"false\" placeholder=\"Pr\u00e9nom*\" value=\"\" type=\"text\" name=\"your-name\" \/><\/span>\n\t\t<\/p>\n\t<\/div>\n\t<div class=\"form-field\">\n\t\t<p><span class=\"wpcf7-form-control-wrap\" data-name=\"last-name\"><input size=\"40\" maxlength=\"400\" class=\"wpcf7-form-control wpcf7-text\" aria-invalid=\"false\" placeholder=\"Nom de famille\" value=\"\" type=\"text\" name=\"last-name\" \/><\/span>\n\t\t<\/p>\n\t<\/div>\n\t<div class=\"form-field\">\n\t\t<p><span class=\"wpcf7-form-control-wrap\" data-name=\"your-email\"><input size=\"40\" maxlength=\"400\" class=\"wpcf7-form-control wpcf7-email wpcf7-validates-as-required wpcf7-text wpcf7-validates-as-email\" aria-required=\"true\" aria-invalid=\"false\" placeholder=\"Adresse email*\" value=\"\" type=\"email\" name=\"your-email\" \/><\/span>\n\t\t<\/p>\n\t<\/div>\n\t<div class=\"form-field\">\n\t\t<p><span class=\"wpcf7-form-control-wrap\" data-name=\"number-seat\"><input size=\"40\" maxlength=\"400\" class=\"wpcf7-form-control wpcf7-text\" aria-invalid=\"false\" placeholder=\"Nombre de si\u00e8ges\" value=\"\" type=\"text\" name=\"number-seat\" \/><\/span>\n\t\t<\/p>\n\t<\/div>\n\t<div class=\"form-field\">\n\t\t<p><span class=\"wpcf7-form-control-wrap\" data-name=\"events-time\"><input size=\"40\" maxlength=\"400\" class=\"wpcf7-form-control wpcf7-text\" aria-invalid=\"false\" placeholder=\"\u00c9v\u00e9nements\" value=\"\" type=\"text\" name=\"events-time\" \/><\/span>\n\t\t<\/p>\n\t<\/div>\n\t<div class=\"form-field\">\n\t\t<p><span class=\"wpcf7-form-control-wrap\" data-name=\"phone-number\"><input size=\"40\" maxlength=\"400\" class=\"wpcf7-form-control wpcf7-text\" aria-invalid=\"false\" placeholder=\"Num\u00e9ro de t\u00e9l\u00e9phone\" value=\"\" type=\"text\" name=\"phone-number\" \/><\/span>\n\t\t<\/p>\n\t<\/div>\n\t<div class=\"form-field\">\n\t\t<p><span class=\"wpcf7-form-control-wrap\" data-name=\"select-menu\"><select class=\"wpcf7-form-control wpcf7-select\" aria-invalid=\"false\" name=\"select-menu\"><option value=\"Choice a plan\">Choix du forfait<\/option><option value=\"Silver $50\">Argent $50<\/option><option value=\"Gold $300\">Or $300<\/option><option value=\"Platinum $450\">Platine $450<\/option><\/select><\/span>\n\t\t<\/p>\n\t<\/div>\n\t<div class=\"form-button\">\n\t\t<p><input class=\"wpcf7-form-control wpcf7-submit has-spinner\" type=\"submit\" value=\"Inscrivez-vous maintenant\" \/>\n\t\t<\/p>\n\t<\/div>\n<\/div><p style=\"display: none !important;\" class=\"akismet-fields-container\" data-prefix=\"_wpcf7_ak_\"><label>\u0394<textarea name=\"_wpcf7_ak_hp_textarea\" cols=\"45\" rows=\"8\" maxlength=\"100\"><\/textarea><\/label><input type=\"hidden\" id=\"ak_js_1\" name=\"_wpcf7_ak_js\" value=\"139\"\/><script>document.getElementById( \"ak_js_1\" ).setAttribute( \"value\", ( new Date() ).getTime() );<\/script><\/p><div class=\"wpcf7-response-output\" aria-hidden=\"true\"><\/div>\n<input type=\"hidden\" name=\"trp-form-language\" value=\"fr\"\/><\/form>\n<\/div>\n\t\t\t\t<\/div>\n\t\t\t\t<\/div>\n\t\t\t\t\t<\/div>\n\t\t<\/div>\n\t\t\t\t\t<\/div>\n\t\t<\/section>\n\t\t\t\t<\/div>","protected":false},"excerpt":{"rendered":"<p>Choisissez un forfait Argent 1 TP 4 T 50 Or 1 TP 4 T 300 Platine 1 TP 4 T 450<\/p>","protected":false},"author":1,"featured_media":0,"parent":0,"menu_order":0,"comment_status":"closed","ping_status":"closed","template":"","meta":{"footnotes":""},"class_list":["post-170","page","type-page","status-publish","hentry"],"yoast_head":"<!-- This site is optimized with the Yoast SEO Premium plugin v26.3 (Yoast SEO v27.2) - https:\/\/yoast.com\/product\/yoast-seo-premium-wordpress\/ -->\n<title>Registration - Mountainlikers<\/title>\n<meta name=\"robots\" content=\"index, follow, max-snippet:-1, max-image-preview:large, max-video-preview:-1\" \/>\n<link rel=\"canonical\" href=\"https:\/\/mountainlikers.com\/fr\/registration\/\" \/>\n<meta property=\"og:locale\" content=\"fr_FR\" \/>\n<meta property=\"og:type\" content=\"article\" \/>\n<meta property=\"og:title\" content=\"Registration\" \/>\n<meta property=\"og:description\" content=\"Choice a planSilver $50Gold $300Platinum $450\" \/>\n<meta property=\"og:url\" content=\"https:\/\/mountainlikers.com\/fr\/registration\/\" \/>\n<meta property=\"og:site_name\" content=\"Mountainlikers\" \/>\n<meta property=\"article:publisher\" content=\"https:\/\/www.facebook.com\/mountainlikers\/\" \/>\n<meta property=\"article:modified_time\" content=\"2021-10-05T15:34:28+00:00\" \/>\n<meta property=\"og:image\" content=\"https:\/\/mountainlikers.com\/wp-content\/uploads\/2018\/10\/regestration-1-1.png\" \/>\n<meta name=\"twitter:card\" content=\"summary_large_image\" \/>\n<meta name=\"twitter:site\" content=\"@mountainlikers\" \/>\n<script type=\"application\/ld+json\" class=\"yoast-schema-graph\">{\"@context\":\"https:\/\/schema.org\",\"@graph\":[{\"@type\":\"WebPage\",\"@id\":\"https:\/\/mountainlikers.com\/registration\/\",\"url\":\"https:\/\/mountainlikers.com\/registration\/\",\"name\":\"Registration - Mountainlikers\",\"isPartOf\":{\"@id\":\"https:\/\/mountainlikers.com\/en\/#website\"},\"primaryImageOfPage\":{\"@id\":\"https:\/\/mountainlikers.com\/registration\/#primaryimage\"},\"image\":{\"@id\":\"https:\/\/mountainlikers.com\/registration\/#primaryimage\"},\"thumbnailUrl\":\"https:\/\/mountainlikers.com\/wp-content\/uploads\/2018\/10\/regestration-1-1.png\",\"datePublished\":\"2018-10-02T07:10:05+00:00\",\"dateModified\":\"2021-10-05T15:34:28+00:00\",\"breadcrumb\":{\"@id\":\"https:\/\/mountainlikers.com\/registration\/#breadcrumb\"},\"inLanguage\":\"fr-FR\",\"potentialAction\":[{\"@type\":\"ReadAction\",\"target\":[\"https:\/\/mountainlikers.com\/registration\/\"]}]},{\"@type\":\"ImageObject\",\"inLanguage\":\"fr-FR\",\"@id\":\"https:\/\/mountainlikers.com\/registration\/#primaryimage\",\"url\":\"https:\/\/mountainlikers.com\/wp-content\/uploads\/2018\/10\/regestration-1-1.png\",\"contentUrl\":\"https:\/\/mountainlikers.com\/wp-content\/uploads\/2018\/10\/regestration-1-1.png\"},{\"@type\":\"BreadcrumbList\",\"@id\":\"https:\/\/mountainlikers.com\/registration\/#breadcrumb\",\"itemListElement\":[{\"@type\":\"ListItem\",\"position\":1,\"name\":\"Inici\",\"item\":\"https:\/\/mountainlikers.com\/\"},{\"@type\":\"ListItem\",\"position\":2,\"name\":\"Registration\"}]},{\"@type\":\"WebSite\",\"@id\":\"https:\/\/mountainlikers.com\/en\/#website\",\"url\":\"https:\/\/mountainlikers.com\/en\/\",\"name\":\"Mountainlikers\",\"description\":\"Congr\u00e9s Mundial de Turisme de Neu i Muntanya 2026\",\"publisher\":{\"@id\":\"https:\/\/mountainlikers.com\/en\/#organization\"},\"potentialAction\":[{\"@type\":\"SearchAction\",\"target\":{\"@type\":\"EntryPoint\",\"urlTemplate\":\"https:\/\/mountainlikers.com\/en\/?s={search_term_string}\"},\"query-input\":{\"@type\":\"PropertyValueSpecification\",\"valueRequired\":true,\"valueName\":\"search_term_string\"}}],\"inLanguage\":\"fr-FR\"},{\"@type\":\"Organization\",\"@id\":\"https:\/\/mountainlikers.com\/en\/#organization\",\"name\":\"Mountainlikers\",\"url\":\"https:\/\/mountainlikers.com\/en\/\",\"logo\":{\"@type\":\"ImageObject\",\"inLanguage\":\"fr-FR\",\"@id\":\"https:\/\/mountainlikers.com\/en\/#\/schema\/logo\/image\/\",\"url\":\"https:\/\/mountainlikers.com\/wp-content\/uploads\/2025\/09\/MountainLikers-logo25-26.png\",\"contentUrl\":\"https:\/\/mountainlikers.com\/wp-content\/uploads\/2025\/09\/MountainLikers-logo25-26.png\",\"width\":1221,\"height\":942,\"caption\":\"Mountainlikers\"},\"image\":{\"@id\":\"https:\/\/mountainlikers.com\/en\/#\/schema\/logo\/image\/\"},\"sameAs\":[\"https:\/\/www.facebook.com\/mountainlikers\/\",\"https:\/\/x.com\/mountainlikers\",\"https:\/\/www.instagram.com\/mountainlikers\/\",\"https:\/\/www.youtube.com\/user\/mountainlikers\"]}]}<\/script>\n<!-- \/ Yoast SEO Premium plugin. -->","yoast_head_json":{"title":"Inscription - Mountainlikers","robots":{"index":"index","follow":"follow","max-snippet":"max-snippet:-1","max-image-preview":"max-image-preview:large","max-video-preview":"max-video-preview:-1"},"canonical":"https:\/\/mountainlikers.com\/fr\/registration\/","og_locale":"fr_FR","og_type":"article","og_title":"Registration","og_description":"Choice a planSilver $50Gold $300Platinum $450","og_url":"https:\/\/mountainlikers.com\/fr\/registration\/","og_site_name":"Mountainlikers","article_publisher":"https:\/\/www.facebook.com\/mountainlikers\/","article_modified_time":"2021-10-05T15:34:28+00:00","og_image":[{"url":"https:\/\/mountainlikers.com\/wp-content\/uploads\/2018\/10\/regestration-1-1.png","type":"","width":"","height":""}],"twitter_card":"summary_large_image","twitter_site":"@mountainlikers","schema":{"@context":"https:\/\/schema.org","@graph":[{"@type":"WebPage","@id":"https:\/\/mountainlikers.com\/registration\/","url":"https:\/\/mountainlikers.com\/registration\/","name":"Inscription - Mountainlikers","isPartOf":{"@id":"https:\/\/mountainlikers.com\/en\/#website"},"primaryImageOfPage":{"@id":"https:\/\/mountainlikers.com\/registration\/#primaryimage"},"image":{"@id":"https:\/\/mountainlikers.com\/registration\/#primaryimage"},"thumbnailUrl":"https:\/\/mountainlikers.com\/wp-content\/uploads\/2018\/10\/regestration-1-1.png","datePublished":"2018-10-02T07:10:05+00:00","dateModified":"2021-10-05T15:34:28+00:00","breadcrumb":{"@id":"https:\/\/mountainlikers.com\/registration\/#breadcrumb"},"inLanguage":"fr-FR","potentialAction":[{"@type":"ReadAction","target":["https:\/\/mountainlikers.com\/registration\/"]}]},{"@type":"ImageObject","inLanguage":"fr-FR","@id":"https:\/\/mountainlikers.com\/registration\/#primaryimage","url":"https:\/\/mountainlikers.com\/wp-content\/uploads\/2018\/10\/regestration-1-1.png","contentUrl":"https:\/\/mountainlikers.com\/wp-content\/uploads\/2018\/10\/regestration-1-1.png"},{"@type":"BreadcrumbList","@id":"https:\/\/mountainlikers.com\/registration\/#breadcrumb","itemListElement":[{"@type":"ListItem","position":1,"name":"Inici","item":"https:\/\/mountainlikers.com\/"},{"@type":"ListItem","position":2,"name":"Registration"}]},{"@type":"WebSite","@id":"https:\/\/mountainlikers.com\/en\/#website","url":"https:\/\/mountainlikers.com\/en\/","name":"Les amoureux de la montagne","description":"Congr\u00e8s mondial du tourisme de neige et de montagne 2026","publisher":{"@id":"https:\/\/mountainlikers.com\/en\/#organization"},"potentialAction":[{"@type":"SearchAction","target":{"@type":"EntryPoint","urlTemplate":"https:\/\/mountainlikers.com\/en\/?s={search_term_string}"},"query-input":{"@type":"PropertyValueSpecification","valueRequired":true,"valueName":"search_term_string"}}],"inLanguage":"fr-FR"},{"@type":"Organization","@id":"https:\/\/mountainlikers.com\/en\/#organization","name":"Les amoureux de la montagne","url":"https:\/\/mountainlikers.com\/en\/","logo":{"@type":"ImageObject","inLanguage":"fr-FR","@id":"https:\/\/mountainlikers.com\/en\/#\/schema\/logo\/image\/","url":"https:\/\/mountainlikers.com\/wp-content\/uploads\/2025\/09\/MountainLikers-logo25-26.png","contentUrl":"https:\/\/mountainlikers.com\/wp-content\/uploads\/2025\/09\/MountainLikers-logo25-26.png","width":1221,"height":942,"caption":"Mountainlikers"},"image":{"@id":"https:\/\/mountainlikers.com\/en\/#\/schema\/logo\/image\/"},"sameAs":["https:\/\/www.facebook.com\/mountainlikers\/","https:\/\/x.com\/mountainlikers","https:\/\/www.instagram.com\/mountainlikers\/","https:\/\/www.youtube.com\/user\/mountainlikers"]}]}},"_links":{"self":[{"href":"https:\/\/mountainlikers.com\/fr\/wp-json\/wp\/v2\/pages\/170","targetHints":{"allow":["GET"]}}],"collection":[{"href":"https:\/\/mountainlikers.com\/fr\/wp-json\/wp\/v2\/pages"}],"about":[{"href":"https:\/\/mountainlikers.com\/fr\/wp-json\/wp\/v2\/types\/page"}],"author":[{"embeddable":true,"href":"https:\/\/mountainlikers.com\/fr\/wp-json\/wp\/v2\/users\/1"}],"replies":[{"embeddable":true,"href":"https:\/\/mountainlikers.com\/fr\/wp-json\/wp\/v2\/comments?post=170"}],"version-history":[{"count":0,"href":"https:\/\/mountainlikers.com\/fr\/wp-json\/wp\/v2\/pages\/170\/revisions"}],"wp:attachment":[{"href":"https:\/\/mountainlikers.com\/fr\/wp-json\/wp\/v2\/media?parent=170"}],"curies":[{"name":"wp","href":"https:\/\/api.w.org\/{rel}","templated":true}]}}