{"id":13435,"date":"2024-02-20T17:23:02","date_gmt":"2024-02-20T16:23:02","guid":{"rendered":"https:\/\/mountainlikers.com\/?page_id=13435"},"modified":"2024-02-21T10:35:19","modified_gmt":"2024-02-21T09:35:19","slug":"salutacio-consol-major-dencamp","status":"publish","type":"page","link":"https:\/\/mountainlikers.com\/fr\/salutacio-consol-major-dencamp\/","title":{"rendered":"Salutations de la maire d'Encamp, Laura Mas Barrionuevo"},"content":{"rendered":"<div data-elementor-type=\"wp-page\" data-elementor-id=\"13435\" class=\"elementor elementor-13435\" data-elementor-post-type=\"page\">\n\t\t\t\t\t\t<section data-particle_enable=\"false\" data-particle-mobile-disabled=\"false\" class=\"elementor-section elementor-top-section elementor-element elementor-element-f1d01d2 elementor-section-stretched elementor-section-content-middle elementor-hidden-tablet elementor-section-boxed elementor-section-height-default elementor-section-height-default\" data-id=\"f1d01d2\" data-element_type=\"section\" data-e-type=\"section\" data-settings=\"{&quot;stretch_section&quot;:&quot;section-stretched&quot;,&quot;background_background&quot;:&quot;classic&quot;}\">\n\t\t\t\t\t\t<div class=\"elementor-container elementor-column-gap-default\">\n\t\t\t\t\t<div class=\"elementor-column elementor-col-100 elementor-top-column elementor-element elementor-element-9881fdb\" data-id=\"9881fdb\" data-element_type=\"column\" data-e-type=\"column\">\n\t\t\t<div class=\"elementor-widget-wrap elementor-element-populated\">\n\t\t\t\t\t\t<div class=\"elementor-element elementor-element-f36570b elementor-widget elementor-widget-image\" data-id=\"f36570b\" data-element_type=\"widget\" data-e-type=\"widget\" data-widget_type=\"image.default\">\n\t\t\t\t<div class=\"elementor-widget-container\">\n\t\t\t\t\t\t\t\t\t\t\t\t\t\t\t<img loading=\"lazy\" decoding=\"async\" width=\"1707\" height=\"2560\" src=\"https:\/\/mountainlikers.com\/wp-content\/uploads\/2024\/02\/DSC03660-min-scaled.jpg\" class=\"attachment-full size-full wp-image-13434\" alt=\"\" srcset=\"https:\/\/mountainlikers.com\/wp-content\/uploads\/2024\/02\/DSC03660-min-scaled.jpg 1707w, https:\/\/mountainlikers.com\/wp-content\/uploads\/2024\/02\/DSC03660-min-scaled-600x900.jpg 600w, https:\/\/mountainlikers.com\/wp-content\/uploads\/2024\/02\/DSC03660-min-scaled-800x1200.jpg 800w, https:\/\/mountainlikers.com\/wp-content\/uploads\/2024\/02\/DSC03660-min-200x300.jpg 200w, https:\/\/mountainlikers.com\/wp-content\/uploads\/2024\/02\/DSC03660-min-683x1024.jpg 683w, https:\/\/mountainlikers.com\/wp-content\/uploads\/2024\/02\/DSC03660-min-768x1152.jpg 768w, https:\/\/mountainlikers.com\/wp-content\/uploads\/2024\/02\/DSC03660-min-1024x1536.jpg 1024w, https:\/\/mountainlikers.com\/wp-content\/uploads\/2024\/02\/DSC03660-min-1365x2048.jpg 1365w, https:\/\/mountainlikers.com\/wp-content\/uploads\/2024\/02\/DSC03660-min-8x12.jpg 8w\" sizes=\"auto, (max-width: 1707px) 100vw, 1707px\" \/>\t\t\t\t\t\t\t\t\t\t\t\t\t\t\t<\/div>\n\t\t\t\t<\/div>\n\t\t\t\t<div class=\"elementor-element elementor-element-5e40766 elementor-widget elementor-widget-rs-heading\" data-id=\"5e40766\" data-element_type=\"widget\" data-e-type=\"widget\" data-widget_type=\"rs-heading.default\">\n\t\t\t\t<div class=\"elementor-widget-container\">\n\t\t\t\t\t        <div class=\"rs-heading style9\">\r\n        \t<div class=\"title-inner\">\r\n        \t\t      \t\t\r\n\t            <span class=\"sub-text\">12E CONGR\u00c8S MONDIAL DU TOURISME DE NEIGE, MONTAGNE ET BIEN-\u00caTRE<\/span> <h2 class=\"title\"><span class=\"watermark\"><\/span>Salutations de la maire d'Encamp, Laura Mas Barrionuevo<\/h2><div class=\"title-img bottom-img\"><img decoding=\"async\" src=\"http:\/\/rstheme.com\/products\/wordpress\/eventeo-elementor\/wp-content\/uploads\/2020\/01\/aboutline_1.png\" \/><\/div>\t        <\/div>\r\n\t                <\/div>\r\n        \t\t\t\t<\/div>\n\t\t\t\t<\/div>\n\t\t\t\t<div class=\"elementor-element elementor-element-1151e1a elementor-widget elementor-widget-text-editor\" data-id=\"1151e1a\" data-element_type=\"widget\" data-e-type=\"widget\" data-widget_type=\"text-editor.default\">\n\t\t\t\t<div class=\"elementor-widget-container\">\n\t\t\t\t\t\t\t\t\t<p style=\"font-weight: 400;\">Cette ann\u00e9e, Encamp prend le relais et est la paroisse h\u00f4te du 12e Congr\u00e8s du tourisme de neige, montagne et bien-\u00eatre et je suis particuli\u00e8rement fi\u00e8re, en tant que maire, que ce soit lors de cette \u00e9dition, dont le th\u00e8me est la durabilit\u00e9 et le bien-\u00eatre. La p\u00e9rennit\u00e9 de notre paroisse et le bien-\u00eatre de nos touristes sont l'\u00e9pine dorsale de notre strat\u00e9gie touristique. Une paroisse o\u00f9 les villes d'Encamp et du Pas de la Case vivent et profitent d\u2019un environnement de nature, de montagnes et de paysages qui constituent l'une de nos principales attractions touristiques.<\/p><p style=\"font-weight: 400;\">\u00c0 Encamp, nous sommes clairs sur le fait que les ressources naturelles ne sont pas infinies, que nous devons en faire une utilisation optimale et en prendre soin, parce qu'elles sont un \u00e9l\u00e9ment fondamental de la durabilit\u00e9 de notre paroisse et de notre pays. La mairie participe \u00e0 la conservation de notre patrimoine naturel. Les montagnes qui entourent Encamp et le Pas de la Case, la neige, l'eau, les sentiers, la flore et la faune sont les ressources environnementales qui composent notre diff\u00e9rentiel touristique. Nous sommes la paroisse qui accueille l'une des stations de ski et de montagne de r\u00e9f\u00e9rence du sud de l'Europe, o\u00f9 l\u2019on peut profiter toute l'ann\u00e9e de la nature et qui s'engage \u00e0 faire de la durabilit\u00e9 la cl\u00e9 de vo\u00fbte de son activit\u00e9. En hiver, nous sommes une r\u00e9f\u00e9rence internationale en mati\u00e8re de ski et en \u00e9t\u00e9, nous proposons une diversit\u00e9 d'activit\u00e9s qui allie sport, aventure et bien-\u00eatre. Le tissu \u00e9conomique et social de la paroisse s'oriente \u00e9galement dans cette direction, pour faire de la durabilit\u00e9 l\u2019un des axes du d\u00e9veloppement.<\/p><p style=\"font-weight: 400;\">Les touristes cherchent de plus en plus \u00e0 vivre et \u00e0 partager des exp\u00e9riences. Encamp est une destination qui s'est fait une place de choix dans le tourisme familial, de bien-\u00eatre et sportif. Tout au long de l'ann\u00e9e, \u00e9t\u00e9 comme hiver, nous organisons des \u00e9v\u00e9nements sportifs, professionnels et amateurs, o\u00f9 nous combinons les sports de plein air avec des exp\u00e9riences gastronomiques, de sant\u00e9, de repos, de loisirs et culturelles, car la culture explique en grande partie le patrimoine naturel, et nous sommes devenus une r\u00e9f\u00e9rence nationale et internationale en tant que destination de tourisme sportif, en particulier pour les sports en altitude. Nous proposons des itin\u00e9raires de VTT, de randonn\u00e9e, d'escalade et de via ferrata comme exemples d'exp\u00e9riences pour profiter de la nature qui s'ajoutent au large \u00e9ventail d\u2019activit\u00e9s que l'Andorre propose \u00e0 ses visiteurs.<\/p><p style=\"font-weight: 400;\">En outre, c'est pr\u00e9cis\u00e9ment le d\u00e9bat entre professionnels du secteur du tourisme sur la durabilit\u00e9 et le bien-\u00eatre dans le tourisme de montagne qui nous permettra d'analyser les forces et les faiblesses, les risques et le potentiel du tourisme de demain. Parmi les pr\u00e9sentations et les d\u00e9bats, des sujets tels que la pr\u00e9servation de l'environnement, les possibilit\u00e9s de l'IA, les produits touristiques \u00e9mergents ou encore la formation et la pr\u00e9paration des professionnels du secteur seront abord\u00e9s. Il est essentiel que les futurs professionnels re\u00e7oivent, en plus des connaissances traditionnelles en gestion du tourisme, une formation en durabilit\u00e9, en innovation ou en marketing num\u00e9rique. Cette formation int\u00e9gr\u00e9e par ces nouvelles disciplines contribue \u00e0 un mod\u00e8le de tourisme plus durable. L'engagement continu en faveur de la formation et de l'\u00e9change de connaissances pour apprendre des exp\u00e9riences d'autres destinations nous aidera \u00e0 continuer \u00e0 nous am\u00e9liorer et \u00e0 atteindre l'excellence dans nos territoires.<\/p><p style=\"font-weight: 400;\"><strong>Nous vous donnons rendez-vous du 20 au 22 mars 2024 \u00e0 Encamp.<\/strong><\/p>\t\t\t\t\t\t\t\t<\/div>\n\t\t\t\t<\/div>\n\t\t\t\t\t<\/div>\n\t\t<\/div>\n\t\t\t\t\t<\/div>\n\t\t<\/section>\n\t\t\t\t<section data-particle_enable=\"false\" data-particle-mobile-disabled=\"false\" class=\"elementor-section elementor-top-section elementor-element elementor-element-17e81e4 elementor-section-stretched elementor-section-boxed elementor-section-height-default elementor-section-height-default\" data-id=\"17e81e4\" data-element_type=\"section\" data-e-type=\"section\" data-settings=\"{&quot;stretch_section&quot;:&quot;section-stretched&quot;,&quot;background_background&quot;:&quot;classic&quot;}\">\n\t\t\t\t\t\t<div class=\"elementor-container elementor-column-gap-default\">\n\t\t\t\t\t<div class=\"elementor-column elementor-col-33 elementor-top-column elementor-element elementor-element-43fad95\" data-id=\"43fad95\" data-element_type=\"column\" data-e-type=\"column\">\n\t\t\t<div class=\"elementor-widget-wrap\">\n\t\t\t\t\t\t\t<\/div>\n\t\t<\/div>\n\t\t\t\t<div class=\"elementor-column elementor-col-33 elementor-top-column elementor-element elementor-element-7063f8a\" data-id=\"7063f8a\" data-element_type=\"column\" data-e-type=\"column\">\n\t\t\t<div class=\"elementor-widget-wrap\">\n\t\t\t\t\t\t\t<\/div>\n\t\t<\/div>\n\t\t\t\t<div class=\"elementor-column elementor-col-33 elementor-top-column elementor-element elementor-element-32b95fb\" data-id=\"32b95fb\" data-element_type=\"column\" data-e-type=\"column\">\n\t\t\t<div class=\"elementor-widget-wrap\">\n\t\t\t\t\t\t\t<\/div>\n\t\t<\/div>\n\t\t\t\t\t<\/div>\n\t\t<\/section>\n\t\t\t\t<\/div>","protected":false},"excerpt":{"rendered":"<p>12\u00e8 CONGR\u00c9S MUNDIAL DE TURISME DE NEU, MUNTANYA I BENESTAR Salutaci\u00f3 c\u00f2nsol major d\u2019Encamp, Laura Mas Barrionuevo Enguany, Encamp agafa el relleu&#8230;<\/p>","protected":false},"author":1,"featured_media":0,"parent":0,"menu_order":0,"comment_status":"closed","ping_status":"closed","template":"","meta":{"footnotes":""},"class_list":["post-13435","page","type-page","status-publish","hentry"],"yoast_head":"<!-- This site is optimized with the Yoast SEO Premium plugin v26.3 (Yoast SEO v27.2) - https:\/\/yoast.com\/product\/yoast-seo-premium-wordpress\/ -->\n<title>Salutaci\u00f3 c\u00f2nsol major d\u2019Encamp - Mountainlikers<\/title>\n<meta name=\"robots\" content=\"index, follow, max-snippet:-1, max-image-preview:large, max-video-preview:-1\" \/>\n<link rel=\"canonical\" href=\"https:\/\/mountainlikers.com\/fr\/salutacio-consol-major-dencamp\/\" \/>\n<meta property=\"og:locale\" content=\"fr_FR\" \/>\n<meta property=\"og:type\" content=\"article\" \/>\n<meta property=\"og:title\" content=\"Salutaci\u00f3 c\u00f2nsol major d\u2019Encamp\" \/>\n<meta property=\"og:description\" content=\"12\u00e8 CONGR\u00c9S MUNDIAL DE TURISME DE NEU, MUNTANYA I BENESTAR Salutaci\u00f3 c\u00f2nsol major d\u2019Encamp, Laura Mas Barrionuevo Enguany, Encamp agafa el relleu...\" \/>\n<meta property=\"og:url\" content=\"https:\/\/mountainlikers.com\/fr\/salutacio-consol-major-dencamp\/\" \/>\n<meta property=\"og:site_name\" content=\"Mountainlikers\" \/>\n<meta property=\"article:publisher\" content=\"https:\/\/www.facebook.com\/mountainlikers\/\" \/>\n<meta property=\"article:modified_time\" content=\"2024-02-21T09:35:19+00:00\" \/>\n<meta property=\"og:image\" content=\"https:\/\/mountainlikers.com\/wp-content\/uploads\/2024\/02\/DSC03660-min-scaled.jpg\" \/>\n\t<meta property=\"og:image:width\" content=\"1707\" \/>\n\t<meta property=\"og:image:height\" content=\"2560\" \/>\n\t<meta property=\"og:image:type\" content=\"image\/jpeg\" \/>\n<meta name=\"twitter:card\" content=\"summary_large_image\" \/>\n<meta name=\"twitter:site\" content=\"@mountainlikers\" \/>\n<meta name=\"twitter:label1\" content=\"Dur\u00e9e de lecture estim\u00e9e\" \/>\n\t<meta name=\"twitter:data1\" content=\"3 minutes\" \/>\n<script type=\"application\/ld+json\" class=\"yoast-schema-graph\">{\"@context\":\"https:\/\/schema.org\",\"@graph\":[{\"@type\":\"WebPage\",\"@id\":\"https:\/\/mountainlikers.com\/salutacio-consol-major-dencamp\/\",\"url\":\"https:\/\/mountainlikers.com\/salutacio-consol-major-dencamp\/\",\"name\":\"Salutaci\u00f3 c\u00f2nsol major d\u2019Encamp - Mountainlikers\",\"isPartOf\":{\"@id\":\"https:\/\/mountainlikers.com\/en\/#website\"},\"primaryImageOfPage\":{\"@id\":\"https:\/\/mountainlikers.com\/salutacio-consol-major-dencamp\/#primaryimage\"},\"image\":{\"@id\":\"https:\/\/mountainlikers.com\/salutacio-consol-major-dencamp\/#primaryimage\"},\"thumbnailUrl\":\"https:\/\/mountainlikers.com\/wp-content\/uploads\/2024\/02\/DSC03660-min-scaled.jpg\",\"datePublished\":\"2024-02-20T16:23:02+00:00\",\"dateModified\":\"2024-02-21T09:35:19+00:00\",\"breadcrumb\":{\"@id\":\"https:\/\/mountainlikers.com\/salutacio-consol-major-dencamp\/#breadcrumb\"},\"inLanguage\":\"fr-FR\",\"potentialAction\":[{\"@type\":\"ReadAction\",\"target\":[\"https:\/\/mountainlikers.com\/salutacio-consol-major-dencamp\/\"]}]},{\"@type\":\"ImageObject\",\"inLanguage\":\"fr-FR\",\"@id\":\"https:\/\/mountainlikers.com\/salutacio-consol-major-dencamp\/#primaryimage\",\"url\":\"https:\/\/mountainlikers.com\/wp-content\/uploads\/2024\/02\/DSC03660-min-scaled.jpg\",\"contentUrl\":\"https:\/\/mountainlikers.com\/wp-content\/uploads\/2024\/02\/DSC03660-min-scaled.jpg\"},{\"@type\":\"BreadcrumbList\",\"@id\":\"https:\/\/mountainlikers.com\/salutacio-consol-major-dencamp\/#breadcrumb\",\"itemListElement\":[{\"@type\":\"ListItem\",\"position\":1,\"name\":\"Inici\",\"item\":\"https:\/\/mountainlikers.com\/\"},{\"@type\":\"ListItem\",\"position\":2,\"name\":\"Salutaci\u00f3 c\u00f2nsol major d\u2019Encamp\"}]},{\"@type\":\"WebSite\",\"@id\":\"https:\/\/mountainlikers.com\/en\/#website\",\"url\":\"https:\/\/mountainlikers.com\/en\/\",\"name\":\"Mountainlikers\",\"description\":\"Congr\u00e9s Mundial de Turisme de Neu i Muntanya 2026\",\"publisher\":{\"@id\":\"https:\/\/mountainlikers.com\/en\/#organization\"},\"potentialAction\":[{\"@type\":\"SearchAction\",\"target\":{\"@type\":\"EntryPoint\",\"urlTemplate\":\"https:\/\/mountainlikers.com\/en\/?s={search_term_string}\"},\"query-input\":{\"@type\":\"PropertyValueSpecification\",\"valueRequired\":true,\"valueName\":\"search_term_string\"}}],\"inLanguage\":\"fr-FR\"},{\"@type\":\"Organization\",\"@id\":\"https:\/\/mountainlikers.com\/en\/#organization\",\"name\":\"Mountainlikers\",\"url\":\"https:\/\/mountainlikers.com\/en\/\",\"logo\":{\"@type\":\"ImageObject\",\"inLanguage\":\"fr-FR\",\"@id\":\"https:\/\/mountainlikers.com\/en\/#\/schema\/logo\/image\/\",\"url\":\"https:\/\/mountainlikers.com\/wp-content\/uploads\/2025\/09\/MountainLikers-logo25-26.png\",\"contentUrl\":\"https:\/\/mountainlikers.com\/wp-content\/uploads\/2025\/09\/MountainLikers-logo25-26.png\",\"width\":1221,\"height\":942,\"caption\":\"Mountainlikers\"},\"image\":{\"@id\":\"https:\/\/mountainlikers.com\/en\/#\/schema\/logo\/image\/\"},\"sameAs\":[\"https:\/\/www.facebook.com\/mountainlikers\/\",\"https:\/\/x.com\/mountainlikers\",\"https:\/\/www.instagram.com\/mountainlikers\/\",\"https:\/\/www.youtube.com\/user\/mountainlikers\"]}]}<\/script>\n<!-- \/ Yoast SEO Premium plugin. -->","yoast_head_json":{"title":"Salutations du maire d'Encamp \u2013 Mountainlikers","robots":{"index":"index","follow":"follow","max-snippet":"max-snippet:-1","max-image-preview":"max-image-preview:large","max-video-preview":"max-video-preview:-1"},"canonical":"https:\/\/mountainlikers.com\/fr\/salutacio-consol-major-dencamp\/","og_locale":"fr_FR","og_type":"article","og_title":"Salutaci\u00f3 c\u00f2nsol major d\u2019Encamp","og_description":"12\u00e8 CONGR\u00c9S MUNDIAL DE TURISME DE NEU, MUNTANYA I BENESTAR Salutaci\u00f3 c\u00f2nsol major d\u2019Encamp, Laura Mas Barrionuevo Enguany, Encamp agafa el relleu...","og_url":"https:\/\/mountainlikers.com\/fr\/salutacio-consol-major-dencamp\/","og_site_name":"Mountainlikers","article_publisher":"https:\/\/www.facebook.com\/mountainlikers\/","article_modified_time":"2024-02-21T09:35:19+00:00","og_image":[{"width":1707,"height":2560,"url":"https:\/\/mountainlikers.com\/wp-content\/uploads\/2024\/02\/DSC03660-min-scaled.jpg","type":"image\/jpeg"}],"twitter_card":"summary_large_image","twitter_site":"@mountainlikers","twitter_misc":{"Dur\u00e9e de lecture estim\u00e9e":"3 minutes"},"schema":{"@context":"https:\/\/schema.org","@graph":[{"@type":"WebPage","@id":"https:\/\/mountainlikers.com\/salutacio-consol-major-dencamp\/","url":"https:\/\/mountainlikers.com\/salutacio-consol-major-dencamp\/","name":"Salutations du maire d'Encamp \u2013 Mountainlikers","isPartOf":{"@id":"https:\/\/mountainlikers.com\/en\/#website"},"primaryImageOfPage":{"@id":"https:\/\/mountainlikers.com\/salutacio-consol-major-dencamp\/#primaryimage"},"image":{"@id":"https:\/\/mountainlikers.com\/salutacio-consol-major-dencamp\/#primaryimage"},"thumbnailUrl":"https:\/\/mountainlikers.com\/wp-content\/uploads\/2024\/02\/DSC03660-min-scaled.jpg","datePublished":"2024-02-20T16:23:02+00:00","dateModified":"2024-02-21T09:35:19+00:00","breadcrumb":{"@id":"https:\/\/mountainlikers.com\/salutacio-consol-major-dencamp\/#breadcrumb"},"inLanguage":"fr-FR","potentialAction":[{"@type":"ReadAction","target":["https:\/\/mountainlikers.com\/salutacio-consol-major-dencamp\/"]}]},{"@type":"ImageObject","inLanguage":"fr-FR","@id":"https:\/\/mountainlikers.com\/salutacio-consol-major-dencamp\/#primaryimage","url":"https:\/\/mountainlikers.com\/wp-content\/uploads\/2024\/02\/DSC03660-min-scaled.jpg","contentUrl":"https:\/\/mountainlikers.com\/wp-content\/uploads\/2024\/02\/DSC03660-min-scaled.jpg"},{"@type":"BreadcrumbList","@id":"https:\/\/mountainlikers.com\/salutacio-consol-major-dencamp\/#breadcrumb","itemListElement":[{"@type":"ListItem","position":1,"name":"Inici","item":"https:\/\/mountainlikers.com\/"},{"@type":"ListItem","position":2,"name":"Salutaci\u00f3 c\u00f2nsol major d\u2019Encamp"}]},{"@type":"WebSite","@id":"https:\/\/mountainlikers.com\/en\/#website","url":"https:\/\/mountainlikers.com\/en\/","name":"Les amoureux de la montagne","description":"Congr\u00e8s mondial du tourisme de neige et de montagne 2026","publisher":{"@id":"https:\/\/mountainlikers.com\/en\/#organization"},"potentialAction":[{"@type":"SearchAction","target":{"@type":"EntryPoint","urlTemplate":"https:\/\/mountainlikers.com\/en\/?s={search_term_string}"},"query-input":{"@type":"PropertyValueSpecification","valueRequired":true,"valueName":"search_term_string"}}],"inLanguage":"fr-FR"},{"@type":"Organization","@id":"https:\/\/mountainlikers.com\/en\/#organization","name":"Les amoureux de la montagne","url":"https:\/\/mountainlikers.com\/en\/","logo":{"@type":"ImageObject","inLanguage":"fr-FR","@id":"https:\/\/mountainlikers.com\/en\/#\/schema\/logo\/image\/","url":"https:\/\/mountainlikers.com\/wp-content\/uploads\/2025\/09\/MountainLikers-logo25-26.png","contentUrl":"https:\/\/mountainlikers.com\/wp-content\/uploads\/2025\/09\/MountainLikers-logo25-26.png","width":1221,"height":942,"caption":"Mountainlikers"},"image":{"@id":"https:\/\/mountainlikers.com\/en\/#\/schema\/logo\/image\/"},"sameAs":["https:\/\/www.facebook.com\/mountainlikers\/","https:\/\/x.com\/mountainlikers","https:\/\/www.instagram.com\/mountainlikers\/","https:\/\/www.youtube.com\/user\/mountainlikers"]}]}},"_links":{"self":[{"href":"https:\/\/mountainlikers.com\/fr\/wp-json\/wp\/v2\/pages\/13435","targetHints":{"allow":["GET"]}}],"collection":[{"href":"https:\/\/mountainlikers.com\/fr\/wp-json\/wp\/v2\/pages"}],"about":[{"href":"https:\/\/mountainlikers.com\/fr\/wp-json\/wp\/v2\/types\/page"}],"author":[{"embeddable":true,"href":"https:\/\/mountainlikers.com\/fr\/wp-json\/wp\/v2\/users\/1"}],"replies":[{"embeddable":true,"href":"https:\/\/mountainlikers.com\/fr\/wp-json\/wp\/v2\/comments?post=13435"}],"version-history":[{"count":6,"href":"https:\/\/mountainlikers.com\/fr\/wp-json\/wp\/v2\/pages\/13435\/revisions"}],"predecessor-version":[{"id":13470,"href":"https:\/\/mountainlikers.com\/fr\/wp-json\/wp\/v2\/pages\/13435\/revisions\/13470"}],"wp:attachment":[{"href":"https:\/\/mountainlikers.com\/fr\/wp-json\/wp\/v2\/media?parent=13435"}],"curies":[{"name":"wp","href":"https:\/\/api.w.org\/{rel}","templated":true}]}}