{"id":12900,"date":"2023-12-11T14:52:55","date_gmt":"2023-12-11T13:52:55","guid":{"rendered":"https:\/\/mountainlikers.com\/?page_id=12900"},"modified":"2023-12-11T14:54:33","modified_gmt":"2023-12-11T13:54:33","slug":"secretari-general-de-lomt-2024","status":"publish","type":"page","link":"https:\/\/mountainlikers.com\/fr\/secretari-general-de-lomt-2024\/","title":{"rendered":"Secr\u00e9taire g\u00e9n\u00e9ral de l&#039;OMT 2024"},"content":{"rendered":"<div data-elementor-type=\"wp-page\" data-elementor-id=\"12900\" class=\"elementor elementor-12900\" data-elementor-post-type=\"page\">\n\t\t\t\t\t\t<section data-particle_enable=\"false\" data-particle-mobile-disabled=\"false\" class=\"elementor-section elementor-top-section elementor-element elementor-element-f1d01d2 elementor-section-stretched elementor-section-content-middle elementor-reverse-mobile elementor-hidden-tablet elementor-section-boxed elementor-section-height-default elementor-section-height-default\" data-id=\"f1d01d2\" data-element_type=\"section\" data-e-type=\"section\" data-settings=\"{&quot;stretch_section&quot;:&quot;section-stretched&quot;,&quot;background_background&quot;:&quot;classic&quot;}\">\n\t\t\t\t\t\t<div class=\"elementor-container elementor-column-gap-default\">\n\t\t\t\t\t<div class=\"elementor-column elementor-col-50 elementor-top-column elementor-element elementor-element-9881fdb\" data-id=\"9881fdb\" data-element_type=\"column\" data-e-type=\"column\">\n\t\t\t<div class=\"elementor-widget-wrap elementor-element-populated\">\n\t\t\t\t\t\t<div class=\"elementor-element elementor-element-6690e0d elementor-hidden-desktop elementor-widget elementor-widget-image\" data-id=\"6690e0d\" data-element_type=\"widget\" data-e-type=\"widget\" data-widget_type=\"image.default\">\n\t\t\t\t<div class=\"elementor-widget-container\">\n\t\t\t\t\t\t\t\t\t\t\t\t\t\t\t<img loading=\"lazy\" decoding=\"async\" width=\"640\" height=\"419\" src=\"https:\/\/mountainlikers.com\/wp-content\/uploads\/2021\/10\/SG-Zurab-Pololikashvili-1024x671.jpg\" class=\"attachment-large size-large wp-image-9814\" alt=\"\" srcset=\"https:\/\/mountainlikers.com\/wp-content\/uploads\/2021\/10\/SG-Zurab-Pololikashvili-1024x671.jpg 1024w, https:\/\/mountainlikers.com\/wp-content\/uploads\/2021\/10\/SG-Zurab-Pololikashvili-600x393.jpg 600w, https:\/\/mountainlikers.com\/wp-content\/uploads\/2021\/10\/SG-Zurab-Pololikashvili-800x525.jpg 800w, https:\/\/mountainlikers.com\/wp-content\/uploads\/2021\/10\/SG-Zurab-Pololikashvili-300x197.jpg 300w, https:\/\/mountainlikers.com\/wp-content\/uploads\/2021\/10\/SG-Zurab-Pololikashvili-768x504.jpg 768w, https:\/\/mountainlikers.com\/wp-content\/uploads\/2021\/10\/SG-Zurab-Pololikashvili-1536x1007.jpg 1536w, https:\/\/mountainlikers.com\/wp-content\/uploads\/2021\/10\/SG-Zurab-Pololikashvili-2048x1343.jpg 2048w, https:\/\/mountainlikers.com\/wp-content\/uploads\/2021\/10\/SG-Zurab-Pololikashvili-18x12.jpg 18w\" sizes=\"auto, (max-width: 640px) 100vw, 640px\" \/>\t\t\t\t\t\t\t\t\t\t\t\t\t\t\t<\/div>\n\t\t\t\t<\/div>\n\t\t\t\t<div class=\"elementor-element elementor-element-5e40766 elementor-widget elementor-widget-rs-heading\" data-id=\"5e40766\" data-element_type=\"widget\" data-e-type=\"widget\" data-widget_type=\"rs-heading.default\">\n\t\t\t\t<div class=\"elementor-widget-container\">\n\t\t\t\t\t        <div class=\"rs-heading style9\">\r\n        \t<div class=\"title-inner\">\r\n        \t\t      \t\t\r\n\t            <span class=\"sub-text\">Douzi\u00e8me Congr\u00e8s mondial sur le tourisme de neige, de montagne et de bien-\u00eatre\n20-22 mars 2024 \u00e0 Encamp (Andorre)<\/span> <h2 class=\"title\"><span class=\"watermark\"><\/span>Message du Secr\u00e9taire g\u00e9n\u00e9ral de l\u2019OMT, Zurab Pololikashvili <\/h2><div class=\"title-img bottom-img\"><img decoding=\"async\" src=\"http:\/\/rstheme.com\/products\/wordpress\/eventeo-elementor\/wp-content\/uploads\/2020\/01\/aboutline_1.png\" \/><\/div>\t        <\/div>\r\n\t                <\/div>\r\n        \t\t\t\t<\/div>\n\t\t\t\t<\/div>\n\t\t\t\t<div class=\"elementor-element elementor-element-1151e1a elementor-widget elementor-widget-text-editor\" data-id=\"1151e1a\" data-element_type=\"widget\" data-e-type=\"widget\" data-widget_type=\"text-editor.default\">\n\t\t\t\t<div class=\"elementor-widget-container\">\n\t\t\t\t\t\t\t\t\t<p style=\"font-weight: 400;\">D\u2019apr\u00e8s les \u00e9tudes r\u00e9alis\u00e9es par l\u2019OMT et la FAO, le tourisme de montagne repr\u00e9sente une part comprise entre 9 et 16 % des arriv\u00e9es de touristes internationaux dans le monde. Pour la seule ann\u00e9e 2019, pas moins de 375 millions de touristes se sont rendus dans des destinations de montagne. Il ne faut pas oublier n\u00e9anmoins que le tourisme, par-del\u00e0 les chiffres, repr\u00e9sente le moyen d\u2019existence de beaucoup de communaut\u00e9s. Nous avons donc le devoir partag\u00e9 de faire en sorte que la reprise des voyages internationaux ouvre des perspectives inclusives et durables pour tous.<\/p><p style=\"font-weight: 400;\">La promotion de pratiques durables peut accro\u00eetre et diversifier les revenus des m\u00e9nages, am\u00e9liorer les possibilit\u00e9s d\u2019emploi, permettre de b\u00e2tir des micro-\u00e9conomies solides et redynamiser les produits et les services. Parall\u00e8lement, elle peut renforcer la r\u00e9silience et prot\u00e9ger les \u00e9cosyst\u00e8mes fragiles des r\u00e9gions de montagne et leur patrimoine incomparable. Pour y arriver, les populations doivent \u00eatre au c\u0153ur du d\u00e9veloppement du tourisme de montagne. Ce sont elles qui sont assur\u00e9ment les mieux plac\u00e9es pour tout ce qui concerne la mesure et la ma\u00eetrise des impacts du tourisme dans les r\u00e9gions de montagne, la gestion ad\u00e9quate des ressources et la d\u00e9finition des politiques et des strat\u00e9gies aux fins de la planification et de la gestion du tourisme durable.<\/p><p style=\"font-weight: 400;\">L\u2019OMT collabore de longue date avec le Gouvernement andorran pour faire avancer ensemble les grandes priorit\u00e9s du d\u00e9veloppement du tourisme de montagne. Le Congr\u00e8s 2024, organis\u00e9 dans le cadre des \u00ab Cinq ann\u00e9es d\u2019action pour le d\u00e9veloppement dans les r\u00e9gions montagneuses \u00bb, offrira une pr\u00e9cieuse plateforme pour la diversification des produits en \u00e9largissant le champ de ses travaux \u00e0 un nouveau segment : le tourisme de bien-\u00eatre, lequel repr\u00e9sente une tendance majeure et une activit\u00e9 porteuse pour les r\u00e9gions de montagne.<\/p><p style=\"font-weight: 400;\">Destin\u00e9 \u00e0 guider le secteur pour tracer l\u2019avenir des destinations de montagne, le douzi\u00e8me Congr\u00e8s mondial sur le tourisme de neige, de montagne et de bien-\u00eatre offrira des exemples d\u2019innovation, de pratiques optimales et d\u2019initiatives cr\u00e9atives en provenance du monde entier, comme source d\u2019inspiration pour promouvoir une croissance meilleure et plus forte profitant aux communaut\u00e9s locales partout dans le monde.<\/p><p style=\"font-weight: 400;\">Je vous donne rendez-vous en Andorre !<\/p>\t\t\t\t\t\t\t\t<\/div>\n\t\t\t\t<\/div>\n\t\t\t\t\t<\/div>\n\t\t<\/div>\n\t\t\t\t<div class=\"elementor-column elementor-col-50 elementor-top-column elementor-element elementor-element-22a76a9 elementor-hidden-tablet elementor-hidden-mobile\" data-id=\"22a76a9\" data-element_type=\"column\" data-e-type=\"column\" data-settings=\"{&quot;background_background&quot;:&quot;classic&quot;}\">\n\t\t\t<div class=\"elementor-widget-wrap elementor-element-populated\">\n\t\t\t\t\t\t<div class=\"elementor-element elementor-element-dae3c8c elementor-widget elementor-widget-spacer\" data-id=\"dae3c8c\" data-element_type=\"widget\" data-e-type=\"widget\" data-widget_type=\"spacer.default\">\n\t\t\t\t<div class=\"elementor-widget-container\">\n\t\t\t\t\t\t\t<div class=\"elementor-spacer\">\n\t\t\t<div class=\"elementor-spacer-inner\"><\/div>\n\t\t<\/div>\n\t\t\t\t\t\t<\/div>\n\t\t\t\t<\/div>\n\t\t\t\t\t<\/div>\n\t\t<\/div>\n\t\t\t\t\t<\/div>\n\t\t<\/section>\n\t\t\t\t<section data-particle_enable=\"false\" data-particle-mobile-disabled=\"false\" class=\"elementor-section elementor-top-section elementor-element elementor-element-9ec1db9 elementor-hidden-desktop elementor-hidden-mobile elementor-section-boxed elementor-section-height-default elementor-section-height-default\" data-id=\"9ec1db9\" data-element_type=\"section\" data-e-type=\"section\">\n\t\t\t\t\t\t<div class=\"elementor-container elementor-column-gap-default\">\n\t\t\t\t\t<div class=\"elementor-column elementor-col-100 elementor-top-column elementor-element elementor-element-dd97a6f\" data-id=\"dd97a6f\" data-element_type=\"column\" data-e-type=\"column\">\n\t\t\t<div class=\"elementor-widget-wrap elementor-element-populated\">\n\t\t\t\t\t\t<div class=\"elementor-element elementor-element-0c9f72a elementor-hidden-desktop elementor-hidden-mobile elementor-widget elementor-widget-image\" data-id=\"0c9f72a\" data-element_type=\"widget\" data-e-type=\"widget\" data-widget_type=\"image.default\">\n\t\t\t\t<div class=\"elementor-widget-container\">\n\t\t\t\t\t\t\t\t\t\t\t\t\t\t\t<img loading=\"lazy\" decoding=\"async\" width=\"640\" height=\"419\" src=\"https:\/\/mountainlikers.com\/wp-content\/uploads\/2021\/10\/SG-Zurab-Pololikashvili-1024x671.jpg\" class=\"attachment-large size-large wp-image-9814\" alt=\"\" srcset=\"https:\/\/mountainlikers.com\/wp-content\/uploads\/2021\/10\/SG-Zurab-Pololikashvili-1024x671.jpg 1024w, https:\/\/mountainlikers.com\/wp-content\/uploads\/2021\/10\/SG-Zurab-Pololikashvili-600x393.jpg 600w, https:\/\/mountainlikers.com\/wp-content\/uploads\/2021\/10\/SG-Zurab-Pololikashvili-800x525.jpg 800w, https:\/\/mountainlikers.com\/wp-content\/uploads\/2021\/10\/SG-Zurab-Pololikashvili-300x197.jpg 300w, https:\/\/mountainlikers.com\/wp-content\/uploads\/2021\/10\/SG-Zurab-Pololikashvili-768x504.jpg 768w, https:\/\/mountainlikers.com\/wp-content\/uploads\/2021\/10\/SG-Zurab-Pololikashvili-1536x1007.jpg 1536w, https:\/\/mountainlikers.com\/wp-content\/uploads\/2021\/10\/SG-Zurab-Pololikashvili-2048x1343.jpg 2048w, https:\/\/mountainlikers.com\/wp-content\/uploads\/2021\/10\/SG-Zurab-Pololikashvili-18x12.jpg 18w\" sizes=\"auto, (max-width: 640px) 100vw, 640px\" \/>\t\t\t\t\t\t\t\t\t\t\t\t\t\t\t<\/div>\n\t\t\t\t<\/div>\n\t\t\t\t<div class=\"elementor-element elementor-element-95f9f94 elementor-widget elementor-widget-rs-heading\" data-id=\"95f9f94\" data-element_type=\"widget\" data-e-type=\"widget\" data-widget_type=\"rs-heading.default\">\n\t\t\t\t<div class=\"elementor-widget-container\">\n\t\t\t\t\t        <div class=\"rs-heading style9\">\r\n        \t<div class=\"title-inner\">\r\n        \t\t      \t\t\r\n\t            <span class=\"sub-text\">Onzi\u00e8me Congr\u00e8s mondial du tourisme de neige et de montagne<\/span> <h2 class=\"title\"><span class=\"watermark\"><\/span>Secr\u00e9taire g\u00e9n\u00e9ral de l'OMT<\/h2><div class=\"title-img bottom-img\"><img decoding=\"async\" src=\"http:\/\/rstheme.com\/products\/wordpress\/eventeo-elementor\/wp-content\/uploads\/2020\/01\/aboutline_1.png\" \/><\/div>\t        <\/div>\r\n\t                <\/div>\r\n        \t\t\t\t<\/div>\n\t\t\t\t<\/div>\n\t\t\t\t<div class=\"elementor-element elementor-element-b9ce099 elementor-widget elementor-widget-text-editor\" data-id=\"b9ce099\" data-element_type=\"widget\" data-e-type=\"widget\" data-widget_type=\"text-editor.default\">\n\t\t\t\t<div class=\"elementor-widget-container\">\n\t\t\t\t\t\t\t\t\t<p style=\"text-align: justify;\">Le tourisme a \u00e9t\u00e9 l'un des secteurs les plus touch\u00e9s par la pand\u00e9mie de COVID-19. La baisse soudaine et sans pr\u00e9c\u00e9dent des arriv\u00e9es internationales a entra\u00een\u00e9 de profondes r\u00e9percussions dans de nombreux secteurs : \u00e9conomies, moyens de subsistance, services publics et opportunit\u00e9s dans le monde entier.<\/p><p style=\"text-align: justify;\">Il est \u00e9galement incontestable que ces derni\u00e8res d\u00e9cennies, le tourisme a \u00e9t\u00e9 l'un des secteurs socio-\u00e9conomiques dont la croissance a \u00e9t\u00e9 la plus rapide. Le tourisme est aussi de plus en plus consid\u00e9r\u00e9 comme vital pour la cr\u00e9ation d'emplois et de richesses, la protection de l'environnement et la r\u00e9duction de la pauvret\u00e9. De ce fait, le tourisme est un vecteur majeur de la r\u00e9alisation du Programme de d\u00e9veloppement durable \u00e0 l\u2019horizon 2030 et ses Objectifs de d\u00e9veloppement durable (ODD).<\/p><p style=\"text-align: justify;\">Aujourd'hui, le tourisme joue un r\u00f4le particuli\u00e8rement important pour le d\u00e9veloppement des r\u00e9gions montagneuses. Alors que le secteur red\u00e9marre, et que les destinations moins peupl\u00e9es et les exp\u00e9riences et activit\u00e9s en plein air attirent de plus en plus de monde, le tourisme peut aider les communaut\u00e9s montagnardes \u00e0 se remettre des impacts sociaux et \u00e9conomiques de la pand\u00e9mie et \u00e0 construire l'avenir.<\/p><p style=\"text-align: justify;\">En cette p\u00e9riode de d\u00e9fis sans pr\u00e9c\u00e9dent, l'occasion nous est donn\u00e9e de repenser la contribution que le tourisme peut apporter au d\u00e9veloppement des montagnes. Il est essentiel que nous travaillions ensemble pour trouver des solutions concr\u00e8tes afin de reconstruire mais en mieux qu\u2019avant, tout en faisant du tourisme un outil indispensable pour des destinations et des communaut\u00e9s plus durables, inclusives et r\u00e9silientes gr\u00e2ce \u00e0 l'innovation, la num\u00e9risation, la durabilit\u00e9, et les partenariats.<\/p><p style=\"text-align: justify;\">L'OMT est depuis longtemps aux c\u00f4t\u00e9s du Gouvernement de la Principaut\u00e9 d'Andorre, car nous abordons conjointement les grandes priorit\u00e9s du d\u00e9veloppement du tourisme de montagne. \u00c0 l'heure o\u00f9 le monde commence \u00e0 s'ouvrir \u00e0 nouveau et \u00e0 se tourner vers l'avenir, ce Congr\u00e8s 2022 constitue une \u00e9tape majeure de la feuille de route qui redonnera au secteur son statut unique en tant que source d'espoir et d'opportunit\u00e9s pour tous.<\/p><p style=\"text-align: justify;\">Je suis convaincu que la onzi\u00e8me \u00e9dition du Congr\u00e8s mondial du tourisme de neige et de montagne nous permettra de nous r\u00e9unir afin de renforcer les valeurs de durabilit\u00e9, d'innovation, de qualit\u00e9 et de cr\u00e9ativit\u00e9 dans toutes les parties de la cha\u00eene de valeur du tourisme de montagne. Et ainsi, notre secteur sera en mesure de relever les d\u00e9fis actuels et d\u2019avancer vers un mod\u00e8le futur plus durable et inclusif.<\/p><p style=\"text-align: justify;\">Rendez-vous en Andorre !<\/p>\t\t\t\t\t\t\t\t<\/div>\n\t\t\t\t<\/div>\n\t\t\t\t\t<\/div>\n\t\t<\/div>\n\t\t\t\t\t<\/div>\n\t\t<\/section>\n\t\t\t\t<section data-particle_enable=\"false\" data-particle-mobile-disabled=\"false\" class=\"elementor-section elementor-top-section elementor-element elementor-element-17e81e4 elementor-section-stretched elementor-section-boxed elementor-section-height-default elementor-section-height-default\" data-id=\"17e81e4\" data-element_type=\"section\" data-e-type=\"section\" data-settings=\"{&quot;stretch_section&quot;:&quot;section-stretched&quot;,&quot;background_background&quot;:&quot;classic&quot;}\">\n\t\t\t\t\t\t<div class=\"elementor-container elementor-column-gap-default\">\n\t\t\t\t\t<div class=\"elementor-column elementor-col-33 elementor-top-column elementor-element elementor-element-43fad95\" data-id=\"43fad95\" data-element_type=\"column\" data-e-type=\"column\">\n\t\t\t<div class=\"elementor-widget-wrap\">\n\t\t\t\t\t\t\t<\/div>\n\t\t<\/div>\n\t\t\t\t<div class=\"elementor-column elementor-col-33 elementor-top-column elementor-element elementor-element-7063f8a\" data-id=\"7063f8a\" data-element_type=\"column\" data-e-type=\"column\">\n\t\t\t<div class=\"elementor-widget-wrap\">\n\t\t\t\t\t\t\t<\/div>\n\t\t<\/div>\n\t\t\t\t<div class=\"elementor-column elementor-col-33 elementor-top-column elementor-element elementor-element-32b95fb\" data-id=\"32b95fb\" data-element_type=\"column\" data-e-type=\"column\">\n\t\t\t<div class=\"elementor-widget-wrap\">\n\t\t\t\t\t\t\t<\/div>\n\t\t<\/div>\n\t\t\t\t\t<\/div>\n\t\t<\/section>\n\t\t\t\t<\/div>","protected":false},"excerpt":{"rendered":"<p>12\u00e8 Congr\u00e9s Mundial de Turisme de Neu, Muntanya i Benestar (20-22 de mar\u00e7 de 2024, Andorra-Encamp) Missatge, secretari general de l&#8217;OMT, Zurab&#8230;<\/p>","protected":false},"author":1,"featured_media":0,"parent":0,"menu_order":0,"comment_status":"closed","ping_status":"closed","template":"","meta":{"footnotes":""},"class_list":["post-12900","page","type-page","status-publish","hentry"],"yoast_head":"<!-- This site is optimized with the Yoast SEO Premium plugin v26.3 (Yoast SEO v27.2) - https:\/\/yoast.com\/product\/yoast-seo-premium-wordpress\/ -->\n<title>Secretari general de l\u2019OMT 2024 - Mountainlikers<\/title>\n<meta name=\"robots\" content=\"index, follow, max-snippet:-1, max-image-preview:large, max-video-preview:-1\" \/>\n<link rel=\"canonical\" href=\"https:\/\/mountainlikers.com\/fr\/secretari-general-de-lomt-2024\/\" \/>\n<meta property=\"og:locale\" content=\"fr_FR\" \/>\n<meta property=\"og:type\" content=\"article\" \/>\n<meta property=\"og:title\" content=\"Secretari general de l\u2019OMT 2024\" \/>\n<meta property=\"og:description\" content=\"12\u00e8 Congr\u00e9s Mundial de Turisme de Neu, Muntanya i Benestar (20-22 de mar\u00e7 de 2024, Andorra-Encamp) Missatge, secretari general de l&#8217;OMT, Zurab...\" \/>\n<meta property=\"og:url\" content=\"https:\/\/mountainlikers.com\/fr\/secretari-general-de-lomt-2024\/\" \/>\n<meta property=\"og:site_name\" content=\"Mountainlikers\" \/>\n<meta property=\"article:publisher\" content=\"https:\/\/www.facebook.com\/mountainlikers\/\" \/>\n<meta property=\"article:modified_time\" content=\"2023-12-11T13:54:33+00:00\" \/>\n<meta property=\"og:image\" content=\"https:\/\/mountainlikers.com\/wp-content\/uploads\/2021\/10\/SG-Zurab-Pololikashvili-scaled.jpg\" \/>\n\t<meta property=\"og:image:width\" content=\"2560\" \/>\n\t<meta property=\"og:image:height\" content=\"1678\" \/>\n\t<meta property=\"og:image:type\" content=\"image\/jpeg\" \/>\n<meta name=\"twitter:card\" content=\"summary_large_image\" \/>\n<meta name=\"twitter:site\" content=\"@mountainlikers\" \/>\n<meta name=\"twitter:label1\" content=\"Dur\u00e9e de lecture estim\u00e9e\" \/>\n\t<meta name=\"twitter:data1\" content=\"4 minutes\" \/>\n<script type=\"application\/ld+json\" class=\"yoast-schema-graph\">{\"@context\":\"https:\/\/schema.org\",\"@graph\":[{\"@type\":\"WebPage\",\"@id\":\"https:\/\/mountainlikers.com\/secretari-general-de-lomt-2024\/\",\"url\":\"https:\/\/mountainlikers.com\/secretari-general-de-lomt-2024\/\",\"name\":\"Secretari general de l\u2019OMT 2024 - Mountainlikers\",\"isPartOf\":{\"@id\":\"https:\/\/mountainlikers.com\/en\/#website\"},\"primaryImageOfPage\":{\"@id\":\"https:\/\/mountainlikers.com\/secretari-general-de-lomt-2024\/#primaryimage\"},\"image\":{\"@id\":\"https:\/\/mountainlikers.com\/secretari-general-de-lomt-2024\/#primaryimage\"},\"thumbnailUrl\":\"https:\/\/mountainlikers.com\/wp-content\/uploads\/2021\/10\/SG-Zurab-Pololikashvili-1024x671.jpg\",\"datePublished\":\"2023-12-11T13:52:55+00:00\",\"dateModified\":\"2023-12-11T13:54:33+00:00\",\"breadcrumb\":{\"@id\":\"https:\/\/mountainlikers.com\/secretari-general-de-lomt-2024\/#breadcrumb\"},\"inLanguage\":\"fr-FR\",\"potentialAction\":[{\"@type\":\"ReadAction\",\"target\":[\"https:\/\/mountainlikers.com\/secretari-general-de-lomt-2024\/\"]}]},{\"@type\":\"ImageObject\",\"inLanguage\":\"fr-FR\",\"@id\":\"https:\/\/mountainlikers.com\/secretari-general-de-lomt-2024\/#primaryimage\",\"url\":\"https:\/\/mountainlikers.com\/wp-content\/uploads\/2021\/10\/SG-Zurab-Pololikashvili-1024x671.jpg\",\"contentUrl\":\"https:\/\/mountainlikers.com\/wp-content\/uploads\/2021\/10\/SG-Zurab-Pololikashvili-1024x671.jpg\"},{\"@type\":\"BreadcrumbList\",\"@id\":\"https:\/\/mountainlikers.com\/secretari-general-de-lomt-2024\/#breadcrumb\",\"itemListElement\":[{\"@type\":\"ListItem\",\"position\":1,\"name\":\"Inici\",\"item\":\"https:\/\/mountainlikers.com\/\"},{\"@type\":\"ListItem\",\"position\":2,\"name\":\"Secretari general de l\u2019OMT 2024\"}]},{\"@type\":\"WebSite\",\"@id\":\"https:\/\/mountainlikers.com\/en\/#website\",\"url\":\"https:\/\/mountainlikers.com\/en\/\",\"name\":\"Mountainlikers\",\"description\":\"Congr\u00e9s Mundial de Turisme de Neu i Muntanya 2026\",\"publisher\":{\"@id\":\"https:\/\/mountainlikers.com\/en\/#organization\"},\"potentialAction\":[{\"@type\":\"SearchAction\",\"target\":{\"@type\":\"EntryPoint\",\"urlTemplate\":\"https:\/\/mountainlikers.com\/en\/?s={search_term_string}\"},\"query-input\":{\"@type\":\"PropertyValueSpecification\",\"valueRequired\":true,\"valueName\":\"search_term_string\"}}],\"inLanguage\":\"fr-FR\"},{\"@type\":\"Organization\",\"@id\":\"https:\/\/mountainlikers.com\/en\/#organization\",\"name\":\"Mountainlikers\",\"url\":\"https:\/\/mountainlikers.com\/en\/\",\"logo\":{\"@type\":\"ImageObject\",\"inLanguage\":\"fr-FR\",\"@id\":\"https:\/\/mountainlikers.com\/en\/#\/schema\/logo\/image\/\",\"url\":\"https:\/\/mountainlikers.com\/wp-content\/uploads\/2025\/09\/MountainLikers-logo25-26.png\",\"contentUrl\":\"https:\/\/mountainlikers.com\/wp-content\/uploads\/2025\/09\/MountainLikers-logo25-26.png\",\"width\":1221,\"height\":942,\"caption\":\"Mountainlikers\"},\"image\":{\"@id\":\"https:\/\/mountainlikers.com\/en\/#\/schema\/logo\/image\/\"},\"sameAs\":[\"https:\/\/www.facebook.com\/mountainlikers\/\",\"https:\/\/x.com\/mountainlikers\",\"https:\/\/www.instagram.com\/mountainlikers\/\",\"https:\/\/www.youtube.com\/user\/mountainlikers\"]}]}<\/script>\n<!-- \/ Yoast SEO Premium plugin. -->","yoast_head_json":{"title":"Secr\u00e9taire g\u00e9n\u00e9ral de l'OMT 2024 - Mountainlikers","robots":{"index":"index","follow":"follow","max-snippet":"max-snippet:-1","max-image-preview":"max-image-preview:large","max-video-preview":"max-video-preview:-1"},"canonical":"https:\/\/mountainlikers.com\/fr\/secretari-general-de-lomt-2024\/","og_locale":"fr_FR","og_type":"article","og_title":"Secretari general de l\u2019OMT 2024","og_description":"12\u00e8 Congr\u00e9s Mundial de Turisme de Neu, Muntanya i Benestar (20-22 de mar\u00e7 de 2024, Andorra-Encamp) Missatge, secretari general de l&#8217;OMT, Zurab...","og_url":"https:\/\/mountainlikers.com\/fr\/secretari-general-de-lomt-2024\/","og_site_name":"Mountainlikers","article_publisher":"https:\/\/www.facebook.com\/mountainlikers\/","article_modified_time":"2023-12-11T13:54:33+00:00","og_image":[{"width":2560,"height":1678,"url":"https:\/\/mountainlikers.com\/wp-content\/uploads\/2021\/10\/SG-Zurab-Pololikashvili-scaled.jpg","type":"image\/jpeg"}],"twitter_card":"summary_large_image","twitter_site":"@mountainlikers","twitter_misc":{"Dur\u00e9e de lecture estim\u00e9e":"4 minutes"},"schema":{"@context":"https:\/\/schema.org","@graph":[{"@type":"WebPage","@id":"https:\/\/mountainlikers.com\/secretari-general-de-lomt-2024\/","url":"https:\/\/mountainlikers.com\/secretari-general-de-lomt-2024\/","name":"Secr\u00e9taire g\u00e9n\u00e9ral de l'OMT 2024 - Mountainlikers","isPartOf":{"@id":"https:\/\/mountainlikers.com\/en\/#website"},"primaryImageOfPage":{"@id":"https:\/\/mountainlikers.com\/secretari-general-de-lomt-2024\/#primaryimage"},"image":{"@id":"https:\/\/mountainlikers.com\/secretari-general-de-lomt-2024\/#primaryimage"},"thumbnailUrl":"https:\/\/mountainlikers.com\/wp-content\/uploads\/2021\/10\/SG-Zurab-Pololikashvili-1024x671.jpg","datePublished":"2023-12-11T13:52:55+00:00","dateModified":"2023-12-11T13:54:33+00:00","breadcrumb":{"@id":"https:\/\/mountainlikers.com\/secretari-general-de-lomt-2024\/#breadcrumb"},"inLanguage":"fr-FR","potentialAction":[{"@type":"ReadAction","target":["https:\/\/mountainlikers.com\/secretari-general-de-lomt-2024\/"]}]},{"@type":"ImageObject","inLanguage":"fr-FR","@id":"https:\/\/mountainlikers.com\/secretari-general-de-lomt-2024\/#primaryimage","url":"https:\/\/mountainlikers.com\/wp-content\/uploads\/2021\/10\/SG-Zurab-Pololikashvili-1024x671.jpg","contentUrl":"https:\/\/mountainlikers.com\/wp-content\/uploads\/2021\/10\/SG-Zurab-Pololikashvili-1024x671.jpg"},{"@type":"BreadcrumbList","@id":"https:\/\/mountainlikers.com\/secretari-general-de-lomt-2024\/#breadcrumb","itemListElement":[{"@type":"ListItem","position":1,"name":"Inici","item":"https:\/\/mountainlikers.com\/"},{"@type":"ListItem","position":2,"name":"Secretari general de l\u2019OMT 2024"}]},{"@type":"WebSite","@id":"https:\/\/mountainlikers.com\/en\/#website","url":"https:\/\/mountainlikers.com\/en\/","name":"Les amoureux de la montagne","description":"Congr\u00e8s mondial du tourisme de neige et de montagne 2026","publisher":{"@id":"https:\/\/mountainlikers.com\/en\/#organization"},"potentialAction":[{"@type":"SearchAction","target":{"@type":"EntryPoint","urlTemplate":"https:\/\/mountainlikers.com\/en\/?s={search_term_string}"},"query-input":{"@type":"PropertyValueSpecification","valueRequired":true,"valueName":"search_term_string"}}],"inLanguage":"fr-FR"},{"@type":"Organization","@id":"https:\/\/mountainlikers.com\/en\/#organization","name":"Les amoureux de la montagne","url":"https:\/\/mountainlikers.com\/en\/","logo":{"@type":"ImageObject","inLanguage":"fr-FR","@id":"https:\/\/mountainlikers.com\/en\/#\/schema\/logo\/image\/","url":"https:\/\/mountainlikers.com\/wp-content\/uploads\/2025\/09\/MountainLikers-logo25-26.png","contentUrl":"https:\/\/mountainlikers.com\/wp-content\/uploads\/2025\/09\/MountainLikers-logo25-26.png","width":1221,"height":942,"caption":"Mountainlikers"},"image":{"@id":"https:\/\/mountainlikers.com\/en\/#\/schema\/logo\/image\/"},"sameAs":["https:\/\/www.facebook.com\/mountainlikers\/","https:\/\/x.com\/mountainlikers","https:\/\/www.instagram.com\/mountainlikers\/","https:\/\/www.youtube.com\/user\/mountainlikers"]}]}},"_links":{"self":[{"href":"https:\/\/mountainlikers.com\/fr\/wp-json\/wp\/v2\/pages\/12900","targetHints":{"allow":["GET"]}}],"collection":[{"href":"https:\/\/mountainlikers.com\/fr\/wp-json\/wp\/v2\/pages"}],"about":[{"href":"https:\/\/mountainlikers.com\/fr\/wp-json\/wp\/v2\/types\/page"}],"author":[{"embeddable":true,"href":"https:\/\/mountainlikers.com\/fr\/wp-json\/wp\/v2\/users\/1"}],"replies":[{"embeddable":true,"href":"https:\/\/mountainlikers.com\/fr\/wp-json\/wp\/v2\/comments?post=12900"}],"version-history":[{"count":3,"href":"https:\/\/mountainlikers.com\/fr\/wp-json\/wp\/v2\/pages\/12900\/revisions"}],"predecessor-version":[{"id":12903,"href":"https:\/\/mountainlikers.com\/fr\/wp-json\/wp\/v2\/pages\/12900\/revisions\/12903"}],"wp:attachment":[{"href":"https:\/\/mountainlikers.com\/fr\/wp-json\/wp\/v2\/media?parent=12900"}],"curies":[{"name":"wp","href":"https:\/\/api.w.org\/{rel}","templated":true}]}}