{"id":14879,"date":"2025-11-05T10:36:22","date_gmt":"2025-11-05T09:36:22","guid":{"rendered":"https:\/\/mountainlikers.com\/?post_type=product&#038;p=14879"},"modified":"2026-03-27T12:42:29","modified_gmt":"2026-03-27T11:42:29","slug":"13e-congres-mundial-de-turisme-de-neu-muntanya-i-benestar","status":"publish","type":"product","link":"https:\/\/mountainlikers.com\/es\/botiga\/13e-congres-mundial-de-turisme-de-neu-muntanya-i-benestar\/","title":{"rendered":"13\u00ba CONGRESO MUNDIAL DE TURISMO DE NIEVE, MONTA\u00d1A Y BIENESTAR"},"content":{"rendered":"<p>El <strong>Congreso Mundial de Turismo de Nieve, Monta\u00f1a y Bienestar de Andorra<\/strong> es mucho m\u00e1s que un encuentro profesional. Es un espacio internacional de conocimiento impulsado por el Gobierno y los siete Comuns de Andorra, junto con ONU Turismo, con la voluntad de consolidar un foro de debate abierto e innovador sobre el futuro del turismo en los territorios de monta\u00f1a.<\/p>\n<p>Cada edici\u00f3n ofrece la oportunidad de analizar tendencias, compartir buenas pr\u00e1cticas y dar a conocer experiencias de \u00e9xito que responden a los retos globales y las nuevas demandas de los viajeros, contribuyendo as\u00ed a impulsar un turismo de monta\u00f1a m\u00e1s competitivo y sostenible.<\/p>","protected":false},"excerpt":{"rendered":"<p>El Congreso Mundial de Turismo de Nieve, Monta\u00f1a y Bienestar de Andorra es mucho m\u00e1s que un encuentro profesional. Es un espacio internacional\u2026<\/p>","protected":false},"author":1,"featured_media":9586,"template":"","meta":[],"product_brand":[],"product_cat":[345],"product_tag":[],"class_list":{"0":"post-14879","1":"product","2":"type-product","3":"status-publish","4":"has-post-thumbnail","6":"product_cat-13e-congres-mundial-de-turisme-de-neu-2","8":"first","9":"outofstock","10":"shipping-taxable","11":"product-type-variable"},"yoast_head":"<!-- This site is optimized with the Yoast SEO Premium plugin v26.3 (Yoast SEO v27.2) - https:\/\/yoast.com\/product\/yoast-seo-premium-wordpress\/ -->\n<title>13\u00e8 CONGR\u00c9S MUNDIAL DE TURISME DE NEU, MUNTANYA I BENESTAR - Mountainlikers<\/title>\n<meta name=\"robots\" content=\"index, follow, max-snippet:-1, max-image-preview:large, max-video-preview:-1\" \/>\n<link rel=\"canonical\" href=\"https:\/\/mountainlikers.com\/es\/botiga\/13e-congres-mundial-de-turisme-de-neu-muntanya-i-benestar\/\" \/>\n<meta property=\"og:locale\" content=\"es_ES\" \/>\n<meta property=\"og:type\" content=\"article\" \/>\n<meta property=\"og:title\" content=\"13\u00e8 CONGR\u00c9S MUNDIAL DE TURISME DE NEU, MUNTANYA I BENESTAR\" \/>\n<meta property=\"og:description\" content=\"El Congr\u00e9s Mundial de Turisme de Neu, Muntanya i Benestar d\u2019Andorra \u00e9s molt m\u00e9s que una trobada professional. \u00c9s un espai internacional...\" \/>\n<meta property=\"og:url\" content=\"https:\/\/mountainlikers.com\/es\/botiga\/13e-congres-mundial-de-turisme-de-neu-muntanya-i-benestar\/\" \/>\n<meta property=\"og:site_name\" content=\"Mountainlikers\" \/>\n<meta property=\"article:publisher\" content=\"https:\/\/www.facebook.com\/mountainlikers\/\" \/>\n<meta property=\"article:modified_time\" content=\"2026-03-27T11:42:29+00:00\" \/>\n<meta property=\"og:image\" content=\"https:\/\/mountainlikers.com\/wp-content\/uploads\/revslider\/event-speaker\/121.jpg\" \/>\n\t<meta property=\"og:image:width\" content=\"1200\" \/>\n\t<meta property=\"og:image:height\" content=\"800\" \/>\n\t<meta property=\"og:image:type\" content=\"image\/jpeg\" \/>\n<meta name=\"twitter:card\" content=\"summary_large_image\" \/>\n<meta name=\"twitter:site\" content=\"@mountainlikers\" \/>\n<meta name=\"twitter:label1\" content=\"Tiempo de lectura\" \/>\n\t<meta name=\"twitter:data1\" content=\"1 minuto\" \/>\n<script type=\"application\/ld+json\" class=\"yoast-schema-graph\">{\"@context\":\"https:\/\/schema.org\",\"@graph\":[{\"@type\":\"WebPage\",\"@id\":\"https:\/\/mountainlikers.com\/botiga\/13e-congres-mundial-de-turisme-de-neu-muntanya-i-benestar\/\",\"url\":\"https:\/\/mountainlikers.com\/botiga\/13e-congres-mundial-de-turisme-de-neu-muntanya-i-benestar\/\",\"name\":\"13\u00e8 CONGR\u00c9S MUNDIAL DE TURISME DE NEU, MUNTANYA I BENESTAR - Mountainlikers\",\"isPartOf\":{\"@id\":\"https:\/\/mountainlikers.com\/en\/#website\"},\"primaryImageOfPage\":{\"@id\":\"https:\/\/mountainlikers.com\/botiga\/13e-congres-mundial-de-turisme-de-neu-muntanya-i-benestar\/#primaryimage\"},\"image\":{\"@id\":\"https:\/\/mountainlikers.com\/botiga\/13e-congres-mundial-de-turisme-de-neu-muntanya-i-benestar\/#primaryimage\"},\"thumbnailUrl\":\"https:\/\/mountainlikers.com\/wp-content\/uploads\/revslider\/event-speaker\/121.jpg\",\"datePublished\":\"2025-11-05T09:36:22+00:00\",\"dateModified\":\"2026-03-27T11:42:29+00:00\",\"breadcrumb\":{\"@id\":\"https:\/\/mountainlikers.com\/botiga\/13e-congres-mundial-de-turisme-de-neu-muntanya-i-benestar\/#breadcrumb\"},\"inLanguage\":\"es\",\"potentialAction\":[{\"@type\":\"ReadAction\",\"target\":[\"https:\/\/mountainlikers.com\/botiga\/13e-congres-mundial-de-turisme-de-neu-muntanya-i-benestar\/\"]}]},{\"@type\":\"ImageObject\",\"inLanguage\":\"es\",\"@id\":\"https:\/\/mountainlikers.com\/botiga\/13e-congres-mundial-de-turisme-de-neu-muntanya-i-benestar\/#primaryimage\",\"url\":\"https:\/\/mountainlikers.com\/wp-content\/uploads\/revslider\/event-speaker\/121.jpg\",\"contentUrl\":\"https:\/\/mountainlikers.com\/wp-content\/uploads\/revslider\/event-speaker\/121.jpg\",\"width\":1200,\"height\":800},{\"@type\":\"BreadcrumbList\",\"@id\":\"https:\/\/mountainlikers.com\/botiga\/13e-congres-mundial-de-turisme-de-neu-muntanya-i-benestar\/#breadcrumb\",\"itemListElement\":[{\"@type\":\"ListItem\",\"position\":1,\"name\":\"Inici\",\"item\":\"https:\/\/mountainlikers.com\/\"},{\"@type\":\"ListItem\",\"position\":2,\"name\":\"Inscripci\u00f3\",\"item\":\"https:\/\/mountainlikers.com\/shop-tickets\/\"},{\"@type\":\"ListItem\",\"position\":3,\"name\":\"13\u00e8 CONGR\u00c9S MUNDIAL DE TURISME DE NEU, MUNTANYA I BENESTAR\"}]},{\"@type\":\"WebSite\",\"@id\":\"https:\/\/mountainlikers.com\/en\/#website\",\"url\":\"https:\/\/mountainlikers.com\/en\/\",\"name\":\"Mountainlikers\",\"description\":\"Congr\u00e9s Mundial de Turisme de Neu i Muntanya 2026\",\"publisher\":{\"@id\":\"https:\/\/mountainlikers.com\/en\/#organization\"},\"potentialAction\":[{\"@type\":\"SearchAction\",\"target\":{\"@type\":\"EntryPoint\",\"urlTemplate\":\"https:\/\/mountainlikers.com\/en\/?s={search_term_string}\"},\"query-input\":{\"@type\":\"PropertyValueSpecification\",\"valueRequired\":true,\"valueName\":\"search_term_string\"}}],\"inLanguage\":\"es\"},{\"@type\":\"Organization\",\"@id\":\"https:\/\/mountainlikers.com\/en\/#organization\",\"name\":\"Mountainlikers\",\"url\":\"https:\/\/mountainlikers.com\/en\/\",\"logo\":{\"@type\":\"ImageObject\",\"inLanguage\":\"es\",\"@id\":\"https:\/\/mountainlikers.com\/en\/#\/schema\/logo\/image\/\",\"url\":\"https:\/\/mountainlikers.com\/wp-content\/uploads\/2025\/09\/MountainLikers-logo25-26.png\",\"contentUrl\":\"https:\/\/mountainlikers.com\/wp-content\/uploads\/2025\/09\/MountainLikers-logo25-26.png\",\"width\":1221,\"height\":942,\"caption\":\"Mountainlikers\"},\"image\":{\"@id\":\"https:\/\/mountainlikers.com\/en\/#\/schema\/logo\/image\/\"},\"sameAs\":[\"https:\/\/www.facebook.com\/mountainlikers\/\",\"https:\/\/x.com\/mountainlikers\",\"https:\/\/www.instagram.com\/mountainlikers\/\",\"https:\/\/www.youtube.com\/user\/mountainlikers\"]}]}<\/script>\n<!-- \/ Yoast SEO Premium plugin. -->","yoast_head_json":{"title":"13\u00ba CONGRESO MUNDIAL DE TURISMO DE NIEVE, MONTA\u00d1A Y BIENESTAR - Mountainlikers","robots":{"index":"index","follow":"follow","max-snippet":"max-snippet:-1","max-image-preview":"max-image-preview:large","max-video-preview":"max-video-preview:-1"},"canonical":"https:\/\/mountainlikers.com\/es\/botiga\/13e-congres-mundial-de-turisme-de-neu-muntanya-i-benestar\/","og_locale":"es_ES","og_type":"article","og_title":"13\u00e8 CONGR\u00c9S MUNDIAL DE TURISME DE NEU, MUNTANYA I BENESTAR","og_description":"El Congr\u00e9s Mundial de Turisme de Neu, Muntanya i Benestar d\u2019Andorra \u00e9s molt m\u00e9s que una trobada professional. \u00c9s un espai internacional...","og_url":"https:\/\/mountainlikers.com\/es\/botiga\/13e-congres-mundial-de-turisme-de-neu-muntanya-i-benestar\/","og_site_name":"Mountainlikers","article_publisher":"https:\/\/www.facebook.com\/mountainlikers\/","article_modified_time":"2026-03-27T11:42:29+00:00","og_image":[{"width":1200,"height":800,"url":"https:\/\/mountainlikers.com\/wp-content\/uploads\/revslider\/event-speaker\/121.jpg","type":"image\/jpeg"}],"twitter_card":"summary_large_image","twitter_site":"@mountainlikers","twitter_misc":{"Tiempo de lectura":"1 minuto"},"schema":{"@context":"https:\/\/schema.org","@graph":[{"@type":"WebPage","@id":"https:\/\/mountainlikers.com\/botiga\/13e-congres-mundial-de-turisme-de-neu-muntanya-i-benestar\/","url":"https:\/\/mountainlikers.com\/botiga\/13e-congres-mundial-de-turisme-de-neu-muntanya-i-benestar\/","name":"13\u00ba CONGRESO MUNDIAL DE TURISMO DE NIEVE, MONTA\u00d1A Y BIENESTAR - Mountainlikers","isPartOf":{"@id":"https:\/\/mountainlikers.com\/en\/#website"},"primaryImageOfPage":{"@id":"https:\/\/mountainlikers.com\/botiga\/13e-congres-mundial-de-turisme-de-neu-muntanya-i-benestar\/#primaryimage"},"image":{"@id":"https:\/\/mountainlikers.com\/botiga\/13e-congres-mundial-de-turisme-de-neu-muntanya-i-benestar\/#primaryimage"},"thumbnailUrl":"https:\/\/mountainlikers.com\/wp-content\/uploads\/revslider\/event-speaker\/121.jpg","datePublished":"2025-11-05T09:36:22+00:00","dateModified":"2026-03-27T11:42:29+00:00","breadcrumb":{"@id":"https:\/\/mountainlikers.com\/botiga\/13e-congres-mundial-de-turisme-de-neu-muntanya-i-benestar\/#breadcrumb"},"inLanguage":"es","potentialAction":[{"@type":"ReadAction","target":["https:\/\/mountainlikers.com\/botiga\/13e-congres-mundial-de-turisme-de-neu-muntanya-i-benestar\/"]}]},{"@type":"ImageObject","inLanguage":"es","@id":"https:\/\/mountainlikers.com\/botiga\/13e-congres-mundial-de-turisme-de-neu-muntanya-i-benestar\/#primaryimage","url":"https:\/\/mountainlikers.com\/wp-content\/uploads\/revslider\/event-speaker\/121.jpg","contentUrl":"https:\/\/mountainlikers.com\/wp-content\/uploads\/revslider\/event-speaker\/121.jpg","width":1200,"height":800},{"@type":"BreadcrumbList","@id":"https:\/\/mountainlikers.com\/botiga\/13e-congres-mundial-de-turisme-de-neu-muntanya-i-benestar\/#breadcrumb","itemListElement":[{"@type":"ListItem","position":1,"name":"Inici","item":"https:\/\/mountainlikers.com\/"},{"@type":"ListItem","position":2,"name":"Inscripci\u00f3","item":"https:\/\/mountainlikers.com\/shop-tickets\/"},{"@type":"ListItem","position":3,"name":"13\u00e8 CONGR\u00c9S MUNDIAL DE TURISME DE NEU, MUNTANYA I BENESTAR"}]},{"@type":"WebSite","@id":"https:\/\/mountainlikers.com\/en\/#website","url":"https:\/\/mountainlikers.com\/en\/","name":"Mountainlikers","description":"Congreso Mundial de Turismo de Nieve y Monte 2026","publisher":{"@id":"https:\/\/mountainlikers.com\/en\/#organization"},"potentialAction":[{"@type":"SearchAction","target":{"@type":"EntryPoint","urlTemplate":"https:\/\/mountainlikers.com\/en\/?s={search_term_string}"},"query-input":{"@type":"PropertyValueSpecification","valueRequired":true,"valueName":"search_term_string"}}],"inLanguage":"es"},{"@type":"Organization","@id":"https:\/\/mountainlikers.com\/en\/#organization","name":"Mountainlikers","url":"https:\/\/mountainlikers.com\/en\/","logo":{"@type":"ImageObject","inLanguage":"es","@id":"https:\/\/mountainlikers.com\/en\/#\/schema\/logo\/image\/","url":"https:\/\/mountainlikers.com\/wp-content\/uploads\/2025\/09\/MountainLikers-logo25-26.png","contentUrl":"https:\/\/mountainlikers.com\/wp-content\/uploads\/2025\/09\/MountainLikers-logo25-26.png","width":1221,"height":942,"caption":"Mountainlikers"},"image":{"@id":"https:\/\/mountainlikers.com\/en\/#\/schema\/logo\/image\/"},"sameAs":["https:\/\/www.facebook.com\/mountainlikers\/","https:\/\/x.com\/mountainlikers","https:\/\/www.instagram.com\/mountainlikers\/","https:\/\/www.youtube.com\/user\/mountainlikers"]}]}},"_links":{"self":[{"href":"https:\/\/mountainlikers.com\/es\/wp-json\/wp\/v2\/product\/14879","targetHints":{"allow":["GET"]}}],"collection":[{"href":"https:\/\/mountainlikers.com\/es\/wp-json\/wp\/v2\/product"}],"about":[{"href":"https:\/\/mountainlikers.com\/es\/wp-json\/wp\/v2\/types\/product"}],"author":[{"embeddable":true,"href":"https:\/\/mountainlikers.com\/es\/wp-json\/wp\/v2\/users\/1"}],"version-history":[{"count":2,"href":"https:\/\/mountainlikers.com\/es\/wp-json\/wp\/v2\/product\/14879\/revisions"}],"predecessor-version":[{"id":16072,"href":"https:\/\/mountainlikers.com\/es\/wp-json\/wp\/v2\/product\/14879\/revisions\/16072"}],"wp:featuredmedia":[{"embeddable":true,"href":"https:\/\/mountainlikers.com\/es\/wp-json\/wp\/v2\/media\/9586"}],"wp:attachment":[{"href":"https:\/\/mountainlikers.com\/es\/wp-json\/wp\/v2\/media?parent=14879"}],"wp:term":[{"taxonomy":"product_brand","embeddable":true,"href":"https:\/\/mountainlikers.com\/es\/wp-json\/wp\/v2\/product_brand?post=14879"},{"taxonomy":"product_cat","embeddable":true,"href":"https:\/\/mountainlikers.com\/es\/wp-json\/wp\/v2\/product_cat?post=14879"},{"taxonomy":"product_tag","embeddable":true,"href":"https:\/\/mountainlikers.com\/es\/wp-json\/wp\/v2\/product_tag?post=14879"}],"curies":[{"name":"wp","href":"https:\/\/api.w.org\/{rel}","templated":true}]}}