{"id":9968,"date":"2021-10-07T12:48:33","date_gmt":"2021-10-07T10:48:33","guid":{"rendered":"https:\/\/mountainlikers.com\/?page_id=9968"},"modified":"2023-11-17T13:14:48","modified_gmt":"2023-11-17T12:14:48","slug":"salutacio-ministre","status":"publish","type":"page","link":"https:\/\/mountainlikers.com\/es\/salutacio-ministre\/","title":{"rendered":"Salutaci\u00f3n del Ministro"},"content":{"rendered":"<div data-elementor-type=\"wp-page\" data-elementor-id=\"9968\" class=\"elementor elementor-9968\" data-elementor-post-type=\"page\">\n\t\t\t\t\t\t<section data-particle_enable=\"false\" data-particle-mobile-disabled=\"false\" class=\"elementor-section elementor-top-section elementor-element elementor-element-f1d01d2 elementor-section-stretched elementor-section-content-middle elementor-hidden-tablet elementor-section-boxed elementor-section-height-default elementor-section-height-default\" data-id=\"f1d01d2\" data-element_type=\"section\" data-e-type=\"section\" data-settings=\"{&quot;stretch_section&quot;:&quot;section-stretched&quot;,&quot;background_background&quot;:&quot;classic&quot;}\">\n\t\t\t\t\t\t<div class=\"elementor-container elementor-column-gap-default\">\n\t\t\t\t\t<div class=\"elementor-column elementor-col-100 elementor-top-column elementor-element elementor-element-9881fdb\" data-id=\"9881fdb\" data-element_type=\"column\" data-e-type=\"column\">\n\t\t\t<div class=\"elementor-widget-wrap elementor-element-populated\">\n\t\t\t\t\t\t<div class=\"elementor-element elementor-element-f36570b elementor-widget elementor-widget-image\" data-id=\"f36570b\" data-element_type=\"widget\" data-e-type=\"widget\" data-widget_type=\"image.default\">\n\t\t\t\t<div class=\"elementor-widget-container\">\n\t\t\t\t\t\t\t\t\t\t\t\t\t\t\t<img loading=\"lazy\" decoding=\"async\" width=\"1961\" height=\"2560\" src=\"https:\/\/mountainlikers.com\/wp-content\/uploads\/2023\/11\/T4A9591-44-scaled.jpg\" class=\"attachment-full size-full wp-image-12792\" alt=\"\" srcset=\"https:\/\/mountainlikers.com\/wp-content\/uploads\/2023\/11\/T4A9591-44-scaled.jpg 1961w, https:\/\/mountainlikers.com\/wp-content\/uploads\/2023\/11\/T4A9591-44-scaled-600x783.jpg 600w, https:\/\/mountainlikers.com\/wp-content\/uploads\/2023\/11\/T4A9591-44-scaled-800x1044.jpg 800w, https:\/\/mountainlikers.com\/wp-content\/uploads\/2023\/11\/T4A9591-44-230x300.jpg 230w, https:\/\/mountainlikers.com\/wp-content\/uploads\/2023\/11\/T4A9591-44-784x1024.jpg 784w, https:\/\/mountainlikers.com\/wp-content\/uploads\/2023\/11\/T4A9591-44-768x1003.jpg 768w, https:\/\/mountainlikers.com\/wp-content\/uploads\/2023\/11\/T4A9591-44-1176x1536.jpg 1176w, https:\/\/mountainlikers.com\/wp-content\/uploads\/2023\/11\/T4A9591-44-1568x2048.jpg 1568w, https:\/\/mountainlikers.com\/wp-content\/uploads\/2023\/11\/T4A9591-44-9x12.jpg 9w\" sizes=\"auto, (max-width: 1961px) 100vw, 1961px\" \/>\t\t\t\t\t\t\t\t\t\t\t\t\t\t\t<\/div>\n\t\t\t\t<\/div>\n\t\t\t\t<div class=\"elementor-element elementor-element-5e40766 elementor-widget elementor-widget-rs-heading\" data-id=\"5e40766\" data-element_type=\"widget\" data-e-type=\"widget\" data-widget_type=\"rs-heading.default\">\n\t\t\t\t<div class=\"elementor-widget-container\">\n\t\t\t\t\t        <div class=\"rs-heading style9\">\r\n        \t<div class=\"title-inner\">\r\n        \t\t      \t\t\r\n\t            <span class=\"sub-text\">12.\u00ba Congreso Mundial de Turismo de Nieve, Monta\u00f1a y Bienestar<\/span> <h2 class=\"title\"><span class=\"watermark\"><\/span>MENSAJE DEL MINISTRO<\/h2><div class=\"title-img bottom-img\"><img decoding=\"async\" src=\"http:\/\/rstheme.com\/products\/wordpress\/eventeo-elementor\/wp-content\/uploads\/2020\/01\/aboutline_1.png\" \/><\/div>\t        <\/div>\r\n\t                <\/div>\r\n        \t\t\t\t<\/div>\n\t\t\t\t<\/div>\n\t\t\t\t<div class=\"elementor-element elementor-element-1151e1a elementor-widget elementor-widget-text-editor\" data-id=\"1151e1a\" data-element_type=\"widget\" data-e-type=\"widget\" data-widget_type=\"text-editor.default\">\n\t\t\t\t<div class=\"elementor-widget-container\">\n\t\t\t\t\t\t\t\t\t<p style=\"font-weight: 400;\">Estimados participantes,<\/p><p style=\"font-weight: 400;\">En la pasada edici\u00f3n del 2022 del Congreso Mundial del Turismo de Nieve y Monta\u00f1a, se debati\u00f3 como recuperar el turismo despu\u00e9s de la pandemia, bajo el t\u00edtulo \u201cUna nueva mirada hacia el futuro\u201d. Hoy, tras una ardua tarea de las administraciones p\u00fablicas para incentivar y ayudar el sector, y tras ver c\u00f3mo las empresas locales han afrontado, no sin dificultad, esta situaci\u00f3n, podemos decir que el sector tur\u00edstico ha lidiado con esta tremenda crisis, demostrando una gran resiliencia. Debemos continuar en el empe\u00f1o para fortalecer el sector del turismo y mantener su aportaci\u00f3n a las econom\u00edas de los territorios de monta\u00f1a.<\/p><p style=\"font-weight: 400;\">No sin esfuerzo, el Principado de Andorra, en esta \u00e9poca de recuperaci\u00f3n, gracias a su privilegiada riqueza natural y su gran variedad de actividades en un entorno saludable, contabiliz\u00f3 un aumento de pernoctaciones, superando por primera vez 10 millones de pernoctaciones anuales.<\/p><p style=\"font-weight: 400;\">Sin duda, el turismo es uno de los sectores que m\u00e1s impulsa nuestras econom\u00edas, por ello, la duod\u00e9cima edici\u00f3n del Congreso, pretende introducir nuevas tem\u00e1ticas, poniendo especial \u00e9nfasis en el turismo de bienestar, salud y termalismo. Combinar bienestar personal, adem\u00e1s de relajarse en el destino vacacional o hacer actividades al aire libre, el turismo lento, la inmersi\u00f3n en la cultura local son otros est\u00edmulos que busca cada vez m\u00e1s el turista que quiere romper con la rutina de un mundo acelerado.<\/p><p style=\"font-weight: 400;\">Por supuesto, abordaremos otros temas de actualidad que nos ayuden a mejorar la oferta tur\u00edstica, de monta\u00f1a y de nieve. Hablaremos de productos tur\u00edsticos, de patrimonio, de identidad y de la calidad de los servicios. Formaci\u00f3n, capacitaci\u00f3n, sostenibilidad y turismo responsable ser\u00e1n siempre elementos clave de los debates. Adem\u00e1s, la IA se ha convertido en una poderosa herramienta, siendo la mejor aliada para los agentes tur\u00edsticos y el visitante.<\/p><p style=\"font-weight: 400;\">Este Congreso organizado en el Pa\u00eds de los Pirineos, es un encuentro que re\u00fane un amplio abanico de profesionales del turismo, desde responsables de la gesti\u00f3n de destinos tur\u00edsticos de monta\u00f1a, expertos y empresarios de todos los \u00e1mbitos.<\/p><p style=\"font-weight: 400;\">Juntos, llevaremos a cabo debates entre el p\u00fablico asistente y expertos invitados, para mejorar la experiencia de los viajeros durante su estancia en el destino elegido.<\/p><p style=\"font-weight: 400;\">Queremos contar con vuestra presencia, durante estos tres d\u00edas de evento, para establecer colaboraciones que impulsen el turismo en las zonas de monta\u00f1a, en beneficio de los turistas, de los profesionales, de los residentes y del destino.<\/p><p style=\"font-weight: 400;\"><strong>\u00a1Os esperamos en Andorra del 20 al 22 de marzo de 2024!<\/strong><\/p>\t\t\t\t\t\t\t\t<\/div>\n\t\t\t\t<\/div>\n\t\t\t\t\t<\/div>\n\t\t<\/div>\n\t\t\t\t\t<\/div>\n\t\t<\/section>\n\t\t\t\t<section data-particle_enable=\"false\" data-particle-mobile-disabled=\"false\" class=\"elementor-section elementor-top-section elementor-element elementor-element-0edb8b6 elementor-hidden-desktop elementor-hidden-mobile elementor-section-boxed elementor-section-height-default elementor-section-height-default\" data-id=\"0edb8b6\" data-element_type=\"section\" data-e-type=\"section\">\n\t\t\t\t\t\t<div class=\"elementor-container elementor-column-gap-default\">\n\t\t\t\t\t<div class=\"elementor-column elementor-col-100 elementor-top-column elementor-element elementor-element-0fc2bb6\" data-id=\"0fc2bb6\" data-element_type=\"column\" data-e-type=\"column\">\n\t\t\t<div class=\"elementor-widget-wrap elementor-element-populated\">\n\t\t\t\t\t\t<div class=\"elementor-element elementor-element-1a259cf elementor-hidden-desktop elementor-widget elementor-widget-image\" data-id=\"1a259cf\" data-element_type=\"widget\" data-e-type=\"widget\" data-widget_type=\"image.default\">\n\t\t\t\t<div class=\"elementor-widget-container\">\n\t\t\t\t\t\t\t\t\t\t\t\t\t\t\t<img loading=\"lazy\" decoding=\"async\" width=\"640\" height=\"438\" src=\"https:\/\/mountainlikers.com\/wp-content\/uploads\/2021\/11\/Ministre_-Jordi-Torres_Andorra-1024x701.jpg\" class=\"attachment-large size-large wp-image-10657\" alt=\"\" srcset=\"https:\/\/mountainlikers.com\/wp-content\/uploads\/2021\/11\/Ministre_-Jordi-Torres_Andorra-1024x701.jpg 1024w, https:\/\/mountainlikers.com\/wp-content\/uploads\/2021\/11\/Ministre_-Jordi-Torres_Andorra-600x411.jpg 600w, https:\/\/mountainlikers.com\/wp-content\/uploads\/2021\/11\/Ministre_-Jordi-Torres_Andorra-800x548.jpg 800w, https:\/\/mountainlikers.com\/wp-content\/uploads\/2021\/11\/Ministre_-Jordi-Torres_Andorra-300x205.jpg 300w, https:\/\/mountainlikers.com\/wp-content\/uploads\/2021\/11\/Ministre_-Jordi-Torres_Andorra-768x526.jpg 768w, https:\/\/mountainlikers.com\/wp-content\/uploads\/2021\/11\/Ministre_-Jordi-Torres_Andorra-1536x1051.jpg 1536w, https:\/\/mountainlikers.com\/wp-content\/uploads\/2021\/11\/Ministre_-Jordi-Torres_Andorra-18x12.jpg 18w, https:\/\/mountainlikers.com\/wp-content\/uploads\/2021\/11\/Ministre_-Jordi-Torres_Andorra.jpg 2000w\" sizes=\"auto, (max-width: 640px) 100vw, 640px\" \/>\t\t\t\t\t\t\t\t\t\t\t\t\t\t\t<\/div>\n\t\t\t\t<\/div>\n\t\t\t\t<div class=\"elementor-element elementor-element-f79c2be elementor-widget elementor-widget-rs-heading\" data-id=\"f79c2be\" data-element_type=\"widget\" data-e-type=\"widget\" data-widget_type=\"rs-heading.default\">\n\t\t\t\t<div class=\"elementor-widget-container\">\n\t\t\t\t\t        <div class=\"rs-heading style9\">\r\n        \t<div class=\"title-inner\">\r\n        \t\t      \t\t\r\n\t            <span class=\"sub-text\">11.\u00ba Congreso Mundial sobre Turismo de Nieve y de Monta\u00f1a<\/span> <h2 class=\"title\"><span class=\"watermark\"><\/span>Salutaci\u00f3n del Ministro<\/h2><div class=\"title-img bottom-img\"><img decoding=\"async\" src=\"http:\/\/rstheme.com\/products\/wordpress\/eventeo-elementor\/wp-content\/uploads\/2020\/01\/aboutline_1.png\" \/><\/div>\t        <\/div>\r\n\t                <\/div>\r\n        \t\t\t\t<\/div>\n\t\t\t\t<\/div>\n\t\t\t\t<div class=\"elementor-element elementor-element-0085445 elementor-widget elementor-widget-text-editor\" data-id=\"0085445\" data-element_type=\"widget\" data-e-type=\"widget\" data-widget_type=\"text-editor.default\">\n\t\t\t\t<div class=\"elementor-widget-container\">\n\t\t\t\t\t\t\t\t\t<p style=\"text-align: justify;\">Estimados participantes,<br \/>\u00a0<br \/>El 10 de marzo de 2020 tuvimos que posponer la celebraci\u00f3n del Congreso Mundial de Turismo de Nieve y de Monta\u00f1a por la situaci\u00f3n de emergencia sanitaria causada por la pandemia del SARS-CoV-2. Es un placer para m\u00ed anunciar que la organizaci\u00f3n de este Congreso se activa nuevamente gracias a la implicaci\u00f3n de los siete municipios (Comuns) y del Gobierno de Andorra, y de la Organizaci\u00f3n Mundial del Turismo (OMT). Canillo ser\u00e1 la parroquia anfitriona de esta und\u00e9cima edici\u00f3n.<br \/>Todos sab\u00e9is que el turismo ha sido uno de los sectores m\u00e1s afectados por la pandemia y que las consecuencias sobre nuestra econom\u00eda han tenido un impacto enorme en el tejido empresarial y en los lugares de trabajo, si bien es cierto que la resiliencia de nuestro sector nos ha ayudado a ser innovadores, a replantearnos todo lo que hab\u00edamos consolidado con esfuerzo y tiempo, y a escuchar las demandas de los turistas y cuidarlas, dando por sentado de que la salud, los protocolos para evitar la propagaci\u00f3n de la COVID-19, los cribados y la vacunaci\u00f3n son algunos de los elementos clave que nos permiten ver el futuro con cierto optimismo.<br \/>La pandemia nos ha obligado a transformar la gesti\u00f3n de las empresas aplicando m\u00e1s que nunca las nuevas tecnolog\u00edas, a reinventarnos, a cambiar los h\u00e1bitos de consumo, a trabajar para recuperar la confianza de los viajeros y, en definitiva, a revertir de la mejor manera posible los efectos causados por la pandemia. <br \/>Por este motivo, es primordial que, ante la impactante ca\u00edda de uno de los sectores m\u00e1s importantes de la econom\u00eda mundial como es el turismo, nos encontremos durante el Congreso, y que tengamos la oportunidad de tratar y debatir sobre temas que nos ayudar\u00e1n a reactivar el turismo y dise\u00f1ar cu\u00e1l ser\u00e1 el modelo o los modelos pospand\u00e9micos.\u00a0\u00a0\u00a0\u00a0\u00a0\u00a0\u00a0\u00a0\u00a0\u00a0\u00a0\u00a0\u00a0\u00a0\u00a0\u00a0\u00a0\u00a0\u00a0\u00a0\u00a0\u00a0\u00a0\u00a0\u00a0\u00a0\u00a0\u00a0\u00a0\u00a0\u00a0\u00a0\u00a0\u00a0\u00a0\u00a0\u00a0\u00a0\u00a0\u00a0\u00a0\u00a0\u00a0\u00a0\u00a0\u00a0\u00a0\u00a0\u00a0\u00a0\u00a0\u00a0\u00a0\u00a0\u00a0\u00a0\u00a0\u00a0\u00a0\u00a0\u00a0\u00a0\u00a0\u00a0\u00a0\u00a0\u00a0\u00a0\u00a0\u00a0\u00a0\u00a0\u00a0\u00a0\u00a0\u00a0\u00a0\u00a0<br \/>Andorra ha aprendido a adaptarse, y desde el 13 de marzo de 2020 ha dirigido todos sus esfuerzos en buscar el equilibrio entre salud y econom\u00eda. Desde el primer momento se ha priorizado la salud de los ciudadanos, al tiempo que se defin\u00edan los protocolos para garantizar la m\u00e1xima seguridad posible a los visitantes. Por otra parte, las autoridades espa\u00f1olas han aprobado un paquete de medidas econ\u00f3micas sin precedentes para ayudar el tejido empresarial y garantizar los puestos de trabajo. Estas y muchas otras acciones del conjunto de la sociedad nos permiten, hoy, prever una buena reactivaci\u00f3n de la actividad tur\u00edstica.<br \/>La recesi\u00f3n econ\u00f3mica plantea retos complejos en el sector tur\u00edstico, y es primordial contribuir y cooperar entre todos los actores implicados para la recuperaci\u00f3n de este sector. Por ello, reencontrar los profesionales y los expertos en turismo en el Congreso nos da la garant\u00eda que se debatir\u00e1n asuntos que permitir\u00e1n trazar el futuro del turismo de monta\u00f1a.<br \/>Seguro que la sostenibilidad, el medio ambiente, la salud y el bienestar, la transformaci\u00f3n digital, la inteligencia artificial y las nuevas tendencias del turismo son temas que nos interesan a todos y sobre los que queremos debatir durante los dos d\u00edas del Congreso.\u00a0 <br \/>Quiero animaros a que nos visit\u00e9is y particip\u00e9is en este Congreso, en el que los expertos nos transferir\u00e1n sus valiosas experiencias y nos dar\u00e1n herramientas para fortalecer los destinos tur\u00edsticos de monta\u00f1a.<br \/>\u00a0<br \/>\u00a1Os esperamos!<br \/>\u00a0<br \/>Jordi Torres Falc\u00f3<\/p>\t\t\t\t\t\t\t\t<\/div>\n\t\t\t\t<\/div>\n\t\t\t\t\t<\/div>\n\t\t<\/div>\n\t\t\t\t\t<\/div>\n\t\t<\/section>\n\t\t\t\t<section data-particle_enable=\"false\" data-particle-mobile-disabled=\"false\" class=\"elementor-section elementor-top-section elementor-element elementor-element-17e81e4 elementor-section-stretched elementor-section-boxed elementor-section-height-default elementor-section-height-default\" data-id=\"17e81e4\" data-element_type=\"section\" data-e-type=\"section\" data-settings=\"{&quot;stretch_section&quot;:&quot;section-stretched&quot;,&quot;background_background&quot;:&quot;classic&quot;}\">\n\t\t\t\t\t\t<div class=\"elementor-container elementor-column-gap-default\">\n\t\t\t\t\t<div class=\"elementor-column elementor-col-33 elementor-top-column elementor-element elementor-element-43fad95\" data-id=\"43fad95\" data-element_type=\"column\" data-e-type=\"column\">\n\t\t\t<div class=\"elementor-widget-wrap\">\n\t\t\t\t\t\t\t<\/div>\n\t\t<\/div>\n\t\t\t\t<div class=\"elementor-column elementor-col-33 elementor-top-column elementor-element elementor-element-7063f8a\" data-id=\"7063f8a\" data-element_type=\"column\" data-e-type=\"column\">\n\t\t\t<div class=\"elementor-widget-wrap\">\n\t\t\t\t\t\t\t<\/div>\n\t\t<\/div>\n\t\t\t\t<div class=\"elementor-column elementor-col-33 elementor-top-column elementor-element elementor-element-32b95fb\" data-id=\"32b95fb\" data-element_type=\"column\" data-e-type=\"column\">\n\t\t\t<div class=\"elementor-widget-wrap\">\n\t\t\t\t\t\t\t<\/div>\n\t\t<\/div>\n\t\t\t\t\t<\/div>\n\t\t<\/section>\n\t\t\t\t<\/div>","protected":false},"excerpt":{"rendered":"<p>12\u00e8 CONGR\u00c9S MUNDIAL DE TURISME DE NEU, MUNTANYA I BENESTAR MISSATGE DEL MINISTRE Estimats participants, En la passada edici\u00f3 del Congr\u00e9s Mundial&#8230;<\/p>","protected":false},"author":1,"featured_media":0,"parent":0,"menu_order":0,"comment_status":"closed","ping_status":"closed","template":"","meta":{"footnotes":""},"class_list":["post-9968","page","type-page","status-publish","hentry"],"yoast_head":"<!-- This site is optimized with the Yoast SEO Premium plugin v26.3 (Yoast SEO v27.2) - https:\/\/yoast.com\/product\/yoast-seo-premium-wordpress\/ -->\n<title>Salutaci\u00f3 Ministre - Mountainlikers<\/title>\n<meta name=\"robots\" content=\"index, follow, max-snippet:-1, max-image-preview:large, max-video-preview:-1\" \/>\n<link rel=\"canonical\" href=\"https:\/\/mountainlikers.com\/es\/salutacio-ministre\/\" \/>\n<meta property=\"og:locale\" content=\"es_ES\" \/>\n<meta property=\"og:type\" content=\"article\" \/>\n<meta property=\"og:title\" content=\"Salutaci\u00f3 Ministre\" \/>\n<meta property=\"og:description\" content=\"12\u00e8 CONGR\u00c9S MUNDIAL DE TURISME DE NEU, MUNTANYA I BENESTAR MISSATGE DEL MINISTRE Estimats participants, En la passada edici\u00f3 del Congr\u00e9s Mundial...\" \/>\n<meta property=\"og:url\" content=\"https:\/\/mountainlikers.com\/es\/salutacio-ministre\/\" \/>\n<meta property=\"og:site_name\" content=\"Mountainlikers\" \/>\n<meta property=\"article:publisher\" content=\"https:\/\/www.facebook.com\/mountainlikers\/\" \/>\n<meta property=\"article:modified_time\" content=\"2023-11-17T12:14:48+00:00\" \/>\n<meta property=\"og:image\" content=\"https:\/\/mountainlikers.com\/wp-content\/uploads\/2023\/11\/T4A9591-44-scaled.jpg\" \/>\n\t<meta property=\"og:image:width\" content=\"1961\" \/>\n\t<meta property=\"og:image:height\" content=\"2560\" \/>\n\t<meta property=\"og:image:type\" content=\"image\/jpeg\" \/>\n<meta name=\"twitter:card\" content=\"summary_large_image\" \/>\n<meta name=\"twitter:site\" content=\"@mountainlikers\" \/>\n<meta name=\"twitter:label1\" content=\"Tiempo de lectura\" \/>\n\t<meta name=\"twitter:data1\" content=\"5 minutos\" \/>\n<script type=\"application\/ld+json\" class=\"yoast-schema-graph\">{\"@context\":\"https:\/\/schema.org\",\"@graph\":[{\"@type\":\"WebPage\",\"@id\":\"https:\/\/mountainlikers.com\/salutacio-ministre\/\",\"url\":\"https:\/\/mountainlikers.com\/salutacio-ministre\/\",\"name\":\"Salutaci\u00f3 Ministre - Mountainlikers\",\"isPartOf\":{\"@id\":\"https:\/\/mountainlikers.com\/en\/#website\"},\"primaryImageOfPage\":{\"@id\":\"https:\/\/mountainlikers.com\/salutacio-ministre\/#primaryimage\"},\"image\":{\"@id\":\"https:\/\/mountainlikers.com\/salutacio-ministre\/#primaryimage\"},\"thumbnailUrl\":\"https:\/\/mountainlikers.com\/wp-content\/uploads\/2023\/11\/T4A9591-44-scaled.jpg\",\"datePublished\":\"2021-10-07T10:48:33+00:00\",\"dateModified\":\"2023-11-17T12:14:48+00:00\",\"breadcrumb\":{\"@id\":\"https:\/\/mountainlikers.com\/salutacio-ministre\/#breadcrumb\"},\"inLanguage\":\"es\",\"potentialAction\":[{\"@type\":\"ReadAction\",\"target\":[\"https:\/\/mountainlikers.com\/salutacio-ministre\/\"]}]},{\"@type\":\"ImageObject\",\"inLanguage\":\"es\",\"@id\":\"https:\/\/mountainlikers.com\/salutacio-ministre\/#primaryimage\",\"url\":\"https:\/\/mountainlikers.com\/wp-content\/uploads\/2023\/11\/T4A9591-44-scaled.jpg\",\"contentUrl\":\"https:\/\/mountainlikers.com\/wp-content\/uploads\/2023\/11\/T4A9591-44-scaled.jpg\"},{\"@type\":\"BreadcrumbList\",\"@id\":\"https:\/\/mountainlikers.com\/salutacio-ministre\/#breadcrumb\",\"itemListElement\":[{\"@type\":\"ListItem\",\"position\":1,\"name\":\"Inici\",\"item\":\"https:\/\/mountainlikers.com\/\"},{\"@type\":\"ListItem\",\"position\":2,\"name\":\"Salutaci\u00f3 Ministre\"}]},{\"@type\":\"WebSite\",\"@id\":\"https:\/\/mountainlikers.com\/en\/#website\",\"url\":\"https:\/\/mountainlikers.com\/en\/\",\"name\":\"Mountainlikers\",\"description\":\"Congr\u00e9s Mundial de Turisme de Neu i Muntanya 2026\",\"publisher\":{\"@id\":\"https:\/\/mountainlikers.com\/en\/#organization\"},\"potentialAction\":[{\"@type\":\"SearchAction\",\"target\":{\"@type\":\"EntryPoint\",\"urlTemplate\":\"https:\/\/mountainlikers.com\/en\/?s={search_term_string}\"},\"query-input\":{\"@type\":\"PropertyValueSpecification\",\"valueRequired\":true,\"valueName\":\"search_term_string\"}}],\"inLanguage\":\"es\"},{\"@type\":\"Organization\",\"@id\":\"https:\/\/mountainlikers.com\/en\/#organization\",\"name\":\"Mountainlikers\",\"url\":\"https:\/\/mountainlikers.com\/en\/\",\"logo\":{\"@type\":\"ImageObject\",\"inLanguage\":\"es\",\"@id\":\"https:\/\/mountainlikers.com\/en\/#\/schema\/logo\/image\/\",\"url\":\"https:\/\/mountainlikers.com\/wp-content\/uploads\/2025\/09\/MountainLikers-logo25-26.png\",\"contentUrl\":\"https:\/\/mountainlikers.com\/wp-content\/uploads\/2025\/09\/MountainLikers-logo25-26.png\",\"width\":1221,\"height\":942,\"caption\":\"Mountainlikers\"},\"image\":{\"@id\":\"https:\/\/mountainlikers.com\/en\/#\/schema\/logo\/image\/\"},\"sameAs\":[\"https:\/\/www.facebook.com\/mountainlikers\/\",\"https:\/\/x.com\/mountainlikers\",\"https:\/\/www.instagram.com\/mountainlikers\/\",\"https:\/\/www.youtube.com\/user\/mountainlikers\"]}]}<\/script>\n<!-- \/ Yoast SEO Premium plugin. -->","yoast_head_json":{"title":"Saludos, ministro - Mountainlikers","robots":{"index":"index","follow":"follow","max-snippet":"max-snippet:-1","max-image-preview":"max-image-preview:large","max-video-preview":"max-video-preview:-1"},"canonical":"https:\/\/mountainlikers.com\/es\/salutacio-ministre\/","og_locale":"es_ES","og_type":"article","og_title":"Salutaci\u00f3 Ministre","og_description":"12\u00e8 CONGR\u00c9S MUNDIAL DE TURISME DE NEU, MUNTANYA I BENESTAR MISSATGE DEL MINISTRE Estimats participants, En la passada edici\u00f3 del Congr\u00e9s Mundial...","og_url":"https:\/\/mountainlikers.com\/es\/salutacio-ministre\/","og_site_name":"Mountainlikers","article_publisher":"https:\/\/www.facebook.com\/mountainlikers\/","article_modified_time":"2023-11-17T12:14:48+00:00","og_image":[{"width":1961,"height":2560,"url":"https:\/\/mountainlikers.com\/wp-content\/uploads\/2023\/11\/T4A9591-44-scaled.jpg","type":"image\/jpeg"}],"twitter_card":"summary_large_image","twitter_site":"@mountainlikers","twitter_misc":{"Tiempo de lectura":"5 minutos"},"schema":{"@context":"https:\/\/schema.org","@graph":[{"@type":"WebPage","@id":"https:\/\/mountainlikers.com\/salutacio-ministre\/","url":"https:\/\/mountainlikers.com\/salutacio-ministre\/","name":"Saludos, ministro - Mountainlikers","isPartOf":{"@id":"https:\/\/mountainlikers.com\/en\/#website"},"primaryImageOfPage":{"@id":"https:\/\/mountainlikers.com\/salutacio-ministre\/#primaryimage"},"image":{"@id":"https:\/\/mountainlikers.com\/salutacio-ministre\/#primaryimage"},"thumbnailUrl":"https:\/\/mountainlikers.com\/wp-content\/uploads\/2023\/11\/T4A9591-44-scaled.jpg","datePublished":"2021-10-07T10:48:33+00:00","dateModified":"2023-11-17T12:14:48+00:00","breadcrumb":{"@id":"https:\/\/mountainlikers.com\/salutacio-ministre\/#breadcrumb"},"inLanguage":"es","potentialAction":[{"@type":"ReadAction","target":["https:\/\/mountainlikers.com\/salutacio-ministre\/"]}]},{"@type":"ImageObject","inLanguage":"es","@id":"https:\/\/mountainlikers.com\/salutacio-ministre\/#primaryimage","url":"https:\/\/mountainlikers.com\/wp-content\/uploads\/2023\/11\/T4A9591-44-scaled.jpg","contentUrl":"https:\/\/mountainlikers.com\/wp-content\/uploads\/2023\/11\/T4A9591-44-scaled.jpg"},{"@type":"BreadcrumbList","@id":"https:\/\/mountainlikers.com\/salutacio-ministre\/#breadcrumb","itemListElement":[{"@type":"ListItem","position":1,"name":"Inici","item":"https:\/\/mountainlikers.com\/"},{"@type":"ListItem","position":2,"name":"Salutaci\u00f3 Ministre"}]},{"@type":"WebSite","@id":"https:\/\/mountainlikers.com\/en\/#website","url":"https:\/\/mountainlikers.com\/en\/","name":"Mountainlikers","description":"Congreso Mundial de Turismo de Nieve y Monte 2026","publisher":{"@id":"https:\/\/mountainlikers.com\/en\/#organization"},"potentialAction":[{"@type":"SearchAction","target":{"@type":"EntryPoint","urlTemplate":"https:\/\/mountainlikers.com\/en\/?s={search_term_string}"},"query-input":{"@type":"PropertyValueSpecification","valueRequired":true,"valueName":"search_term_string"}}],"inLanguage":"es"},{"@type":"Organization","@id":"https:\/\/mountainlikers.com\/en\/#organization","name":"Mountainlikers","url":"https:\/\/mountainlikers.com\/en\/","logo":{"@type":"ImageObject","inLanguage":"es","@id":"https:\/\/mountainlikers.com\/en\/#\/schema\/logo\/image\/","url":"https:\/\/mountainlikers.com\/wp-content\/uploads\/2025\/09\/MountainLikers-logo25-26.png","contentUrl":"https:\/\/mountainlikers.com\/wp-content\/uploads\/2025\/09\/MountainLikers-logo25-26.png","width":1221,"height":942,"caption":"Mountainlikers"},"image":{"@id":"https:\/\/mountainlikers.com\/en\/#\/schema\/logo\/image\/"},"sameAs":["https:\/\/www.facebook.com\/mountainlikers\/","https:\/\/x.com\/mountainlikers","https:\/\/www.instagram.com\/mountainlikers\/","https:\/\/www.youtube.com\/user\/mountainlikers"]}]}},"_links":{"self":[{"href":"https:\/\/mountainlikers.com\/es\/wp-json\/wp\/v2\/pages\/9968","targetHints":{"allow":["GET"]}}],"collection":[{"href":"https:\/\/mountainlikers.com\/es\/wp-json\/wp\/v2\/pages"}],"about":[{"href":"https:\/\/mountainlikers.com\/es\/wp-json\/wp\/v2\/types\/page"}],"author":[{"embeddable":true,"href":"https:\/\/mountainlikers.com\/es\/wp-json\/wp\/v2\/users\/1"}],"replies":[{"embeddable":true,"href":"https:\/\/mountainlikers.com\/es\/wp-json\/wp\/v2\/comments?post=9968"}],"version-history":[{"count":18,"href":"https:\/\/mountainlikers.com\/es\/wp-json\/wp\/v2\/pages\/9968\/revisions"}],"predecessor-version":[{"id":12798,"href":"https:\/\/mountainlikers.com\/es\/wp-json\/wp\/v2\/pages\/9968\/revisions\/12798"}],"wp:attachment":[{"href":"https:\/\/mountainlikers.com\/es\/wp-json\/wp\/v2\/media?parent=9968"}],"curies":[{"name":"wp","href":"https:\/\/api.w.org\/{rel}","templated":true}]}}