{"id":2205,"date":"2017-11-15T08:03:35","date_gmt":"2017-11-15T07:03:35","guid":{"rendered":"https:\/\/mountainlikers.com\/?page_id=2205"},"modified":"2022-01-12T12:02:39","modified_gmt":"2022-01-12T11:02:39","slug":"termes-i-condicions","status":"publish","type":"page","link":"https:\/\/mountainlikers.com\/es\/termes-i-condicions\/","title":{"rendered":"t\u00e9rminos y condiciones"},"content":{"rendered":"<p style=\"text-align: justify;\"><strong>Aviso legal<\/strong><\/p>\n<p style=\"text-align: justify;\"><a href=\"http:\/\/www.mountainlikers.com\u00a0\">www.mountainlikers.com\u00a0<\/a>es un dominio de Internet de titularidad del Govern de Andorra.<\/p>\n<p style=\"text-align: justify;\">El acceso a este sitio web ya la informaci\u00f3n contenida comporta la aceptaci\u00f3n de las condiciones previstas en este aviso legal. Por este motivo, le recomendamos que lea atentamente el contenido de este aviso si desea acceder y utilizar la informaci\u00f3n y los servicios que se ofrecen desde la web.<\/p>\n<p style=\"text-align: justify;\">El usuario, por medio de las diferentes \u00e1reas que forman parte del sitio web, puede visitar, obtener informaci\u00f3n, utilizar una serie de aplicaciones, dirigir solicitudes o comunicaciones.<\/p>\n<p style=\"text-align: justify;\">El Gobierno de Andorra no se responsabiliza del contenido de terceros al que se pueda acceder mediante los enlaces contenidos en la web ya que el Gobierno no gestiona ni controla en ning\u00fan momento. Con los efectos legales, se entiende que cualquier relaci\u00f3n contractual o extracontractual que el usuario lleve a cabo con terceros contactados mediante la web se realiza \u00fanica y exclusivamente entre el usuario y los terceros. El usuario acepta que el Gobierno no tenga ninguna responsabilidad sobre los da\u00f1os o perjuicios de cualquier naturaleza ocasionados con motivo de las negociaciones, conversaciones o relaciones contractuales o extracontractuales entre el usuario y terceros contactados por medio del Portal.<\/p>\n<p style=\"text-align: justify;\">El buz\u00f3n de contacto de la web tiene car\u00e1cter meramente informativo, sin que, en ning\u00fan caso, puedan derivarse responsabilidades jur\u00eddicas vinculantes en caso de respuesta.<\/p>\n<p style=\"text-align: justify;\"><strong>Pol\u00edtica de privacidad<\/strong><\/p>\n<p style=\"text-align: justify;\">Protecci\u00f3n de datos personales<\/p>\n<p style=\"text-align: justify;\">De conformidad con la ley 15\/2003 de 18 de diciembre, calificada de protecci\u00f3n de datos personales, se informa que todos los datos que puedan ser facilitados por parte de los usuarios se tratar\u00e1n con absoluta confidencialidad.<\/p>\n<p style=\"text-align: justify;\">Recogida de datos estad\u00edsticos<\/p>\n<p style=\"text-align: justify;\">\u00danicamente, con el fin de ofrecerle un mejor servicio a trav\u00e9s de esta p\u00e1gina y con el objetivo de facilitar su uso, se analiza el n\u00famero de p\u00e1ginas visitadas, n\u00famero de visitas, as\u00ed como la actividad y frecuencia de utilizaci\u00f3n de los usuarios. Estos datos se utilizan con la exclusiva finalidad de obtener informaci\u00f3n estad\u00edstica an\u00f3nima sobre el uso del sitio web o para controlar su concreto funcionamiento t\u00e9cnico y se cancelan inmediatamente despu\u00e9s de su elaboraci\u00f3n.<\/p>\n<p style=\"text-align: justify;\">En ning\u00fan caso se utilizan cookies (cookies) para la adquisici\u00f3n de datos personales identificativos del usuario ni se registran sus direcciones IP.<\/p>\n<p style=\"text-align: justify;\">Esta pol\u00edtica de privacidad es de \u00fanica aplicaci\u00f3n a esta p\u00e1gina web y no se garantiza en los accesos a trav\u00e9s de enlaces a otras p\u00e1ginas web.<\/p>\n<p style=\"text-align: justify;\"><strong>Pol\u00edtica de uso<\/strong><\/p>\n<p style=\"text-align: justify;\">Todos los derechos est\u00e1n reservados. Todo acceso a este sitio web est\u00e1 sujeto a las siguientes condiciones:<\/p>\n<p style=\"text-align: justify;\">El Gobierno de Andorra no es responsable de los da\u00f1os causados por el acceso a la web o por la imposibilidad de acceder, tampoco se hace responsable de la informaci\u00f3n obtenida a trav\u00e9s de enlaces a sistemas externos que no sean dependientes del Gobierno.<br \/>\nS\u00f3lo est\u00e1 autorizado el uso personal de las im\u00e1genes y archivos que pueden descargarse de la web. Su uso comercial no est\u00e1 permitido. No est\u00e1 permitida la modificaci\u00f3n de la web ni de sus contenidos.<\/p>\n<p style=\"text-align: justify;\">Esta pol\u00edtica de privacidad es de \u00fanica aplicaci\u00f3n a esta p\u00e1gina web y no se garantiza en los accesos a trav\u00e9s de enlaces a otras p\u00e1ginas web.<\/p>\n<p style=\"text-align: justify;\">Gobierno de Andorra<br \/>\nCalle Prat de la creu, 62-64<br \/>\nAD500 Andorra la Vella<br \/>\nPrincipado de Andorra<br \/>\nTel\u00e9fono +376 875 700<\/p>","protected":false},"excerpt":{"rendered":"<p>Av\u00eds legal www.mountainlikers.com\u00a0\u00e9s un domini d&#8217;Internet de titularitat del Govern d&#8217;Andorra. L&#8217;acc\u00e9s a aquest p\u00e0gina web i a la informaci\u00f3 continguda comporta&#8230;<\/p>","protected":false},"author":1,"featured_media":0,"parent":0,"menu_order":0,"comment_status":"closed","ping_status":"closed","template":"","meta":{"footnotes":""},"class_list":["post-2205","page","type-page","status-publish","hentry"],"yoast_head":"<!-- This site is optimized with the Yoast SEO Premium plugin v26.3 (Yoast SEO v27.2) - https:\/\/yoast.com\/product\/yoast-seo-premium-wordpress\/ -->\n<title>termes i condicions - Mountainlikers<\/title>\n<meta name=\"robots\" content=\"index, follow, max-snippet:-1, max-image-preview:large, max-video-preview:-1\" \/>\n<link rel=\"canonical\" href=\"https:\/\/mountainlikers.com\/es\/termes-i-condicions\/\" \/>\n<meta property=\"og:locale\" content=\"es_ES\" \/>\n<meta property=\"og:type\" content=\"article\" \/>\n<meta property=\"og:title\" content=\"termes i condicions\" \/>\n<meta property=\"og:description\" content=\"Av\u00eds legal www.mountainlikers.com\u00a0\u00e9s un domini d&#8217;Internet de titularitat del Govern d&#8217;Andorra. L&#8217;acc\u00e9s a aquest p\u00e0gina web i a la informaci\u00f3 continguda comporta...\" \/>\n<meta property=\"og:url\" content=\"https:\/\/mountainlikers.com\/es\/termes-i-condicions\/\" \/>\n<meta property=\"og:site_name\" content=\"Mountainlikers\" \/>\n<meta property=\"article:publisher\" content=\"https:\/\/www.facebook.com\/mountainlikers\/\" \/>\n<meta property=\"article:modified_time\" content=\"2022-01-12T11:02:39+00:00\" \/>\n<meta name=\"twitter:card\" content=\"summary_large_image\" \/>\n<meta name=\"twitter:site\" content=\"@mountainlikers\" \/>\n<meta name=\"twitter:label1\" content=\"Tiempo de lectura\" \/>\n\t<meta name=\"twitter:data1\" content=\"3 minutos\" \/>\n<script type=\"application\/ld+json\" class=\"yoast-schema-graph\">{\"@context\":\"https:\/\/schema.org\",\"@graph\":[{\"@type\":\"WebPage\",\"@id\":\"https:\/\/mountainlikers.com\/termes-i-condicions\/\",\"url\":\"https:\/\/mountainlikers.com\/termes-i-condicions\/\",\"name\":\"termes i condicions - Mountainlikers\",\"isPartOf\":{\"@id\":\"https:\/\/mountainlikers.com\/en\/#website\"},\"datePublished\":\"2017-11-15T07:03:35+00:00\",\"dateModified\":\"2022-01-12T11:02:39+00:00\",\"breadcrumb\":{\"@id\":\"https:\/\/mountainlikers.com\/termes-i-condicions\/#breadcrumb\"},\"inLanguage\":\"es\",\"potentialAction\":[{\"@type\":\"ReadAction\",\"target\":[\"https:\/\/mountainlikers.com\/termes-i-condicions\/\"]}]},{\"@type\":\"BreadcrumbList\",\"@id\":\"https:\/\/mountainlikers.com\/termes-i-condicions\/#breadcrumb\",\"itemListElement\":[{\"@type\":\"ListItem\",\"position\":1,\"name\":\"Inici\",\"item\":\"https:\/\/mountainlikers.com\/\"},{\"@type\":\"ListItem\",\"position\":2,\"name\":\"termes i condicions\"}]},{\"@type\":\"WebSite\",\"@id\":\"https:\/\/mountainlikers.com\/en\/#website\",\"url\":\"https:\/\/mountainlikers.com\/en\/\",\"name\":\"Mountainlikers\",\"description\":\"Congr\u00e9s Mundial de Turisme de Neu i Muntanya 2026\",\"publisher\":{\"@id\":\"https:\/\/mountainlikers.com\/en\/#organization\"},\"potentialAction\":[{\"@type\":\"SearchAction\",\"target\":{\"@type\":\"EntryPoint\",\"urlTemplate\":\"https:\/\/mountainlikers.com\/en\/?s={search_term_string}\"},\"query-input\":{\"@type\":\"PropertyValueSpecification\",\"valueRequired\":true,\"valueName\":\"search_term_string\"}}],\"inLanguage\":\"es\"},{\"@type\":\"Organization\",\"@id\":\"https:\/\/mountainlikers.com\/en\/#organization\",\"name\":\"Mountainlikers\",\"url\":\"https:\/\/mountainlikers.com\/en\/\",\"logo\":{\"@type\":\"ImageObject\",\"inLanguage\":\"es\",\"@id\":\"https:\/\/mountainlikers.com\/en\/#\/schema\/logo\/image\/\",\"url\":\"https:\/\/mountainlikers.com\/wp-content\/uploads\/2025\/09\/MountainLikers-logo25-26.png\",\"contentUrl\":\"https:\/\/mountainlikers.com\/wp-content\/uploads\/2025\/09\/MountainLikers-logo25-26.png\",\"width\":1221,\"height\":942,\"caption\":\"Mountainlikers\"},\"image\":{\"@id\":\"https:\/\/mountainlikers.com\/en\/#\/schema\/logo\/image\/\"},\"sameAs\":[\"https:\/\/www.facebook.com\/mountainlikers\/\",\"https:\/\/x.com\/mountainlikers\",\"https:\/\/www.instagram.com\/mountainlikers\/\",\"https:\/\/www.youtube.com\/user\/mountainlikers\"]}]}<\/script>\n<!-- \/ Yoast SEO Premium plugin. -->","yoast_head_json":{"title":"T\u00e9rminos y condiciones - Mountainlikers","robots":{"index":"index","follow":"follow","max-snippet":"max-snippet:-1","max-image-preview":"max-image-preview:large","max-video-preview":"max-video-preview:-1"},"canonical":"https:\/\/mountainlikers.com\/es\/termes-i-condicions\/","og_locale":"es_ES","og_type":"article","og_title":"termes i condicions","og_description":"Av\u00eds legal www.mountainlikers.com\u00a0\u00e9s un domini d&#8217;Internet de titularitat del Govern d&#8217;Andorra. L&#8217;acc\u00e9s a aquest p\u00e0gina web i a la informaci\u00f3 continguda comporta...","og_url":"https:\/\/mountainlikers.com\/es\/termes-i-condicions\/","og_site_name":"Mountainlikers","article_publisher":"https:\/\/www.facebook.com\/mountainlikers\/","article_modified_time":"2022-01-12T11:02:39+00:00","twitter_card":"summary_large_image","twitter_site":"@mountainlikers","twitter_misc":{"Tiempo de lectura":"3 minutos"},"schema":{"@context":"https:\/\/schema.org","@graph":[{"@type":"WebPage","@id":"https:\/\/mountainlikers.com\/termes-i-condicions\/","url":"https:\/\/mountainlikers.com\/termes-i-condicions\/","name":"T\u00e9rminos y condiciones - Mountainlikers","isPartOf":{"@id":"https:\/\/mountainlikers.com\/en\/#website"},"datePublished":"2017-11-15T07:03:35+00:00","dateModified":"2022-01-12T11:02:39+00:00","breadcrumb":{"@id":"https:\/\/mountainlikers.com\/termes-i-condicions\/#breadcrumb"},"inLanguage":"es","potentialAction":[{"@type":"ReadAction","target":["https:\/\/mountainlikers.com\/termes-i-condicions\/"]}]},{"@type":"BreadcrumbList","@id":"https:\/\/mountainlikers.com\/termes-i-condicions\/#breadcrumb","itemListElement":[{"@type":"ListItem","position":1,"name":"Inici","item":"https:\/\/mountainlikers.com\/"},{"@type":"ListItem","position":2,"name":"termes i condicions"}]},{"@type":"WebSite","@id":"https:\/\/mountainlikers.com\/en\/#website","url":"https:\/\/mountainlikers.com\/en\/","name":"Mountainlikers","description":"Congreso Mundial de Turismo de Nieve y Monte 2026","publisher":{"@id":"https:\/\/mountainlikers.com\/en\/#organization"},"potentialAction":[{"@type":"SearchAction","target":{"@type":"EntryPoint","urlTemplate":"https:\/\/mountainlikers.com\/en\/?s={search_term_string}"},"query-input":{"@type":"PropertyValueSpecification","valueRequired":true,"valueName":"search_term_string"}}],"inLanguage":"es"},{"@type":"Organization","@id":"https:\/\/mountainlikers.com\/en\/#organization","name":"Mountainlikers","url":"https:\/\/mountainlikers.com\/en\/","logo":{"@type":"ImageObject","inLanguage":"es","@id":"https:\/\/mountainlikers.com\/en\/#\/schema\/logo\/image\/","url":"https:\/\/mountainlikers.com\/wp-content\/uploads\/2025\/09\/MountainLikers-logo25-26.png","contentUrl":"https:\/\/mountainlikers.com\/wp-content\/uploads\/2025\/09\/MountainLikers-logo25-26.png","width":1221,"height":942,"caption":"Mountainlikers"},"image":{"@id":"https:\/\/mountainlikers.com\/en\/#\/schema\/logo\/image\/"},"sameAs":["https:\/\/www.facebook.com\/mountainlikers\/","https:\/\/x.com\/mountainlikers","https:\/\/www.instagram.com\/mountainlikers\/","https:\/\/www.youtube.com\/user\/mountainlikers"]}]}},"_links":{"self":[{"href":"https:\/\/mountainlikers.com\/es\/wp-json\/wp\/v2\/pages\/2205","targetHints":{"allow":["GET"]}}],"collection":[{"href":"https:\/\/mountainlikers.com\/es\/wp-json\/wp\/v2\/pages"}],"about":[{"href":"https:\/\/mountainlikers.com\/es\/wp-json\/wp\/v2\/types\/page"}],"author":[{"embeddable":true,"href":"https:\/\/mountainlikers.com\/es\/wp-json\/wp\/v2\/users\/1"}],"replies":[{"embeddable":true,"href":"https:\/\/mountainlikers.com\/es\/wp-json\/wp\/v2\/comments?post=2205"}],"version-history":[{"count":2,"href":"https:\/\/mountainlikers.com\/es\/wp-json\/wp\/v2\/pages\/2205\/revisions"}],"predecessor-version":[{"id":10984,"href":"https:\/\/mountainlikers.com\/es\/wp-json\/wp\/v2\/pages\/2205\/revisions\/10984"}],"wp:attachment":[{"href":"https:\/\/mountainlikers.com\/es\/wp-json\/wp\/v2\/media?parent=2205"}],"curies":[{"name":"wp","href":"https:\/\/api.w.org\/{rel}","templated":true}]}}