{"id":13435,"date":"2024-02-20T17:23:02","date_gmt":"2024-02-20T16:23:02","guid":{"rendered":"https:\/\/mountainlikers.com\/?page_id=13435"},"modified":"2024-02-21T10:35:19","modified_gmt":"2024-02-21T09:35:19","slug":"salutacio-consol-major-dencamp","status":"publish","type":"page","link":"https:\/\/mountainlikers.com\/es\/salutacio-consol-major-dencamp\/","title":{"rendered":"Saludo la alcaldesa de Encamp, Laura Mas Barrionuevo"},"content":{"rendered":"<div data-elementor-type=\"wp-page\" data-elementor-id=\"13435\" class=\"elementor elementor-13435\" data-elementor-post-type=\"page\">\n\t\t\t\t\t\t<section data-particle_enable=\"false\" data-particle-mobile-disabled=\"false\" class=\"elementor-section elementor-top-section elementor-element elementor-element-f1d01d2 elementor-section-stretched elementor-section-content-middle elementor-hidden-tablet elementor-section-boxed elementor-section-height-default elementor-section-height-default\" data-id=\"f1d01d2\" data-element_type=\"section\" data-e-type=\"section\" data-settings=\"{&quot;stretch_section&quot;:&quot;section-stretched&quot;,&quot;background_background&quot;:&quot;classic&quot;}\">\n\t\t\t\t\t\t<div class=\"elementor-container elementor-column-gap-default\">\n\t\t\t\t\t<div class=\"elementor-column elementor-col-100 elementor-top-column elementor-element elementor-element-9881fdb\" data-id=\"9881fdb\" data-element_type=\"column\" data-e-type=\"column\">\n\t\t\t<div class=\"elementor-widget-wrap elementor-element-populated\">\n\t\t\t\t\t\t<div class=\"elementor-element elementor-element-f36570b elementor-widget elementor-widget-image\" data-id=\"f36570b\" data-element_type=\"widget\" data-e-type=\"widget\" data-widget_type=\"image.default\">\n\t\t\t\t<div class=\"elementor-widget-container\">\n\t\t\t\t\t\t\t\t\t\t\t\t\t\t\t<img loading=\"lazy\" decoding=\"async\" width=\"1707\" height=\"2560\" src=\"https:\/\/mountainlikers.com\/wp-content\/uploads\/2024\/02\/DSC03660-min-scaled.jpg\" class=\"attachment-full size-full wp-image-13434\" alt=\"\" srcset=\"https:\/\/mountainlikers.com\/wp-content\/uploads\/2024\/02\/DSC03660-min-scaled.jpg 1707w, https:\/\/mountainlikers.com\/wp-content\/uploads\/2024\/02\/DSC03660-min-scaled-600x900.jpg 600w, https:\/\/mountainlikers.com\/wp-content\/uploads\/2024\/02\/DSC03660-min-scaled-800x1200.jpg 800w, https:\/\/mountainlikers.com\/wp-content\/uploads\/2024\/02\/DSC03660-min-200x300.jpg 200w, https:\/\/mountainlikers.com\/wp-content\/uploads\/2024\/02\/DSC03660-min-683x1024.jpg 683w, https:\/\/mountainlikers.com\/wp-content\/uploads\/2024\/02\/DSC03660-min-768x1152.jpg 768w, https:\/\/mountainlikers.com\/wp-content\/uploads\/2024\/02\/DSC03660-min-1024x1536.jpg 1024w, https:\/\/mountainlikers.com\/wp-content\/uploads\/2024\/02\/DSC03660-min-1365x2048.jpg 1365w, https:\/\/mountainlikers.com\/wp-content\/uploads\/2024\/02\/DSC03660-min-8x12.jpg 8w\" sizes=\"auto, (max-width: 1707px) 100vw, 1707px\" \/>\t\t\t\t\t\t\t\t\t\t\t\t\t\t\t<\/div>\n\t\t\t\t<\/div>\n\t\t\t\t<div class=\"elementor-element elementor-element-5e40766 elementor-widget elementor-widget-rs-heading\" data-id=\"5e40766\" data-element_type=\"widget\" data-e-type=\"widget\" data-widget_type=\"rs-heading.default\">\n\t\t\t\t<div class=\"elementor-widget-container\">\n\t\t\t\t\t        <div class=\"rs-heading style9\">\r\n        \t<div class=\"title-inner\">\r\n        \t\t      \t\t\r\n\t            <span class=\"sub-text\">12.\u00ba Congreso Mundial de Turismo de Nieve, Monta\u00f1a y Bienestar<\/span> <h2 class=\"title\"><span class=\"watermark\"><\/span>Saludo la alcaldesa de Encamp, Laura Mas Barrionuevo<\/h2><div class=\"title-img bottom-img\"><img decoding=\"async\" src=\"http:\/\/rstheme.com\/products\/wordpress\/eventeo-elementor\/wp-content\/uploads\/2020\/01\/aboutline_1.png\" \/><\/div>\t        <\/div>\r\n\t                <\/div>\r\n        \t\t\t\t<\/div>\n\t\t\t\t<\/div>\n\t\t\t\t<div class=\"elementor-element elementor-element-1151e1a elementor-widget elementor-widget-text-editor\" data-id=\"1151e1a\" data-element_type=\"widget\" data-e-type=\"widget\" data-widget_type=\"text-editor.default\">\n\t\t\t\t<div class=\"elementor-widget-container\">\n\t\t\t\t\t\t\t\t\t<p style=\"font-weight: 400;\">Este a\u00f1o, Encamp coge el relevo y es la parroquia anfitriona del 12\u00ba Congreso de Turismo de Nieve, Monta\u00f1a y Bienestar y me siento especialmente orgullosa, como alcaldesa, que sea en la edici\u00f3n donde la tem\u00e1tica es la sostenibilidad y el bienestar. La sostenibilidad de nuestra parroquia y el bienestar de nuestro turista son los ejes vertebradores de nuestra estrategia tur\u00edstica. Una parroquia donde las villas de Encamp y el Pas de la Casa viven y est\u00e1n rodeadas de naturaleza, de monta\u00f1as, de paisajes que forman uno de nuestros principales reclamos tur\u00edsticos.<\/p><p style=\"font-weight: 400;\">En Encamp, tenemos claro que los recursos naturales no son infinitos, que debemos darles un uso \u00f3ptimo y el m\u00e1ximo cuidado porque son un elemento fundamental de la sostenibilidad de nuestra parroquia y de nuestro pa\u00eds. Desde el ayuntamiento, ayudamos a la conservaci\u00f3n de nuestro patrimonio natural. Las monta\u00f1as que rodean Encamp y el Pas de la Casa, la nieve, el agua, los caminos, la flora y la fauna son los recursos medioambientales que conforman nuestro diferencial tur\u00edstico. Somos la parroquia que acoge una de las estaciones de esqu\u00ed y de monta\u00f1a de referencia del sur de Europa, en la cual se puede disfrutar todo el a\u00f1o de la naturaleza y que apuesta por la sostenibilidad como epicentro de su actividad. En invierno, como referencia internacional en la pr\u00e1ctica del esqu\u00ed, y en verano con diversidad de actividades que combinan deporte, aventura y bienestar. El tejido econ\u00f3mico y social de la parroquia camina tambi\u00e9n en esta direcci\u00f3n, para hacer de la sostenibilidad uno de las piedras angulares del desarrollo.<\/p><p style=\"font-weight: 400;\">Los turistas, cada vez m\u00e1s, buscan tener y compartir experiencias. Encamp es un destino que se ha hecho un lugar como destino de turismo familiar, de bienestar y deportivo. Durante todo el a\u00f1o, verano e invierno, organizamos eventos deportivos, profesionales y amateurs, donde combinamos la pr\u00e1ctica deportiva al aire libre con experiencias gastron\u00f3micas, de salud, de descanso, de ocio y cultura, porque la cultura explica en gran medida el patrimonio natural, y se ha convertido en un referente nacional e internacional como destino de turismo deportivo, en especial por la pr\u00e1ctica deportiva en altura. Ofrecemos itinerarios de BTT, senderismo, escalada, v\u00edas ferradas como ejemplo de experiencias para disfrutar de la naturaleza que se suman a la amplia oferta que Andorra ofrece a sus visitantes.<\/p><p style=\"font-weight: 400;\">Pero es precisamente el debate entre profesionales del sector tur\u00edstico en torno a la sostenibilidad y el bienestar en el turismo de monta\u00f1a lo que nos permitir\u00e1 analizar los puntos fuertes y los puntos d\u00e9biles, los riesgos y las potencialidades del turismo de futuro. Entre las ponencias y debates, se tratar\u00e1n temas como la conservaci\u00f3n del medio natural, las posibilidades de la IA, los productos tur\u00edsticos emergentes o la formaci\u00f3n y preparaci\u00f3n de los profesionales del sector. Es fundamental que los futuros profesionales reciban, aparte de los conocimientos tradicionales en gesti\u00f3n tur\u00edstica, una formaci\u00f3n en sostenibilidad, innovaci\u00f3n, o marketing digital. Esta formaci\u00f3n integrada por estas nuevas disciplinas contribuye a tener un modelo de turismo m\u00e1s sostenible. La apuesta continua por la formaci\u00f3n y el intercambio de conocimiento para aprender de experiencias de otros destinos nos ayudar\u00e1 a seguir mejorando y a alcanzar la excelencia en nuestros territorios.<\/p><p style=\"font-weight: 400;\"><strong>Os esperamos del 20 al 22 de marzo del 2024 en Encamp.<\/strong><\/p>\t\t\t\t\t\t\t\t<\/div>\n\t\t\t\t<\/div>\n\t\t\t\t\t<\/div>\n\t\t<\/div>\n\t\t\t\t\t<\/div>\n\t\t<\/section>\n\t\t\t\t<section data-particle_enable=\"false\" data-particle-mobile-disabled=\"false\" class=\"elementor-section elementor-top-section elementor-element elementor-element-17e81e4 elementor-section-stretched elementor-section-boxed elementor-section-height-default elementor-section-height-default\" data-id=\"17e81e4\" data-element_type=\"section\" data-e-type=\"section\" data-settings=\"{&quot;stretch_section&quot;:&quot;section-stretched&quot;,&quot;background_background&quot;:&quot;classic&quot;}\">\n\t\t\t\t\t\t<div class=\"elementor-container elementor-column-gap-default\">\n\t\t\t\t\t<div class=\"elementor-column elementor-col-33 elementor-top-column elementor-element elementor-element-43fad95\" data-id=\"43fad95\" data-element_type=\"column\" data-e-type=\"column\">\n\t\t\t<div class=\"elementor-widget-wrap\">\n\t\t\t\t\t\t\t<\/div>\n\t\t<\/div>\n\t\t\t\t<div class=\"elementor-column elementor-col-33 elementor-top-column elementor-element elementor-element-7063f8a\" data-id=\"7063f8a\" data-element_type=\"column\" data-e-type=\"column\">\n\t\t\t<div class=\"elementor-widget-wrap\">\n\t\t\t\t\t\t\t<\/div>\n\t\t<\/div>\n\t\t\t\t<div class=\"elementor-column elementor-col-33 elementor-top-column elementor-element elementor-element-32b95fb\" data-id=\"32b95fb\" data-element_type=\"column\" data-e-type=\"column\">\n\t\t\t<div class=\"elementor-widget-wrap\">\n\t\t\t\t\t\t\t<\/div>\n\t\t<\/div>\n\t\t\t\t\t<\/div>\n\t\t<\/section>\n\t\t\t\t<\/div>","protected":false},"excerpt":{"rendered":"<p>12\u00e8 CONGR\u00c9S MUNDIAL DE TURISME DE NEU, MUNTANYA I BENESTAR Salutaci\u00f3 c\u00f2nsol major d\u2019Encamp, Laura Mas Barrionuevo Enguany, Encamp agafa el relleu&#8230;<\/p>","protected":false},"author":1,"featured_media":0,"parent":0,"menu_order":0,"comment_status":"closed","ping_status":"closed","template":"","meta":{"footnotes":""},"class_list":["post-13435","page","type-page","status-publish","hentry"],"yoast_head":"<!-- This site is optimized with the Yoast SEO Premium plugin v26.3 (Yoast SEO v27.2) - https:\/\/yoast.com\/product\/yoast-seo-premium-wordpress\/ -->\n<title>Salutaci\u00f3 c\u00f2nsol major d\u2019Encamp - Mountainlikers<\/title>\n<meta name=\"robots\" content=\"index, follow, max-snippet:-1, max-image-preview:large, max-video-preview:-1\" \/>\n<link rel=\"canonical\" href=\"https:\/\/mountainlikers.com\/es\/salutacio-consol-major-dencamp\/\" \/>\n<meta property=\"og:locale\" content=\"es_ES\" \/>\n<meta property=\"og:type\" content=\"article\" \/>\n<meta property=\"og:title\" content=\"Salutaci\u00f3 c\u00f2nsol major d\u2019Encamp\" \/>\n<meta property=\"og:description\" content=\"12\u00e8 CONGR\u00c9S MUNDIAL DE TURISME DE NEU, MUNTANYA I BENESTAR Salutaci\u00f3 c\u00f2nsol major d\u2019Encamp, Laura Mas Barrionuevo Enguany, Encamp agafa el relleu...\" \/>\n<meta property=\"og:url\" content=\"https:\/\/mountainlikers.com\/es\/salutacio-consol-major-dencamp\/\" \/>\n<meta property=\"og:site_name\" content=\"Mountainlikers\" \/>\n<meta property=\"article:publisher\" content=\"https:\/\/www.facebook.com\/mountainlikers\/\" \/>\n<meta property=\"article:modified_time\" content=\"2024-02-21T09:35:19+00:00\" \/>\n<meta property=\"og:image\" content=\"https:\/\/mountainlikers.com\/wp-content\/uploads\/2024\/02\/DSC03660-min-scaled.jpg\" \/>\n\t<meta property=\"og:image:width\" content=\"1707\" \/>\n\t<meta property=\"og:image:height\" content=\"2560\" \/>\n\t<meta property=\"og:image:type\" content=\"image\/jpeg\" \/>\n<meta name=\"twitter:card\" content=\"summary_large_image\" \/>\n<meta name=\"twitter:site\" content=\"@mountainlikers\" \/>\n<meta name=\"twitter:label1\" content=\"Tiempo de lectura\" \/>\n\t<meta name=\"twitter:data1\" content=\"3 minutos\" \/>\n<script type=\"application\/ld+json\" class=\"yoast-schema-graph\">{\"@context\":\"https:\/\/schema.org\",\"@graph\":[{\"@type\":\"WebPage\",\"@id\":\"https:\/\/mountainlikers.com\/salutacio-consol-major-dencamp\/\",\"url\":\"https:\/\/mountainlikers.com\/salutacio-consol-major-dencamp\/\",\"name\":\"Salutaci\u00f3 c\u00f2nsol major d\u2019Encamp - Mountainlikers\",\"isPartOf\":{\"@id\":\"https:\/\/mountainlikers.com\/en\/#website\"},\"primaryImageOfPage\":{\"@id\":\"https:\/\/mountainlikers.com\/salutacio-consol-major-dencamp\/#primaryimage\"},\"image\":{\"@id\":\"https:\/\/mountainlikers.com\/salutacio-consol-major-dencamp\/#primaryimage\"},\"thumbnailUrl\":\"https:\/\/mountainlikers.com\/wp-content\/uploads\/2024\/02\/DSC03660-min-scaled.jpg\",\"datePublished\":\"2024-02-20T16:23:02+00:00\",\"dateModified\":\"2024-02-21T09:35:19+00:00\",\"breadcrumb\":{\"@id\":\"https:\/\/mountainlikers.com\/salutacio-consol-major-dencamp\/#breadcrumb\"},\"inLanguage\":\"es\",\"potentialAction\":[{\"@type\":\"ReadAction\",\"target\":[\"https:\/\/mountainlikers.com\/salutacio-consol-major-dencamp\/\"]}]},{\"@type\":\"ImageObject\",\"inLanguage\":\"es\",\"@id\":\"https:\/\/mountainlikers.com\/salutacio-consol-major-dencamp\/#primaryimage\",\"url\":\"https:\/\/mountainlikers.com\/wp-content\/uploads\/2024\/02\/DSC03660-min-scaled.jpg\",\"contentUrl\":\"https:\/\/mountainlikers.com\/wp-content\/uploads\/2024\/02\/DSC03660-min-scaled.jpg\"},{\"@type\":\"BreadcrumbList\",\"@id\":\"https:\/\/mountainlikers.com\/salutacio-consol-major-dencamp\/#breadcrumb\",\"itemListElement\":[{\"@type\":\"ListItem\",\"position\":1,\"name\":\"Inici\",\"item\":\"https:\/\/mountainlikers.com\/\"},{\"@type\":\"ListItem\",\"position\":2,\"name\":\"Salutaci\u00f3 c\u00f2nsol major d\u2019Encamp\"}]},{\"@type\":\"WebSite\",\"@id\":\"https:\/\/mountainlikers.com\/en\/#website\",\"url\":\"https:\/\/mountainlikers.com\/en\/\",\"name\":\"Mountainlikers\",\"description\":\"Congr\u00e9s Mundial de Turisme de Neu i Muntanya 2026\",\"publisher\":{\"@id\":\"https:\/\/mountainlikers.com\/en\/#organization\"},\"potentialAction\":[{\"@type\":\"SearchAction\",\"target\":{\"@type\":\"EntryPoint\",\"urlTemplate\":\"https:\/\/mountainlikers.com\/en\/?s={search_term_string}\"},\"query-input\":{\"@type\":\"PropertyValueSpecification\",\"valueRequired\":true,\"valueName\":\"search_term_string\"}}],\"inLanguage\":\"es\"},{\"@type\":\"Organization\",\"@id\":\"https:\/\/mountainlikers.com\/en\/#organization\",\"name\":\"Mountainlikers\",\"url\":\"https:\/\/mountainlikers.com\/en\/\",\"logo\":{\"@type\":\"ImageObject\",\"inLanguage\":\"es\",\"@id\":\"https:\/\/mountainlikers.com\/en\/#\/schema\/logo\/image\/\",\"url\":\"https:\/\/mountainlikers.com\/wp-content\/uploads\/2025\/09\/MountainLikers-logo25-26.png\",\"contentUrl\":\"https:\/\/mountainlikers.com\/wp-content\/uploads\/2025\/09\/MountainLikers-logo25-26.png\",\"width\":1221,\"height\":942,\"caption\":\"Mountainlikers\"},\"image\":{\"@id\":\"https:\/\/mountainlikers.com\/en\/#\/schema\/logo\/image\/\"},\"sameAs\":[\"https:\/\/www.facebook.com\/mountainlikers\/\",\"https:\/\/x.com\/mountainlikers\",\"https:\/\/www.instagram.com\/mountainlikers\/\",\"https:\/\/www.youtube.com\/user\/mountainlikers\"]}]}<\/script>\n<!-- \/ Yoast SEO Premium plugin. -->","yoast_head_json":{"title":"Saludos del alcalde de Encamp \u2013 Mountainlikers","robots":{"index":"index","follow":"follow","max-snippet":"max-snippet:-1","max-image-preview":"max-image-preview:large","max-video-preview":"max-video-preview:-1"},"canonical":"https:\/\/mountainlikers.com\/es\/salutacio-consol-major-dencamp\/","og_locale":"es_ES","og_type":"article","og_title":"Salutaci\u00f3 c\u00f2nsol major d\u2019Encamp","og_description":"12\u00e8 CONGR\u00c9S MUNDIAL DE TURISME DE NEU, MUNTANYA I BENESTAR Salutaci\u00f3 c\u00f2nsol major d\u2019Encamp, Laura Mas Barrionuevo Enguany, Encamp agafa el relleu...","og_url":"https:\/\/mountainlikers.com\/es\/salutacio-consol-major-dencamp\/","og_site_name":"Mountainlikers","article_publisher":"https:\/\/www.facebook.com\/mountainlikers\/","article_modified_time":"2024-02-21T09:35:19+00:00","og_image":[{"width":1707,"height":2560,"url":"https:\/\/mountainlikers.com\/wp-content\/uploads\/2024\/02\/DSC03660-min-scaled.jpg","type":"image\/jpeg"}],"twitter_card":"summary_large_image","twitter_site":"@mountainlikers","twitter_misc":{"Tiempo de lectura":"3 minutos"},"schema":{"@context":"https:\/\/schema.org","@graph":[{"@type":"WebPage","@id":"https:\/\/mountainlikers.com\/salutacio-consol-major-dencamp\/","url":"https:\/\/mountainlikers.com\/salutacio-consol-major-dencamp\/","name":"Saludos del alcalde de Encamp \u2013 Mountainlikers","isPartOf":{"@id":"https:\/\/mountainlikers.com\/en\/#website"},"primaryImageOfPage":{"@id":"https:\/\/mountainlikers.com\/salutacio-consol-major-dencamp\/#primaryimage"},"image":{"@id":"https:\/\/mountainlikers.com\/salutacio-consol-major-dencamp\/#primaryimage"},"thumbnailUrl":"https:\/\/mountainlikers.com\/wp-content\/uploads\/2024\/02\/DSC03660-min-scaled.jpg","datePublished":"2024-02-20T16:23:02+00:00","dateModified":"2024-02-21T09:35:19+00:00","breadcrumb":{"@id":"https:\/\/mountainlikers.com\/salutacio-consol-major-dencamp\/#breadcrumb"},"inLanguage":"es","potentialAction":[{"@type":"ReadAction","target":["https:\/\/mountainlikers.com\/salutacio-consol-major-dencamp\/"]}]},{"@type":"ImageObject","inLanguage":"es","@id":"https:\/\/mountainlikers.com\/salutacio-consol-major-dencamp\/#primaryimage","url":"https:\/\/mountainlikers.com\/wp-content\/uploads\/2024\/02\/DSC03660-min-scaled.jpg","contentUrl":"https:\/\/mountainlikers.com\/wp-content\/uploads\/2024\/02\/DSC03660-min-scaled.jpg"},{"@type":"BreadcrumbList","@id":"https:\/\/mountainlikers.com\/salutacio-consol-major-dencamp\/#breadcrumb","itemListElement":[{"@type":"ListItem","position":1,"name":"Inici","item":"https:\/\/mountainlikers.com\/"},{"@type":"ListItem","position":2,"name":"Salutaci\u00f3 c\u00f2nsol major d\u2019Encamp"}]},{"@type":"WebSite","@id":"https:\/\/mountainlikers.com\/en\/#website","url":"https:\/\/mountainlikers.com\/en\/","name":"Mountainlikers","description":"Congreso Mundial de Turismo de Nieve y Monte 2026","publisher":{"@id":"https:\/\/mountainlikers.com\/en\/#organization"},"potentialAction":[{"@type":"SearchAction","target":{"@type":"EntryPoint","urlTemplate":"https:\/\/mountainlikers.com\/en\/?s={search_term_string}"},"query-input":{"@type":"PropertyValueSpecification","valueRequired":true,"valueName":"search_term_string"}}],"inLanguage":"es"},{"@type":"Organization","@id":"https:\/\/mountainlikers.com\/en\/#organization","name":"Mountainlikers","url":"https:\/\/mountainlikers.com\/en\/","logo":{"@type":"ImageObject","inLanguage":"es","@id":"https:\/\/mountainlikers.com\/en\/#\/schema\/logo\/image\/","url":"https:\/\/mountainlikers.com\/wp-content\/uploads\/2025\/09\/MountainLikers-logo25-26.png","contentUrl":"https:\/\/mountainlikers.com\/wp-content\/uploads\/2025\/09\/MountainLikers-logo25-26.png","width":1221,"height":942,"caption":"Mountainlikers"},"image":{"@id":"https:\/\/mountainlikers.com\/en\/#\/schema\/logo\/image\/"},"sameAs":["https:\/\/www.facebook.com\/mountainlikers\/","https:\/\/x.com\/mountainlikers","https:\/\/www.instagram.com\/mountainlikers\/","https:\/\/www.youtube.com\/user\/mountainlikers"]}]}},"_links":{"self":[{"href":"https:\/\/mountainlikers.com\/es\/wp-json\/wp\/v2\/pages\/13435","targetHints":{"allow":["GET"]}}],"collection":[{"href":"https:\/\/mountainlikers.com\/es\/wp-json\/wp\/v2\/pages"}],"about":[{"href":"https:\/\/mountainlikers.com\/es\/wp-json\/wp\/v2\/types\/page"}],"author":[{"embeddable":true,"href":"https:\/\/mountainlikers.com\/es\/wp-json\/wp\/v2\/users\/1"}],"replies":[{"embeddable":true,"href":"https:\/\/mountainlikers.com\/es\/wp-json\/wp\/v2\/comments?post=13435"}],"version-history":[{"count":6,"href":"https:\/\/mountainlikers.com\/es\/wp-json\/wp\/v2\/pages\/13435\/revisions"}],"predecessor-version":[{"id":13470,"href":"https:\/\/mountainlikers.com\/es\/wp-json\/wp\/v2\/pages\/13435\/revisions\/13470"}],"wp:attachment":[{"href":"https:\/\/mountainlikers.com\/es\/wp-json\/wp\/v2\/media?parent=13435"}],"curies":[{"name":"wp","href":"https:\/\/api.w.org\/{rel}","templated":true}]}}