{"id":12518,"date":"2023-08-28T14:55:25","date_gmt":"2023-08-28T13:55:25","guid":{"rendered":"https:\/\/mountainlikers.com\/?page_id=12518"},"modified":"2023-09-18T16:51:22","modified_gmt":"2023-09-18T15:51:22","slug":"avis-legal","status":"publish","type":"page","link":"https:\/\/mountainlikers.com\/es\/avis-legal\/","title":{"rendered":"AVISO LEGAL"},"content":{"rendered":"<div data-elementor-type=\"wp-page\" data-elementor-id=\"12518\" class=\"elementor elementor-12518\" data-elementor-post-type=\"page\">\n\t\t\t\t\t\t<section data-particle_enable=\"false\" data-particle-mobile-disabled=\"false\" class=\"elementor-section elementor-top-section elementor-element elementor-element-fbfbac7 elementor-section-stretched elementor-section-content-middle elementor-section-boxed elementor-section-height-default elementor-section-height-default\" data-id=\"fbfbac7\" data-element_type=\"section\" data-e-type=\"section\" data-settings=\"{&quot;stretch_section&quot;:&quot;section-stretched&quot;,&quot;background_background&quot;:&quot;classic&quot;}\">\n\t\t\t\t\t\t<div class=\"elementor-container elementor-column-gap-default\">\n\t\t\t\t\t<div class=\"elementor-column elementor-col-100 elementor-top-column elementor-element elementor-element-4c72dc8\" data-id=\"4c72dc8\" data-element_type=\"column\" data-e-type=\"column\">\n\t\t\t<div class=\"elementor-widget-wrap elementor-element-populated\">\n\t\t\t\t\t\t<div class=\"elementor-element elementor-element-23ecad2 elementor-widget elementor-widget-rs-heading\" data-id=\"23ecad2\" data-element_type=\"widget\" data-e-type=\"widget\" data-widget_type=\"rs-heading.default\">\n\t\t\t\t<div class=\"elementor-widget-container\">\n\t\t\t\t\t        <div class=\"rs-heading style9\">\r\n        \t<div class=\"title-inner\">\r\n        \t\t      \t\t\r\n\t            <h2 class=\"title\"><span class=\"watermark\"><\/span>AVISO LEGAL<\/h2><div class=\"title-img bottom-img\"><img decoding=\"async\" src=\"http:\/\/rstheme.com\/products\/wordpress\/eventeo-elementor\/wp-content\/uploads\/2020\/01\/aboutline_1.png\" \/><\/div>\t        <\/div>\r\n\t                <\/div>\r\n        \t\t\t\t<\/div>\n\t\t\t\t<\/div>\n\t\t\t\t<div class=\"elementor-element elementor-element-fb89152 elementor-widget__width-initial elementor-widget elementor-widget-text-editor\" data-id=\"fb89152\" data-element_type=\"widget\" data-e-type=\"widget\" data-widget_type=\"text-editor.default\">\n\t\t\t\t<div class=\"elementor-widget-container\">\n\t\t\t\t\t\t\t\t\t<p style=\"font-weight: 400;\">Este aviso legal recoge las condiciones generales que regulan el acceso y uso de la web <a href=\"https:\/\/mountainlikers.com\/es\/\">moutainlikers.com<\/a>, siguiendo lo dispuesto en la Ley 29\/2021, de 28 de octubre, calificada de protecci\u00f3n de datos personales. El acceso a la web es gratuito y su visualizaci\u00f3n no requiere ning\u00fan registro ni suscripci\u00f3n previa, salvo en los registros de inscripci\u00f3n.<\/p><p style=\"font-weight: 400;\">El titular de la web es el Gobierno de Andorra, concretamente, el Ministerio encargado del Turismo, situado en el Camino de la Grado s\/n, Edificio Prat del Rull, AD500 Andorra la Vella, Principado de Andorra.<\/p><h4><b>Condiciones generales<\/b><\/h4><p style=\"font-weight: 400;\">El acceso y uso del sitio web es gratuito. La visualizaci\u00f3n de los contenidos de la web no requiere ninguna suscripci\u00f3n previa.<\/p><p style=\"font-weight: 400;\">El acceso a este sitio web ya la informaci\u00f3n contenida comporta la aceptaci\u00f3n de las condiciones previstas en este aviso legal. Por este motivo, le recomendamos que lea atentamente el contenido de este aviso si desea acceder y utilizar la informaci\u00f3n y los servicios que se ofrecen desde la web.<\/p><p style=\"font-weight: 400;\">El usuario, por medio de las diferentes \u00e1reas que forman parte del sitio web, puede visitar, obtener informaci\u00f3n, realizar la inscripci\u00f3n.<\/p><h4><b>Limitaci\u00f3n de responsabilidad<\/b><\/h4><p style=\"font-weight: 400;\">Con los efectos legales, se entiende que cualquier relaci\u00f3n contractual o extracontractual que el usuario lleve a cabo con terceros contactados mediante la web se realiza \u00fanica y exclusivamente entre el usuario y los terceros.\u00a0<\/p><p style=\"font-weight: 400;\">El usuario acepta que el Ministerio encargado del Turismo del Gobierno de Andorra no tenga ninguna responsabilidad sobre los da\u00f1os o perjuicios de cualquier naturaleza ocasionados con motivo de las negociaciones, conversaciones o relaciones contractuales o extracontractuales entre el usuario y terceros contactados por medio del Portal.<\/p><p style=\"font-weight: 400;\">Tambi\u00e9n acepta que el Ministerio encargado del Turismo no tenga ninguna responsabilidad por motivos derivados del uso de la informaci\u00f3n, del contenido del sitio web y de los programas que incorporan, y que puedan ocasionar, a t\u00edtulo enunciativo y no limitativo, errores u omisiones en los contenidos, falta de disponibilidad de las webs o la transmisi\u00f3n de virus o programas maliciosos o lesivos en los contenidos, a pesar de haber adoptado todas las medidas tecnol\u00f3gicas necesarias para evitarlo.<\/p><p style=\"font-weight: 400;\">Asimismo, el Ministerio se reserva el derecho de modificar u omitir total o parcialmente los contenidos de las webs y restringir su acceso. En caso de que deban realizarse operaciones de mantenimiento, reparaci\u00f3n, actualizaci\u00f3n o mejora de los servicios. Adem\u00e1s, el Ministerio se reserva el derecho de suspender temporalmente y sin necesidad de previo aviso al acceso a la web.<\/p><h4><b>S<\/b><b>ervicios y productos<\/b><\/h4><p style=\"font-weight: 400;\">El Ministerio encargado del Turismo no se responsabiliza del contenido de terceros al que se pueda acceder mediante los enlaces contenidos en la web ya que el Ministerio no los gestiona ni los controla en ning\u00fan momento.\u00a0<\/p><p style=\"font-weight: 400;\">A todos los efectos legales, se entiende que cualquier relaci\u00f3n contractual o extracontractual que el usuario lleve a cabo con terceros contactados mediante la web se realiza \u00fanica y exclusivamente entre el usuario y terceros.<\/p><p style=\"font-weight: 400;\">El usuario acepta que el Ministerio encargado del Turismo no tenga responsabilidad alguna sobre los da\u00f1os o perjuicios de cualquier naturaleza ocasionados con motivo de las negociaciones, conversaciones o relaciones contractuales o extracontractuales entre el usuario y terceros contactados a trav\u00e9s de la web.<\/p><p style=\"font-weight: 400;\">El usuario deber\u00e1 tomar conocimiento de las indicaciones, avisos o advertencias legales que los portales de terceros puedan establecer para su uso.<\/p><h4><strong>L<\/strong><b>a inscripci\u00f3n al <\/b>Congreso Mundial de Turismo de Nieve, Monta\u00f1a y Bienestar<b>-CMTNMB por medio de esta web implica la aceptaci\u00f3n de las siguientes condiciones:<\/b><\/h4><p style=\"font-weight: 400;\">De acuerdo con lo que establece la Ley 29\/2021, de 28 de octubre, Calificada de Protecci\u00f3n de Datos Personales del Principado de Andorra, y los reglamentos que la desarrollan, le informamos que los datos facilitados en el proceso de inscripci\u00f3n incorporar\u00e1n al fichero del CMTNMB con el fin de atender su petici\u00f3n, el Ministerio encargado del Turismo, y que los datos recogidos durante este proceso de inscripci\u00f3n ser\u00e1n tratados por el Ministerio encargado del Turismo conjuntamente con las empresas contratadas como soporte para la organizaci\u00f3n de las presentes y futuras ediciones del Congreso, as\u00ed como quien lo desee, previa aceptaci\u00f3n por parte del usuario, se enviar\u00e1 a la Organizaci\u00f3n Mundial del Turismo-OMT.<\/p><p style=\"font-weight: 400;\">El usuario declara bajo su responsabilidad que los datos facilitados durante el proceso de inscripci\u00f3n\/compra le pertenecen, son correctos y verdaderos. En caso contrario, el Ministerio encargado del Turismo declinar\u00e1 toda responsabilidad que pueda derivarse.<\/p><p style=\"font-weight: 400;\">Los datos propios de la operaci\u00f3n de compra de la inscripci\u00f3n en el Congreso se conservar\u00e1n durante un per\u00edodo de tres meses, a contar desde la fecha de celebraci\u00f3n del evento y \/o del pago de la inscripci\u00f3n, con el objetivo de poder atender posibles incidencias, reclamaciones o aclaraciones respecto a este evento. Transcurrido este plazo, los datos an\u00f3nimos se archivar\u00e1n y conservar\u00e1n a efectos estad\u00edsticos y comerciales. El resto de datos se conservar\u00e1n para enviar informaci\u00f3n para la presente y las futuras ediciones del Congreso.<\/p><p style=\"font-weight: 400;\">El Ministerio encargado del Turismo se reserva la facultad de realizar modificaciones y actualizaciones peri\u00f3dicas, sin previo aviso, que considere oportunas en cualquiera de los apartados del sitio web.<\/p><h4><b>Responsabilidad del usuario<\/b><\/h4><p style=\"font-weight: 400;\">El usuario es responsable del cumplimiento de las leyes y reglamentos en vigor y de las reglas aplicables al uso que se realice de la informaci\u00f3n y las aplicaciones y por tanto, ser\u00e1 el \u00fanico responsables si vulnera o contraviene la Ley Calificada de protecci\u00f3n de datos.<\/p><p style=\"font-weight: 400;\">Sin embargo, el usuario ser\u00e1 el responsable de tomar las medidas adecuadas en el momento de acceder a la web; del uso que \u00e9ste haga de los contenidos que se facilitan mediante la web; proteger los dispositivos y programas inform\u00e1ticos con los que accede, y entre otros, de los virus, c\u00f3digos maliciosos u otros programas o archivos perjudiciales. Ser\u00e1 igualmente responsable en el supuesto de que utilicen el servidor de correo, el dominio y las direcciones de correo electr\u00f3nico con fines de correo no deseado, bombardeo de correo, suplantaci\u00f3n de identidad, fraude bajo custodia de terceros, o cualquier otro tipo de actividad realizada con \u00e1nimo fraudulento o delictivo.<\/p><h4><b>PROPIEDAD INTELECTUAL SOBRE LOS CONTENIDOS<\/b><\/h4><p style=\"font-weight: 400;\">Todos los contenidos existentes en la web del Congreso Mundial de Turismo de Nieve, Monta\u00f1a y Bienestar <a href=\"https:\/\/mountainlikers.com\/es\/\">www.mountainlikers.com<\/a> (fotograf\u00edas, v\u00eddeos, m\u00fasica, sonidos, animaciones, software, textos, nombre de dominio, marcas, informaci\u00f3n y contenido recopilado de toda la web ya sea en cualquiera de las plataformas como Youtube, Instagram, Facebook, Flickr, etc.), as\u00ed como la marca, estructura, dise\u00f1o gr\u00e1fico, entre otros contenidos, son propiedad del Ministerio encargado del turismo, o en su caso, de terceros que le han cedido los correspondientes derechos de uso, y que el usuario que visite la web debe respetar siguiendo lo que dispone la normativa de propiedad intelectual.<\/p><p style=\"font-weight: 400;\">No se podr\u00e1 realizar manipulaci\u00f3n alguna, sesi\u00f3n de la informaci\u00f3n contenida en la web sin el consentimiento previo y por escrito al Ministerio contando en materia de Turismo.<\/p><p style=\"font-weight: 400;\">La utilizaci\u00f3n no autorizada de la informaci\u00f3n contenida en la web, as\u00ed como los perjuicios ocasionados en los derechos de propiedad intelectual, pueden dar lugar al ejercicio de las acciones legales pertinentes y, en su caso, a las responsabilidades derivadas de ese ejercicio.<\/p><h4><strong>LEGISLACI\u00d3 I JURISDICCI\u00d3 APLICABLES\u00a0<\/strong><\/h4><p style=\"font-weight: 400;\">Las presentes condiciones de acceso y uso quedan sujetas a la legislaci\u00f3n andorrana ya la competencia de sus tribunales.<\/p>\t\t\t\t\t\t\t\t<\/div>\n\t\t\t\t<\/div>\n\t\t\t\t\t<\/div>\n\t\t<\/div>\n\t\t\t\t\t<\/div>\n\t\t<\/section>\n\t\t\t\t<\/div>","protected":false},"excerpt":{"rendered":"<p>AVISO LEGAL Este aviso legal recoge las condiciones generales que regulan el acceso y uso de la web moutainlikers.com, siguiendo lo dispuesto en la\u2026<\/p>","protected":false},"author":1,"featured_media":0,"parent":0,"menu_order":0,"comment_status":"closed","ping_status":"closed","template":"","meta":{"footnotes":""},"class_list":["post-12518","page","type-page","status-publish","hentry"],"yoast_head":"<!-- This site is optimized with the Yoast SEO Premium plugin v26.3 (Yoast SEO v27.2) - https:\/\/yoast.com\/product\/yoast-seo-premium-wordpress\/ -->\n<title>AV\u00cdS LEGAL - Mountainlikers<\/title>\n<meta name=\"robots\" content=\"index, follow, max-snippet:-1, max-image-preview:large, max-video-preview:-1\" \/>\n<link rel=\"canonical\" href=\"https:\/\/mountainlikers.com\/es\/avis-legal\/\" \/>\n<meta property=\"og:locale\" content=\"es_ES\" \/>\n<meta property=\"og:type\" content=\"article\" \/>\n<meta property=\"og:title\" content=\"AV\u00cdS LEGAL\" \/>\n<meta property=\"og:description\" content=\"AV\u00cdS LEGAL Aquest av\u00eds legal recull les condicions generals que regulen l&#8217;acc\u00e9s i l&#8217;\u00fas del web moutainlikers.com, seguint el que disposa la...\" \/>\n<meta property=\"og:url\" content=\"https:\/\/mountainlikers.com\/es\/avis-legal\/\" \/>\n<meta property=\"og:site_name\" content=\"Mountainlikers\" \/>\n<meta property=\"article:publisher\" content=\"https:\/\/www.facebook.com\/mountainlikers\/\" \/>\n<meta property=\"article:modified_time\" content=\"2023-09-18T15:51:22+00:00\" \/>\n<meta property=\"og:image\" content=\"http:\/\/rstheme.com\/products\/wordpress\/eventeo-elementor\/wp-content\/uploads\/2020\/01\/aboutline_1.png\" \/>\n<meta name=\"twitter:card\" content=\"summary_large_image\" \/>\n<meta name=\"twitter:site\" content=\"@mountainlikers\" \/>\n<meta name=\"twitter:label1\" content=\"Tiempo de lectura\" \/>\n\t<meta name=\"twitter:data1\" content=\"6 minutos\" \/>\n<script type=\"application\/ld+json\" class=\"yoast-schema-graph\">{\"@context\":\"https:\/\/schema.org\",\"@graph\":[{\"@type\":\"WebPage\",\"@id\":\"https:\/\/mountainlikers.com\/avis-legal\/\",\"url\":\"https:\/\/mountainlikers.com\/avis-legal\/\",\"name\":\"AV\u00cdS LEGAL - Mountainlikers\",\"isPartOf\":{\"@id\":\"https:\/\/mountainlikers.com\/en\/#website\"},\"primaryImageOfPage\":{\"@id\":\"https:\/\/mountainlikers.com\/avis-legal\/#primaryimage\"},\"image\":{\"@id\":\"https:\/\/mountainlikers.com\/avis-legal\/#primaryimage\"},\"thumbnailUrl\":\"http:\/\/rstheme.com\/products\/wordpress\/eventeo-elementor\/wp-content\/uploads\/2020\/01\/aboutline_1.png\",\"datePublished\":\"2023-08-28T13:55:25+00:00\",\"dateModified\":\"2023-09-18T15:51:22+00:00\",\"breadcrumb\":{\"@id\":\"https:\/\/mountainlikers.com\/avis-legal\/#breadcrumb\"},\"inLanguage\":\"es\",\"potentialAction\":[{\"@type\":\"ReadAction\",\"target\":[\"https:\/\/mountainlikers.com\/avis-legal\/\"]}]},{\"@type\":\"ImageObject\",\"inLanguage\":\"es\",\"@id\":\"https:\/\/mountainlikers.com\/avis-legal\/#primaryimage\",\"url\":\"http:\/\/rstheme.com\/products\/wordpress\/eventeo-elementor\/wp-content\/uploads\/2020\/01\/aboutline_1.png\",\"contentUrl\":\"http:\/\/rstheme.com\/products\/wordpress\/eventeo-elementor\/wp-content\/uploads\/2020\/01\/aboutline_1.png\"},{\"@type\":\"BreadcrumbList\",\"@id\":\"https:\/\/mountainlikers.com\/avis-legal\/#breadcrumb\",\"itemListElement\":[{\"@type\":\"ListItem\",\"position\":1,\"name\":\"Inici\",\"item\":\"https:\/\/mountainlikers.com\/\"},{\"@type\":\"ListItem\",\"position\":2,\"name\":\"AV\u00cdS LEGAL\"}]},{\"@type\":\"WebSite\",\"@id\":\"https:\/\/mountainlikers.com\/en\/#website\",\"url\":\"https:\/\/mountainlikers.com\/en\/\",\"name\":\"Mountainlikers\",\"description\":\"Congr\u00e9s Mundial de Turisme de Neu i Muntanya 2026\",\"publisher\":{\"@id\":\"https:\/\/mountainlikers.com\/en\/#organization\"},\"potentialAction\":[{\"@type\":\"SearchAction\",\"target\":{\"@type\":\"EntryPoint\",\"urlTemplate\":\"https:\/\/mountainlikers.com\/en\/?s={search_term_string}\"},\"query-input\":{\"@type\":\"PropertyValueSpecification\",\"valueRequired\":true,\"valueName\":\"search_term_string\"}}],\"inLanguage\":\"es\"},{\"@type\":\"Organization\",\"@id\":\"https:\/\/mountainlikers.com\/en\/#organization\",\"name\":\"Mountainlikers\",\"url\":\"https:\/\/mountainlikers.com\/en\/\",\"logo\":{\"@type\":\"ImageObject\",\"inLanguage\":\"es\",\"@id\":\"https:\/\/mountainlikers.com\/en\/#\/schema\/logo\/image\/\",\"url\":\"https:\/\/mountainlikers.com\/wp-content\/uploads\/2025\/09\/MountainLikers-logo25-26.png\",\"contentUrl\":\"https:\/\/mountainlikers.com\/wp-content\/uploads\/2025\/09\/MountainLikers-logo25-26.png\",\"width\":1221,\"height\":942,\"caption\":\"Mountainlikers\"},\"image\":{\"@id\":\"https:\/\/mountainlikers.com\/en\/#\/schema\/logo\/image\/\"},\"sameAs\":[\"https:\/\/www.facebook.com\/mountainlikers\/\",\"https:\/\/x.com\/mountainlikers\",\"https:\/\/www.instagram.com\/mountainlikers\/\",\"https:\/\/www.youtube.com\/user\/mountainlikers\"]}]}<\/script>\n<!-- \/ Yoast SEO Premium plugin. -->","yoast_head_json":{"title":"AVISO LEGAL - Mountainlikers","robots":{"index":"index","follow":"follow","max-snippet":"max-snippet:-1","max-image-preview":"max-image-preview:large","max-video-preview":"max-video-preview:-1"},"canonical":"https:\/\/mountainlikers.com\/es\/avis-legal\/","og_locale":"es_ES","og_type":"article","og_title":"AV\u00cdS LEGAL","og_description":"AV\u00cdS LEGAL Aquest av\u00eds legal recull les condicions generals que regulen l&#8217;acc\u00e9s i l&#8217;\u00fas del web moutainlikers.com, seguint el que disposa la...","og_url":"https:\/\/mountainlikers.com\/es\/avis-legal\/","og_site_name":"Mountainlikers","article_publisher":"https:\/\/www.facebook.com\/mountainlikers\/","article_modified_time":"2023-09-18T15:51:22+00:00","og_image":[{"url":"http:\/\/rstheme.com\/products\/wordpress\/eventeo-elementor\/wp-content\/uploads\/2020\/01\/aboutline_1.png","type":"","width":"","height":""}],"twitter_card":"summary_large_image","twitter_site":"@mountainlikers","twitter_misc":{"Tiempo de lectura":"6 minutos"},"schema":{"@context":"https:\/\/schema.org","@graph":[{"@type":"WebPage","@id":"https:\/\/mountainlikers.com\/avis-legal\/","url":"https:\/\/mountainlikers.com\/avis-legal\/","name":"AVISO LEGAL - Mountainlikers","isPartOf":{"@id":"https:\/\/mountainlikers.com\/en\/#website"},"primaryImageOfPage":{"@id":"https:\/\/mountainlikers.com\/avis-legal\/#primaryimage"},"image":{"@id":"https:\/\/mountainlikers.com\/avis-legal\/#primaryimage"},"thumbnailUrl":"http:\/\/rstheme.com\/products\/wordpress\/eventeo-elementor\/wp-content\/uploads\/2020\/01\/aboutline_1.png","datePublished":"2023-08-28T13:55:25+00:00","dateModified":"2023-09-18T15:51:22+00:00","breadcrumb":{"@id":"https:\/\/mountainlikers.com\/avis-legal\/#breadcrumb"},"inLanguage":"es","potentialAction":[{"@type":"ReadAction","target":["https:\/\/mountainlikers.com\/avis-legal\/"]}]},{"@type":"ImageObject","inLanguage":"es","@id":"https:\/\/mountainlikers.com\/avis-legal\/#primaryimage","url":"http:\/\/rstheme.com\/products\/wordpress\/eventeo-elementor\/wp-content\/uploads\/2020\/01\/aboutline_1.png","contentUrl":"http:\/\/rstheme.com\/products\/wordpress\/eventeo-elementor\/wp-content\/uploads\/2020\/01\/aboutline_1.png"},{"@type":"BreadcrumbList","@id":"https:\/\/mountainlikers.com\/avis-legal\/#breadcrumb","itemListElement":[{"@type":"ListItem","position":1,"name":"Inici","item":"https:\/\/mountainlikers.com\/"},{"@type":"ListItem","position":2,"name":"AV\u00cdS LEGAL"}]},{"@type":"WebSite","@id":"https:\/\/mountainlikers.com\/en\/#website","url":"https:\/\/mountainlikers.com\/en\/","name":"Mountainlikers","description":"Congreso Mundial de Turismo de Nieve y Monte 2026","publisher":{"@id":"https:\/\/mountainlikers.com\/en\/#organization"},"potentialAction":[{"@type":"SearchAction","target":{"@type":"EntryPoint","urlTemplate":"https:\/\/mountainlikers.com\/en\/?s={search_term_string}"},"query-input":{"@type":"PropertyValueSpecification","valueRequired":true,"valueName":"search_term_string"}}],"inLanguage":"es"},{"@type":"Organization","@id":"https:\/\/mountainlikers.com\/en\/#organization","name":"Mountainlikers","url":"https:\/\/mountainlikers.com\/en\/","logo":{"@type":"ImageObject","inLanguage":"es","@id":"https:\/\/mountainlikers.com\/en\/#\/schema\/logo\/image\/","url":"https:\/\/mountainlikers.com\/wp-content\/uploads\/2025\/09\/MountainLikers-logo25-26.png","contentUrl":"https:\/\/mountainlikers.com\/wp-content\/uploads\/2025\/09\/MountainLikers-logo25-26.png","width":1221,"height":942,"caption":"Mountainlikers"},"image":{"@id":"https:\/\/mountainlikers.com\/en\/#\/schema\/logo\/image\/"},"sameAs":["https:\/\/www.facebook.com\/mountainlikers\/","https:\/\/x.com\/mountainlikers","https:\/\/www.instagram.com\/mountainlikers\/","https:\/\/www.youtube.com\/user\/mountainlikers"]}]}},"_links":{"self":[{"href":"https:\/\/mountainlikers.com\/es\/wp-json\/wp\/v2\/pages\/12518","targetHints":{"allow":["GET"]}}],"collection":[{"href":"https:\/\/mountainlikers.com\/es\/wp-json\/wp\/v2\/pages"}],"about":[{"href":"https:\/\/mountainlikers.com\/es\/wp-json\/wp\/v2\/types\/page"}],"author":[{"embeddable":true,"href":"https:\/\/mountainlikers.com\/es\/wp-json\/wp\/v2\/users\/1"}],"replies":[{"embeddable":true,"href":"https:\/\/mountainlikers.com\/es\/wp-json\/wp\/v2\/comments?post=12518"}],"version-history":[{"count":12,"href":"https:\/\/mountainlikers.com\/es\/wp-json\/wp\/v2\/pages\/12518\/revisions"}],"predecessor-version":[{"id":12687,"href":"https:\/\/mountainlikers.com\/es\/wp-json\/wp\/v2\/pages\/12518\/revisions\/12687"}],"wp:attachment":[{"href":"https:\/\/mountainlikers.com\/es\/wp-json\/wp\/v2\/media?parent=12518"}],"curies":[{"name":"wp","href":"https:\/\/api.w.org\/{rel}","templated":true}]}}