{"id":12514,"date":"2023-08-28T14:52:50","date_gmt":"2023-08-28T13:52:50","guid":{"rendered":"https:\/\/mountainlikers.com\/?page_id=12514"},"modified":"2023-09-18T16:49:10","modified_gmt":"2023-09-18T15:49:10","slug":"politica-de-cookies-galetes","status":"publish","type":"page","link":"https:\/\/mountainlikers.com\/es\/politica-de-cookies-galetes\/","title":{"rendered":"POL\u00cdTICA DE COOKIES (GALETAS)"},"content":{"rendered":"<div data-elementor-type=\"wp-page\" data-elementor-id=\"12514\" class=\"elementor elementor-12514\" data-elementor-post-type=\"page\">\n\t\t\t\t\t\t<section data-particle_enable=\"false\" data-particle-mobile-disabled=\"false\" class=\"elementor-section elementor-top-section elementor-element elementor-element-fbfbac7 elementor-section-stretched elementor-section-content-middle elementor-section-boxed elementor-section-height-default elementor-section-height-default\" data-id=\"fbfbac7\" data-element_type=\"section\" data-e-type=\"section\" data-settings=\"{&quot;stretch_section&quot;:&quot;section-stretched&quot;,&quot;background_background&quot;:&quot;classic&quot;}\">\n\t\t\t\t\t\t<div class=\"elementor-container elementor-column-gap-default\">\n\t\t\t\t\t<div class=\"elementor-column elementor-col-100 elementor-top-column elementor-element elementor-element-4c72dc8\" data-id=\"4c72dc8\" data-element_type=\"column\" data-e-type=\"column\">\n\t\t\t<div class=\"elementor-widget-wrap elementor-element-populated\">\n\t\t\t\t\t\t<div class=\"elementor-element elementor-element-23ecad2 elementor-widget elementor-widget-rs-heading\" data-id=\"23ecad2\" data-element_type=\"widget\" data-e-type=\"widget\" data-widget_type=\"rs-heading.default\">\n\t\t\t\t<div class=\"elementor-widget-container\">\n\t\t\t\t\t        <div class=\"rs-heading style9\">\r\n        \t<div class=\"title-inner\">\r\n        \t\t      \t\t\r\n\t            <h2 class=\"title\"><span class=\"watermark\"><\/span>POL\u00cdTICA DE COOKIES (GALETAS)<\/h2><div class=\"title-img bottom-img\"><img decoding=\"async\" src=\"http:\/\/rstheme.com\/products\/wordpress\/eventeo-elementor\/wp-content\/uploads\/2020\/01\/aboutline_1.png\" \/><\/div>\t        <\/div>\r\n\t                <\/div>\r\n        \t\t\t\t<\/div>\n\t\t\t\t<\/div>\n\t\t\t\t<div class=\"elementor-element elementor-element-fb89152 elementor-widget__width-initial elementor-widget elementor-widget-text-editor\" data-id=\"fb89152\" data-element_type=\"widget\" data-e-type=\"widget\" data-widget_type=\"text-editor.default\">\n\t\t\t\t<div class=\"elementor-widget-container\">\n\t\t\t\t\t\t\t\t\t<p style=\"font-weight: 400;\">La web del Congreso Mundial de Turismo de Nieve, Monta\u00f1a y Bienestar, en su web https:\/\/mountainlikers.com\/, utiliza cookies con el objeto de mejorar y optimizar la experiencia del usuario. Para que sean recogidas es necesario su consentimiento.<\/p><p style=\"font-weight: 400;\"><strong>\u00bfQu\u00e9 son las cookies?<\/strong>\u00a0 Una cookie es un archivo que se descarga al equipo del usuario cuando visita la web, y recoge datos de la navegaci\u00f3n e interacci\u00f3n en esta web.<\/p><p style=\"font-weight: 400;\">La web del Congreso Mundial de Turismo de Nieve, Monta\u00f1a y Bienestar m<span style=\"color: var( --e-global-color-text );\">ountainlikers.com utiliza los datos para:<\/span><\/p><ol><li style=\"font-weight: 400;\">a) Ofrecer informaci\u00f3n general del Congreso.<\/li><li style=\"font-weight: 400;\">b) Asegurar el correcto funcionamiento del sitio web mountainlikers.com<\/li><li style=\"font-weight: 400;\">c) Almacenar la informaci\u00f3n del usuario, tales como el idioma, las preferencias en la b\u00fasqueda de informaci\u00f3n. Los datos, como la direcci\u00f3n electr\u00f3nica, nombre y apellidos y nombre de empresa, datos de operaci\u00f3n de compra, s\u00f3lo se recogen en el momento de realizar las inscripciones en el Congreso.<\/li><li style=\"font-weight: 400;\">d) La utilizaci\u00f3n de las cookies por parte de los responsables de la web del Congreso mundial de turismo de nieve y de monta\u00f1a es para optimizar la informaci\u00f3n y los servicios ofrecidos a los usuarios, para mejorar la experiencia cada vez que se utilizan los servicios web.<\/li><\/ol><p style=\"font-weight: 400;\"><strong>\u00bfQu\u00e9 datos se recogen?<\/strong> la web del Congreso mundial de turismo de nieve y de monta\u00f1a no recoge ning\u00fan dato de cliente si navega por la web a excepci\u00f3n de la aceptaci\u00f3n de la pol\u00edtica de cookies, y de los datos de la inscripci\u00f3n en el Congreso.\u00a0<\/p><p style=\"font-weight: 400;\">Tipo de cookies utilizadas, responsables, plazos de conservaci\u00f3n y destinatario:<\/p><p style=\"font-weight: 400;\">En Mountainlikers.com se utilizan las cookies de sesi\u00f3n, y la Cookie de aceptaci\u00f3n de la pol\u00edtica de cookies.<\/p><p style=\"font-weight: 400;\">Para consultar todo tipo de cookies y otras preferencias, pulse el bot\u00f3n identificado en la siguiente imagen que encontrar\u00e1 en cualquier p\u00e1gina de este sitio web o en el bot\u00f3n de personalizar si accede por primera vez a nuestro sitio web:<\/p>\t\t\t\t\t\t\t\t<\/div>\n\t\t\t\t<\/div>\n\t\t\t\t<section data-particle_enable=\"false\" data-particle-mobile-disabled=\"false\" class=\"elementor-section elementor-inner-section elementor-element elementor-element-167f1b8 elementor-section-boxed elementor-section-height-default elementor-section-height-default\" data-id=\"167f1b8\" data-element_type=\"section\" data-e-type=\"section\" data-settings=\"{&quot;background_background&quot;:&quot;classic&quot;}\">\n\t\t\t\t\t\t<div class=\"elementor-container elementor-column-gap-default\">\n\t\t\t\t\t<div class=\"elementor-column elementor-col-50 elementor-inner-column elementor-element elementor-element-fe25bed\" data-id=\"fe25bed\" data-element_type=\"column\" data-e-type=\"column\">\n\t\t\t<div class=\"elementor-widget-wrap elementor-element-populated\">\n\t\t\t\t\t\t<div class=\"elementor-element elementor-element-26bdf2e elementor-widget elementor-widget-image\" data-id=\"26bdf2e\" data-element_type=\"widget\" data-e-type=\"widget\" data-widget_type=\"image.default\">\n\t\t\t\t<div class=\"elementor-widget-container\">\n\t\t\t\t\t\t\t\t\t\t\t\t\t\t\t<img loading=\"lazy\" decoding=\"async\" width=\"146\" height=\"132\" src=\"https:\/\/mountainlikers.com\/wp-content\/uploads\/2023\/09\/Captura-de-ecra-2023-09-12-as-15.16.27.png\" class=\"attachment-large size-large wp-image-12665\" alt=\"\" srcset=\"https:\/\/mountainlikers.com\/wp-content\/uploads\/2023\/09\/Captura-de-ecra-2023-09-12-as-15.16.27.png 146w, https:\/\/mountainlikers.com\/wp-content\/uploads\/2023\/09\/Captura-de-ecra-2023-09-12-as-15.16.27-13x12.png 13w\" sizes=\"auto, (max-width: 146px) 100vw, 146px\" \/>\t\t\t\t\t\t\t\t\t\t\t\t\t\t\t<\/div>\n\t\t\t\t<\/div>\n\t\t\t\t\t<\/div>\n\t\t<\/div>\n\t\t\t\t<div class=\"elementor-column elementor-col-50 elementor-inner-column elementor-element elementor-element-64f255a\" data-id=\"64f255a\" data-element_type=\"column\" data-e-type=\"column\">\n\t\t\t<div class=\"elementor-widget-wrap elementor-element-populated\">\n\t\t\t\t\t\t<div class=\"elementor-element elementor-element-66cd368 elementor-widget elementor-widget-image\" data-id=\"66cd368\" data-element_type=\"widget\" data-e-type=\"widget\" data-widget_type=\"image.default\">\n\t\t\t\t<div class=\"elementor-widget-container\">\n\t\t\t\t\t\t\t\t\t\t\t\t\t\t\t<img loading=\"lazy\" decoding=\"async\" width=\"640\" height=\"339\" src=\"https:\/\/mountainlikers.com\/wp-content\/uploads\/2023\/09\/Captura-de-ecra-2023-09-12-as-15.16.18.png\" class=\"attachment-large size-large wp-image-12666\" alt=\"\" srcset=\"https:\/\/mountainlikers.com\/wp-content\/uploads\/2023\/09\/Captura-de-ecra-2023-09-12-as-15.16.18.png 872w, https:\/\/mountainlikers.com\/wp-content\/uploads\/2023\/09\/Captura-de-ecra-2023-09-12-as-15.16.18-600x318.png 600w, https:\/\/mountainlikers.com\/wp-content\/uploads\/2023\/09\/Captura-de-ecra-2023-09-12-as-15.16.18-800x424.png 800w, https:\/\/mountainlikers.com\/wp-content\/uploads\/2023\/09\/Captura-de-ecra-2023-09-12-as-15.16.18-300x159.png 300w, https:\/\/mountainlikers.com\/wp-content\/uploads\/2023\/09\/Captura-de-ecra-2023-09-12-as-15.16.18-768x407.png 768w, https:\/\/mountainlikers.com\/wp-content\/uploads\/2023\/09\/Captura-de-ecra-2023-09-12-as-15.16.18-18x10.png 18w\" sizes=\"auto, (max-width: 640px) 100vw, 640px\" \/>\t\t\t\t\t\t\t\t\t\t\t\t\t\t\t<\/div>\n\t\t\t\t<\/div>\n\t\t\t\t\t<\/div>\n\t\t<\/div>\n\t\t\t\t\t<\/div>\n\t\t<\/section>\n\t\t\t\t\t<\/div>\n\t\t<\/div>\n\t\t\t\t\t<\/div>\n\t\t<\/section>\n\t\t\t\t<\/div>","protected":false},"excerpt":{"rendered":"<p>POL\u00cdTICA DE COOKIES (GALETES) La web del Congreso Mundial de Turismo de Nieve, Monta\u00f1a y Bienestar, en su web https:\/\/mountainlikers.com\/, utiliza\u2026<\/p>","protected":false},"author":1,"featured_media":0,"parent":0,"menu_order":0,"comment_status":"closed","ping_status":"closed","template":"","meta":{"footnotes":""},"class_list":["post-12514","page","type-page","status-publish","hentry"],"yoast_head":"<!-- This site is optimized with the Yoast SEO Premium plugin v26.3 (Yoast SEO v27.2) - https:\/\/yoast.com\/product\/yoast-seo-premium-wordpress\/ -->\n<title>POL\u00cdTICA DE COOKIES (GALETES) - Mountainlikers<\/title>\n<meta name=\"robots\" content=\"index, follow, max-snippet:-1, max-image-preview:large, max-video-preview:-1\" \/>\n<link rel=\"canonical\" href=\"https:\/\/mountainlikers.com\/es\/politica-de-cookies-galetes\/\" \/>\n<meta property=\"og:locale\" content=\"es_ES\" \/>\n<meta property=\"og:type\" content=\"article\" \/>\n<meta property=\"og:title\" content=\"POL\u00cdTICA DE COOKIES (GALETES)\" \/>\n<meta property=\"og:description\" content=\"POL\u00cdTICA DE COOKIES (GALETES) El web del Congr\u00e9s Mundial de Turisme de Neu, Muntanya i Benestar, en el seu web https:\/\/mountainlikers.com\/, utilitza...\" \/>\n<meta property=\"og:url\" content=\"https:\/\/mountainlikers.com\/es\/politica-de-cookies-galetes\/\" \/>\n<meta property=\"og:site_name\" content=\"Mountainlikers\" \/>\n<meta property=\"article:publisher\" content=\"https:\/\/www.facebook.com\/mountainlikers\/\" \/>\n<meta property=\"article:modified_time\" content=\"2023-09-18T15:49:10+00:00\" \/>\n<meta property=\"og:image\" content=\"http:\/\/rstheme.com\/products\/wordpress\/eventeo-elementor\/wp-content\/uploads\/2020\/01\/aboutline_1.png\" \/>\n<meta name=\"twitter:card\" content=\"summary_large_image\" \/>\n<meta name=\"twitter:site\" content=\"@mountainlikers\" \/>\n<meta name=\"twitter:label1\" content=\"Tiempo de lectura\" \/>\n\t<meta name=\"twitter:data1\" content=\"2 minutos\" \/>\n<script type=\"application\/ld+json\" class=\"yoast-schema-graph\">{\"@context\":\"https:\/\/schema.org\",\"@graph\":[{\"@type\":\"WebPage\",\"@id\":\"https:\/\/mountainlikers.com\/politica-de-cookies-galetes\/\",\"url\":\"https:\/\/mountainlikers.com\/politica-de-cookies-galetes\/\",\"name\":\"POL\u00cdTICA DE COOKIES (GALETES) - Mountainlikers\",\"isPartOf\":{\"@id\":\"https:\/\/mountainlikers.com\/en\/#website\"},\"primaryImageOfPage\":{\"@id\":\"https:\/\/mountainlikers.com\/politica-de-cookies-galetes\/#primaryimage\"},\"image\":{\"@id\":\"https:\/\/mountainlikers.com\/politica-de-cookies-galetes\/#primaryimage\"},\"thumbnailUrl\":\"http:\/\/rstheme.com\/products\/wordpress\/eventeo-elementor\/wp-content\/uploads\/2020\/01\/aboutline_1.png\",\"datePublished\":\"2023-08-28T13:52:50+00:00\",\"dateModified\":\"2023-09-18T15:49:10+00:00\",\"breadcrumb\":{\"@id\":\"https:\/\/mountainlikers.com\/politica-de-cookies-galetes\/#breadcrumb\"},\"inLanguage\":\"es\",\"potentialAction\":[{\"@type\":\"ReadAction\",\"target\":[\"https:\/\/mountainlikers.com\/politica-de-cookies-galetes\/\"]}]},{\"@type\":\"ImageObject\",\"inLanguage\":\"es\",\"@id\":\"https:\/\/mountainlikers.com\/politica-de-cookies-galetes\/#primaryimage\",\"url\":\"http:\/\/rstheme.com\/products\/wordpress\/eventeo-elementor\/wp-content\/uploads\/2020\/01\/aboutline_1.png\",\"contentUrl\":\"http:\/\/rstheme.com\/products\/wordpress\/eventeo-elementor\/wp-content\/uploads\/2020\/01\/aboutline_1.png\"},{\"@type\":\"BreadcrumbList\",\"@id\":\"https:\/\/mountainlikers.com\/politica-de-cookies-galetes\/#breadcrumb\",\"itemListElement\":[{\"@type\":\"ListItem\",\"position\":1,\"name\":\"Inici\",\"item\":\"https:\/\/mountainlikers.com\/\"},{\"@type\":\"ListItem\",\"position\":2,\"name\":\"POL\u00cdTICA DE COOKIES (GALETES)\"}]},{\"@type\":\"WebSite\",\"@id\":\"https:\/\/mountainlikers.com\/en\/#website\",\"url\":\"https:\/\/mountainlikers.com\/en\/\",\"name\":\"Mountainlikers\",\"description\":\"Congr\u00e9s Mundial de Turisme de Neu i Muntanya 2026\",\"publisher\":{\"@id\":\"https:\/\/mountainlikers.com\/en\/#organization\"},\"potentialAction\":[{\"@type\":\"SearchAction\",\"target\":{\"@type\":\"EntryPoint\",\"urlTemplate\":\"https:\/\/mountainlikers.com\/en\/?s={search_term_string}\"},\"query-input\":{\"@type\":\"PropertyValueSpecification\",\"valueRequired\":true,\"valueName\":\"search_term_string\"}}],\"inLanguage\":\"es\"},{\"@type\":\"Organization\",\"@id\":\"https:\/\/mountainlikers.com\/en\/#organization\",\"name\":\"Mountainlikers\",\"url\":\"https:\/\/mountainlikers.com\/en\/\",\"logo\":{\"@type\":\"ImageObject\",\"inLanguage\":\"es\",\"@id\":\"https:\/\/mountainlikers.com\/en\/#\/schema\/logo\/image\/\",\"url\":\"https:\/\/mountainlikers.com\/wp-content\/uploads\/2025\/09\/MountainLikers-logo25-26.png\",\"contentUrl\":\"https:\/\/mountainlikers.com\/wp-content\/uploads\/2025\/09\/MountainLikers-logo25-26.png\",\"width\":1221,\"height\":942,\"caption\":\"Mountainlikers\"},\"image\":{\"@id\":\"https:\/\/mountainlikers.com\/en\/#\/schema\/logo\/image\/\"},\"sameAs\":[\"https:\/\/www.facebook.com\/mountainlikers\/\",\"https:\/\/x.com\/mountainlikers\",\"https:\/\/www.instagram.com\/mountainlikers\/\",\"https:\/\/www.youtube.com\/user\/mountainlikers\"]}]}<\/script>\n<!-- \/ Yoast SEO Premium plugin. -->","yoast_head_json":{"title":"POL\u00cdTICA DE COOKIES (GALETAS) - Mountainlikers","robots":{"index":"index","follow":"follow","max-snippet":"max-snippet:-1","max-image-preview":"max-image-preview:large","max-video-preview":"max-video-preview:-1"},"canonical":"https:\/\/mountainlikers.com\/es\/politica-de-cookies-galetes\/","og_locale":"es_ES","og_type":"article","og_title":"POL\u00cdTICA DE COOKIES (GALETES)","og_description":"POL\u00cdTICA DE COOKIES (GALETES) El web del Congr\u00e9s Mundial de Turisme de Neu, Muntanya i Benestar, en el seu web https:\/\/mountainlikers.com\/, utilitza...","og_url":"https:\/\/mountainlikers.com\/es\/politica-de-cookies-galetes\/","og_site_name":"Mountainlikers","article_publisher":"https:\/\/www.facebook.com\/mountainlikers\/","article_modified_time":"2023-09-18T15:49:10+00:00","og_image":[{"url":"http:\/\/rstheme.com\/products\/wordpress\/eventeo-elementor\/wp-content\/uploads\/2020\/01\/aboutline_1.png","type":"","width":"","height":""}],"twitter_card":"summary_large_image","twitter_site":"@mountainlikers","twitter_misc":{"Tiempo de lectura":"2 minutos"},"schema":{"@context":"https:\/\/schema.org","@graph":[{"@type":"WebPage","@id":"https:\/\/mountainlikers.com\/politica-de-cookies-galetes\/","url":"https:\/\/mountainlikers.com\/politica-de-cookies-galetes\/","name":"POL\u00cdTICA DE COOKIES (GALETAS) - Mountainlikers","isPartOf":{"@id":"https:\/\/mountainlikers.com\/en\/#website"},"primaryImageOfPage":{"@id":"https:\/\/mountainlikers.com\/politica-de-cookies-galetes\/#primaryimage"},"image":{"@id":"https:\/\/mountainlikers.com\/politica-de-cookies-galetes\/#primaryimage"},"thumbnailUrl":"http:\/\/rstheme.com\/products\/wordpress\/eventeo-elementor\/wp-content\/uploads\/2020\/01\/aboutline_1.png","datePublished":"2023-08-28T13:52:50+00:00","dateModified":"2023-09-18T15:49:10+00:00","breadcrumb":{"@id":"https:\/\/mountainlikers.com\/politica-de-cookies-galetes\/#breadcrumb"},"inLanguage":"es","potentialAction":[{"@type":"ReadAction","target":["https:\/\/mountainlikers.com\/politica-de-cookies-galetes\/"]}]},{"@type":"ImageObject","inLanguage":"es","@id":"https:\/\/mountainlikers.com\/politica-de-cookies-galetes\/#primaryimage","url":"http:\/\/rstheme.com\/products\/wordpress\/eventeo-elementor\/wp-content\/uploads\/2020\/01\/aboutline_1.png","contentUrl":"http:\/\/rstheme.com\/products\/wordpress\/eventeo-elementor\/wp-content\/uploads\/2020\/01\/aboutline_1.png"},{"@type":"BreadcrumbList","@id":"https:\/\/mountainlikers.com\/politica-de-cookies-galetes\/#breadcrumb","itemListElement":[{"@type":"ListItem","position":1,"name":"Inici","item":"https:\/\/mountainlikers.com\/"},{"@type":"ListItem","position":2,"name":"POL\u00cdTICA DE COOKIES (GALETES)"}]},{"@type":"WebSite","@id":"https:\/\/mountainlikers.com\/en\/#website","url":"https:\/\/mountainlikers.com\/en\/","name":"Mountainlikers","description":"Congreso Mundial de Turismo de Nieve y Monte 2026","publisher":{"@id":"https:\/\/mountainlikers.com\/en\/#organization"},"potentialAction":[{"@type":"SearchAction","target":{"@type":"EntryPoint","urlTemplate":"https:\/\/mountainlikers.com\/en\/?s={search_term_string}"},"query-input":{"@type":"PropertyValueSpecification","valueRequired":true,"valueName":"search_term_string"}}],"inLanguage":"es"},{"@type":"Organization","@id":"https:\/\/mountainlikers.com\/en\/#organization","name":"Mountainlikers","url":"https:\/\/mountainlikers.com\/en\/","logo":{"@type":"ImageObject","inLanguage":"es","@id":"https:\/\/mountainlikers.com\/en\/#\/schema\/logo\/image\/","url":"https:\/\/mountainlikers.com\/wp-content\/uploads\/2025\/09\/MountainLikers-logo25-26.png","contentUrl":"https:\/\/mountainlikers.com\/wp-content\/uploads\/2025\/09\/MountainLikers-logo25-26.png","width":1221,"height":942,"caption":"Mountainlikers"},"image":{"@id":"https:\/\/mountainlikers.com\/en\/#\/schema\/logo\/image\/"},"sameAs":["https:\/\/www.facebook.com\/mountainlikers\/","https:\/\/x.com\/mountainlikers","https:\/\/www.instagram.com\/mountainlikers\/","https:\/\/www.youtube.com\/user\/mountainlikers"]}]}},"_links":{"self":[{"href":"https:\/\/mountainlikers.com\/es\/wp-json\/wp\/v2\/pages\/12514","targetHints":{"allow":["GET"]}}],"collection":[{"href":"https:\/\/mountainlikers.com\/es\/wp-json\/wp\/v2\/pages"}],"about":[{"href":"https:\/\/mountainlikers.com\/es\/wp-json\/wp\/v2\/types\/page"}],"author":[{"embeddable":true,"href":"https:\/\/mountainlikers.com\/es\/wp-json\/wp\/v2\/users\/1"}],"replies":[{"embeddable":true,"href":"https:\/\/mountainlikers.com\/es\/wp-json\/wp\/v2\/comments?post=12514"}],"version-history":[{"count":18,"href":"https:\/\/mountainlikers.com\/es\/wp-json\/wp\/v2\/pages\/12514\/revisions"}],"predecessor-version":[{"id":12684,"href":"https:\/\/mountainlikers.com\/es\/wp-json\/wp\/v2\/pages\/12514\/revisions\/12684"}],"wp:attachment":[{"href":"https:\/\/mountainlikers.com\/es\/wp-json\/wp\/v2\/media?parent=12514"}],"curies":[{"name":"wp","href":"https:\/\/api.w.org\/{rel}","templated":true}]}}