{"id":9968,"date":"2021-10-07T12:48:33","date_gmt":"2021-10-07T10:48:33","guid":{"rendered":"https:\/\/mountainlikers.com\/?page_id=9968"},"modified":"2023-11-17T13:14:48","modified_gmt":"2023-11-17T12:14:48","slug":"salutacio-ministre","status":"publish","type":"page","link":"https:\/\/mountainlikers.com\/en\/salutacio-ministre\/","title":{"rendered":"Greetings from the Minister"},"content":{"rendered":"<div data-elementor-type=\"wp-page\" data-elementor-id=\"9968\" class=\"elementor elementor-9968\" data-elementor-post-type=\"page\">\n\t\t\t\t\t\t<section data-particle_enable=\"false\" data-particle-mobile-disabled=\"false\" class=\"elementor-section elementor-top-section elementor-element elementor-element-f1d01d2 elementor-section-stretched elementor-section-content-middle elementor-hidden-tablet elementor-section-boxed elementor-section-height-default elementor-section-height-default\" data-id=\"f1d01d2\" data-element_type=\"section\" data-e-type=\"section\" data-settings=\"{&quot;stretch_section&quot;:&quot;section-stretched&quot;,&quot;background_background&quot;:&quot;classic&quot;}\">\n\t\t\t\t\t\t<div class=\"elementor-container elementor-column-gap-default\">\n\t\t\t\t\t<div class=\"elementor-column elementor-col-100 elementor-top-column elementor-element elementor-element-9881fdb\" data-id=\"9881fdb\" data-element_type=\"column\" data-e-type=\"column\">\n\t\t\t<div class=\"elementor-widget-wrap elementor-element-populated\">\n\t\t\t\t\t\t<div class=\"elementor-element elementor-element-f36570b elementor-widget elementor-widget-image\" data-id=\"f36570b\" data-element_type=\"widget\" data-e-type=\"widget\" data-widget_type=\"image.default\">\n\t\t\t\t<div class=\"elementor-widget-container\">\n\t\t\t\t\t\t\t\t\t\t\t\t\t\t\t<img loading=\"lazy\" decoding=\"async\" width=\"1961\" height=\"2560\" src=\"https:\/\/mountainlikers.com\/wp-content\/uploads\/2023\/11\/T4A9591-44-scaled.jpg\" class=\"attachment-full size-full wp-image-12792\" alt=\"\" srcset=\"https:\/\/mountainlikers.com\/wp-content\/uploads\/2023\/11\/T4A9591-44-scaled.jpg 1961w, https:\/\/mountainlikers.com\/wp-content\/uploads\/2023\/11\/T4A9591-44-scaled-600x783.jpg 600w, https:\/\/mountainlikers.com\/wp-content\/uploads\/2023\/11\/T4A9591-44-scaled-800x1044.jpg 800w, https:\/\/mountainlikers.com\/wp-content\/uploads\/2023\/11\/T4A9591-44-230x300.jpg 230w, https:\/\/mountainlikers.com\/wp-content\/uploads\/2023\/11\/T4A9591-44-784x1024.jpg 784w, https:\/\/mountainlikers.com\/wp-content\/uploads\/2023\/11\/T4A9591-44-768x1003.jpg 768w, https:\/\/mountainlikers.com\/wp-content\/uploads\/2023\/11\/T4A9591-44-1176x1536.jpg 1176w, https:\/\/mountainlikers.com\/wp-content\/uploads\/2023\/11\/T4A9591-44-1568x2048.jpg 1568w, https:\/\/mountainlikers.com\/wp-content\/uploads\/2023\/11\/T4A9591-44-9x12.jpg 9w\" sizes=\"auto, (max-width: 1961px) 100vw, 1961px\" \/>\t\t\t\t\t\t\t\t\t\t\t\t\t\t\t<\/div>\n\t\t\t\t<\/div>\n\t\t\t\t<div class=\"elementor-element elementor-element-5e40766 elementor-widget elementor-widget-rs-heading\" data-id=\"5e40766\" data-element_type=\"widget\" data-e-type=\"widget\" data-widget_type=\"rs-heading.default\">\n\t\t\t\t<div class=\"elementor-widget-container\">\n\t\t\t\t\t        <div class=\"rs-heading style9\">\r\n        \t<div class=\"title-inner\">\r\n        \t\t      \t\t\r\n\t            <span class=\"sub-text\">12TH WORLD CONGRESS ON SNOW, MOUNTAIN AND WELLNESS TOURISM<\/span> <h2 class=\"title\"><span class=\"watermark\"><\/span>MESSAGE FROM THE MINISTER<\/h2><div class=\"title-img bottom-img\"><img decoding=\"async\" src=\"http:\/\/rstheme.com\/products\/wordpress\/eventeo-elementor\/wp-content\/uploads\/2020\/01\/aboutline_1.png\" \/><\/div>\t        <\/div>\r\n\t                <\/div>\r\n        \t\t\t\t<\/div>\n\t\t\t\t<\/div>\n\t\t\t\t<div class=\"elementor-element elementor-element-1151e1a elementor-widget elementor-widget-text-editor\" data-id=\"1151e1a\" data-element_type=\"widget\" data-e-type=\"widget\" data-widget_type=\"text-editor.default\">\n\t\t\t\t<div class=\"elementor-widget-container\">\n\t\t\t\t\t\t\t\t\t<p style=\"font-weight: 400;\">Dear participants,<\/p><p style=\"font-weight: 400;\">During the last edition of the World Congress on Snow and Mountain Tourism in 2022, the theme addressed was the recovery of tourism after the pandemic, under the title \u201cA new approach to the future\u201d. Today, after hard work by public administrations to encourage and help the sector, and after seeing how local businesses have handled this situation, not without difficulty, we can say that the tourism sector has faced this enormous crisis, showing great resilience. We must continue our efforts to strengthen the tourism sector and continue its contribution to the economies of mountain areas.<\/p><p style=\"font-weight: 400;\">Not without effort, the Principality of Andorra, in this period of recovery, thanks to its privileged natural wealth and its wide variety of activities in a healthy environment, recorded an increase in overnight stays, exceeding for the first time 10 million nights per year.<\/p><p style=\"font-weight: 400;\">Undoubtedly, tourism is one of the sectors that most stimulate our economies, therefore, the twelfth edition of the Congress aims to introduce new topics, favoring wellness, health and thermal tourism. Combining personal wellness in addition to relaxing on holiday or doing outdoor activities, slow tourism, immersion in local culture are other stimuli that tourists who want to break from the routine of an accelerated world, are looking for more and more.<\/p><p style=\"font-weight: 400;\">Of course, we will address other current issues that will help us improve the tourist, mountain and snow offer. We will talk about tourism products, heritage, identity and quality of services. Education, empowerment, sustainability and responsible tourism will always be key elements of the discussions. In addition, AI has become a powerful tool, being the best ally for tourism agents and visitors.<\/p><p style=\"font-weight: 400;\">This Congress, organized in the Country of the Pyrenees, brings together a wide range of tourism professionals, managers of mountain tourist destinations, experts and entrepreneurs from all fields.<\/p><p style=\"font-weight: 400;\">Together, we will lead discussions between the public and invited experts, to improve travelers' experience during their stay in their chosen destination.<\/p><p style=\"font-weight: 400;\">We hope to have you with us during these three days of events to establish partnerships that will boost tourism in mountain regions, for the benefit of tourists, professionals, residents and the destination itself.<\/p><p style=\"font-weight: 400;\"><strong>We look forward to seeing you in Andorra from March 20 to 22, 2024!<\/strong><\/p>\t\t\t\t\t\t\t\t<\/div>\n\t\t\t\t<\/div>\n\t\t\t\t\t<\/div>\n\t\t<\/div>\n\t\t\t\t\t<\/div>\n\t\t<\/section>\n\t\t\t\t<section data-particle_enable=\"false\" data-particle-mobile-disabled=\"false\" class=\"elementor-section elementor-top-section elementor-element elementor-element-0edb8b6 elementor-hidden-desktop elementor-hidden-mobile elementor-section-boxed elementor-section-height-default elementor-section-height-default\" data-id=\"0edb8b6\" data-element_type=\"section\" data-e-type=\"section\">\n\t\t\t\t\t\t<div class=\"elementor-container elementor-column-gap-default\">\n\t\t\t\t\t<div class=\"elementor-column elementor-col-100 elementor-top-column elementor-element elementor-element-0fc2bb6\" data-id=\"0fc2bb6\" data-element_type=\"column\" data-e-type=\"column\">\n\t\t\t<div class=\"elementor-widget-wrap elementor-element-populated\">\n\t\t\t\t\t\t<div class=\"elementor-element elementor-element-1a259cf elementor-hidden-desktop elementor-widget elementor-widget-image\" data-id=\"1a259cf\" data-element_type=\"widget\" data-e-type=\"widget\" data-widget_type=\"image.default\">\n\t\t\t\t<div class=\"elementor-widget-container\">\n\t\t\t\t\t\t\t\t\t\t\t\t\t\t\t<img loading=\"lazy\" decoding=\"async\" width=\"640\" height=\"438\" src=\"https:\/\/mountainlikers.com\/wp-content\/uploads\/2021\/11\/Ministre_-Jordi-Torres_Andorra-1024x701.jpg\" class=\"attachment-large size-large wp-image-10657\" alt=\"\" srcset=\"https:\/\/mountainlikers.com\/wp-content\/uploads\/2021\/11\/Ministre_-Jordi-Torres_Andorra-1024x701.jpg 1024w, https:\/\/mountainlikers.com\/wp-content\/uploads\/2021\/11\/Ministre_-Jordi-Torres_Andorra-600x411.jpg 600w, https:\/\/mountainlikers.com\/wp-content\/uploads\/2021\/11\/Ministre_-Jordi-Torres_Andorra-800x548.jpg 800w, https:\/\/mountainlikers.com\/wp-content\/uploads\/2021\/11\/Ministre_-Jordi-Torres_Andorra-300x205.jpg 300w, https:\/\/mountainlikers.com\/wp-content\/uploads\/2021\/11\/Ministre_-Jordi-Torres_Andorra-768x526.jpg 768w, https:\/\/mountainlikers.com\/wp-content\/uploads\/2021\/11\/Ministre_-Jordi-Torres_Andorra-1536x1051.jpg 1536w, https:\/\/mountainlikers.com\/wp-content\/uploads\/2021\/11\/Ministre_-Jordi-Torres_Andorra-18x12.jpg 18w, https:\/\/mountainlikers.com\/wp-content\/uploads\/2021\/11\/Ministre_-Jordi-Torres_Andorra.jpg 2000w\" sizes=\"auto, (max-width: 640px) 100vw, 640px\" \/>\t\t\t\t\t\t\t\t\t\t\t\t\t\t\t<\/div>\n\t\t\t\t<\/div>\n\t\t\t\t<div class=\"elementor-element elementor-element-f79c2be elementor-widget elementor-widget-rs-heading\" data-id=\"f79c2be\" data-element_type=\"widget\" data-e-type=\"widget\" data-widget_type=\"rs-heading.default\">\n\t\t\t\t<div class=\"elementor-widget-container\">\n\t\t\t\t\t        <div class=\"rs-heading style9\">\r\n        \t<div class=\"title-inner\">\r\n        \t\t      \t\t\r\n\t            <span class=\"sub-text\">11th World Congress on Snow and Mountain Tourism<\/span> <h2 class=\"title\"><span class=\"watermark\"><\/span>Greetings from the Minister<\/h2><div class=\"title-img bottom-img\"><img decoding=\"async\" src=\"http:\/\/rstheme.com\/products\/wordpress\/eventeo-elementor\/wp-content\/uploads\/2020\/01\/aboutline_1.png\" \/><\/div>\t        <\/div>\r\n\t                <\/div>\r\n        \t\t\t\t<\/div>\n\t\t\t\t<\/div>\n\t\t\t\t<div class=\"elementor-element elementor-element-0085445 elementor-widget elementor-widget-text-editor\" data-id=\"0085445\" data-element_type=\"widget\" data-e-type=\"widget\" data-widget_type=\"text-editor.default\">\n\t\t\t\t<div class=\"elementor-widget-container\">\n\t\t\t\t\t\t\t\t\t<p style=\"text-align: justify;\">Dear participants,<br \/>\u00a0<br \/>On 10 March 2020 we had to postpone the Snow and Mountain Tourism World Congress due to the health emergency caused by the SARS-CoV-2 pandemic. I am pleased to announce that the organisation of this Congress has been reactivated thanks to the involvement of the seven municipalities (Comuns) and the Government of Andorra, and the World Tourism Organisation (WTO). Canillo will be the host parish for this eleventh edition.<br \/>You all know that tourism has been one of the sectors most affected by the pandemic and that the consequences for our economy have had a huge impact on the commercial fabric and jobs, although it is true that the resilience of our sector has helped us to be innovative, to rethink everything we had consolidated with effort and time, and to listen to the demands of tourists and take care of them, knowing that health, protocols to prevent the spread of COVID-19, screening and vaccination are some of the key elements that allow us to look to the future with some optimism.<br \/>The pandemic has forced us to transform business management by applying new technologies more than ever, to reinvent ourselves, to change consumer habits, to work to regain the confidence of travellers and, ultimately, to reverse the effects caused by the pandemic as best we can. <br \/>For this reason, it is essential that, against the sharp decline in one of the most important sectors of the world economy, such as tourism, we meet again during the Congress, and that we have the opportunity to address and debate on the issues that will help us to reactivate tourism and design the post-pandemic model or models.\u00a0\u00a0\u00a0\u00a0\u00a0\u00a0\u00a0\u00a0\u00a0\u00a0\u00a0\u00a0\u00a0\u00a0\u00a0\u00a0\u00a0\u00a0\u00a0\u00a0\u00a0\u00a0\u00a0\u00a0\u00a0\u00a0\u00a0\u00a0\u00a0\u00a0\u00a0\u00a0\u00a0\u00a0\u00a0\u00a0\u00a0\u00a0\u00a0\u00a0\u00a0\u00a0\u00a0\u00a0\u00a0\u00a0\u00a0\u00a0\u00a0\u00a0\u00a0\u00a0\u00a0\u00a0\u00a0\u00a0\u00a0\u00a0\u00a0\u00a0\u00a0\u00a0\u00a0\u00a0\u00a0\u00a0\u00a0\u00a0\u00a0\u00a0\u00a0\u00a0\u00a0\u00a0\u00a0\u00a0\u00a0\u00a0<br \/>Andorra has learned to adapt, and since 13 March 2020 has led all efforts to find a balance between health and economy. From the outset, the health of citizens has been a priority, while protocols have been defined to ensure maximum safety for visitors. On the other hand, the Andorran authorities have approved an unprecedented set of economic measures to help the economic fabric and guarantee employment. These and other actions by society as a whole allow us to anticipate a good reactivation of tourist activity.<br \/>The economic recession poses complex challenges to the tourism sector, and it is essential to contribute and cooperate between all the actors involved for the recovery of this sector. Thus, having tourism professionals and experts at the Congress guarantees that the issues that will shape the future of mountain tourism will be discussed.<br \/>There\u2019s no doubt that sustainability, environment, health and wellness, digital transformation, artificial intelligence and new trends in tourism are topics that interest us all and that we want to discuss during the two days of the Congress.\u00a0 <br \/>I want to encourage you to visit us and participate in this Congress, where experts will share their valuable experiences and give us tools to strengthen mountain tourism destinations.<br \/>\u00a0<br \/>We look forward to seeing you there!<br \/>\u00a0<br \/>Jordi Torres Falc\u00f3<\/p>\t\t\t\t\t\t\t\t<\/div>\n\t\t\t\t<\/div>\n\t\t\t\t\t<\/div>\n\t\t<\/div>\n\t\t\t\t\t<\/div>\n\t\t<\/section>\n\t\t\t\t<section data-particle_enable=\"false\" data-particle-mobile-disabled=\"false\" class=\"elementor-section elementor-top-section elementor-element elementor-element-17e81e4 elementor-section-stretched elementor-section-boxed elementor-section-height-default elementor-section-height-default\" data-id=\"17e81e4\" data-element_type=\"section\" data-e-type=\"section\" data-settings=\"{&quot;stretch_section&quot;:&quot;section-stretched&quot;,&quot;background_background&quot;:&quot;classic&quot;}\">\n\t\t\t\t\t\t<div class=\"elementor-container elementor-column-gap-default\">\n\t\t\t\t\t<div class=\"elementor-column elementor-col-33 elementor-top-column elementor-element elementor-element-43fad95\" data-id=\"43fad95\" data-element_type=\"column\" data-e-type=\"column\">\n\t\t\t<div class=\"elementor-widget-wrap\">\n\t\t\t\t\t\t\t<\/div>\n\t\t<\/div>\n\t\t\t\t<div class=\"elementor-column elementor-col-33 elementor-top-column elementor-element elementor-element-7063f8a\" data-id=\"7063f8a\" data-element_type=\"column\" data-e-type=\"column\">\n\t\t\t<div class=\"elementor-widget-wrap\">\n\t\t\t\t\t\t\t<\/div>\n\t\t<\/div>\n\t\t\t\t<div class=\"elementor-column elementor-col-33 elementor-top-column elementor-element elementor-element-32b95fb\" data-id=\"32b95fb\" data-element_type=\"column\" data-e-type=\"column\">\n\t\t\t<div class=\"elementor-widget-wrap\">\n\t\t\t\t\t\t\t<\/div>\n\t\t<\/div>\n\t\t\t\t\t<\/div>\n\t\t<\/section>\n\t\t\t\t<\/div>","protected":false},"excerpt":{"rendered":"<p>12th World Congress on Snow, Mountain and Wellness Tourism   Message from the Minister   Dear participants,   At the last edition of the World Congress\u2026<\/p>","protected":false},"author":1,"featured_media":0,"parent":0,"menu_order":0,"comment_status":"closed","ping_status":"closed","template":"","meta":{"footnotes":""},"class_list":["post-9968","page","type-page","status-publish","hentry"],"yoast_head":"<!-- This site is optimized with the Yoast SEO Premium plugin v26.3 (Yoast SEO v27.2) - https:\/\/yoast.com\/product\/yoast-seo-premium-wordpress\/ -->\n<title>Salutaci\u00f3 Ministre - Mountainlikers<\/title>\n<meta name=\"robots\" content=\"index, follow, max-snippet:-1, max-image-preview:large, max-video-preview:-1\" \/>\n<link rel=\"canonical\" href=\"https:\/\/mountainlikers.com\/en\/salutacio-ministre\/\" \/>\n<meta property=\"og:locale\" content=\"en_GB\" \/>\n<meta property=\"og:type\" content=\"article\" \/>\n<meta property=\"og:title\" content=\"Salutaci\u00f3 Ministre\" \/>\n<meta property=\"og:description\" content=\"12\u00e8 CONGR\u00c9S MUNDIAL DE TURISME DE NEU, MUNTANYA I BENESTAR MISSATGE DEL MINISTRE Estimats participants, En la passada edici\u00f3 del Congr\u00e9s Mundial...\" \/>\n<meta property=\"og:url\" content=\"https:\/\/mountainlikers.com\/en\/salutacio-ministre\/\" \/>\n<meta property=\"og:site_name\" content=\"Mountainlikers\" \/>\n<meta property=\"article:publisher\" content=\"https:\/\/www.facebook.com\/mountainlikers\/\" \/>\n<meta property=\"article:modified_time\" content=\"2023-11-17T12:14:48+00:00\" \/>\n<meta property=\"og:image\" content=\"https:\/\/mountainlikers.com\/wp-content\/uploads\/2023\/11\/T4A9591-44-scaled.jpg\" \/>\n\t<meta property=\"og:image:width\" content=\"1961\" \/>\n\t<meta property=\"og:image:height\" content=\"2560\" \/>\n\t<meta property=\"og:image:type\" content=\"image\/jpeg\" \/>\n<meta name=\"twitter:card\" content=\"summary_large_image\" \/>\n<meta name=\"twitter:site\" content=\"@mountainlikers\" \/>\n<meta name=\"twitter:label1\" content=\"Estimated reading time\" \/>\n\t<meta name=\"twitter:data1\" content=\"5 minutes\" \/>\n<script type=\"application\/ld+json\" class=\"yoast-schema-graph\">{\"@context\":\"https:\/\/schema.org\",\"@graph\":[{\"@type\":\"WebPage\",\"@id\":\"https:\/\/mountainlikers.com\/salutacio-ministre\/\",\"url\":\"https:\/\/mountainlikers.com\/salutacio-ministre\/\",\"name\":\"Salutaci\u00f3 Ministre - Mountainlikers\",\"isPartOf\":{\"@id\":\"https:\/\/mountainlikers.com\/en\/#website\"},\"primaryImageOfPage\":{\"@id\":\"https:\/\/mountainlikers.com\/salutacio-ministre\/#primaryimage\"},\"image\":{\"@id\":\"https:\/\/mountainlikers.com\/salutacio-ministre\/#primaryimage\"},\"thumbnailUrl\":\"https:\/\/mountainlikers.com\/wp-content\/uploads\/2023\/11\/T4A9591-44-scaled.jpg\",\"datePublished\":\"2021-10-07T10:48:33+00:00\",\"dateModified\":\"2023-11-17T12:14:48+00:00\",\"breadcrumb\":{\"@id\":\"https:\/\/mountainlikers.com\/salutacio-ministre\/#breadcrumb\"},\"inLanguage\":\"en-GB\",\"potentialAction\":[{\"@type\":\"ReadAction\",\"target\":[\"https:\/\/mountainlikers.com\/salutacio-ministre\/\"]}]},{\"@type\":\"ImageObject\",\"inLanguage\":\"en-GB\",\"@id\":\"https:\/\/mountainlikers.com\/salutacio-ministre\/#primaryimage\",\"url\":\"https:\/\/mountainlikers.com\/wp-content\/uploads\/2023\/11\/T4A9591-44-scaled.jpg\",\"contentUrl\":\"https:\/\/mountainlikers.com\/wp-content\/uploads\/2023\/11\/T4A9591-44-scaled.jpg\"},{\"@type\":\"BreadcrumbList\",\"@id\":\"https:\/\/mountainlikers.com\/salutacio-ministre\/#breadcrumb\",\"itemListElement\":[{\"@type\":\"ListItem\",\"position\":1,\"name\":\"Inici\",\"item\":\"https:\/\/mountainlikers.com\/\"},{\"@type\":\"ListItem\",\"position\":2,\"name\":\"Salutaci\u00f3 Ministre\"}]},{\"@type\":\"WebSite\",\"@id\":\"https:\/\/mountainlikers.com\/en\/#website\",\"url\":\"https:\/\/mountainlikers.com\/en\/\",\"name\":\"Mountainlikers\",\"description\":\"Congr\u00e9s Mundial de Turisme de Neu i Muntanya 2026\",\"publisher\":{\"@id\":\"https:\/\/mountainlikers.com\/en\/#organization\"},\"potentialAction\":[{\"@type\":\"SearchAction\",\"target\":{\"@type\":\"EntryPoint\",\"urlTemplate\":\"https:\/\/mountainlikers.com\/en\/?s={search_term_string}\"},\"query-input\":{\"@type\":\"PropertyValueSpecification\",\"valueRequired\":true,\"valueName\":\"search_term_string\"}}],\"inLanguage\":\"en-GB\"},{\"@type\":\"Organization\",\"@id\":\"https:\/\/mountainlikers.com\/en\/#organization\",\"name\":\"Mountainlikers\",\"url\":\"https:\/\/mountainlikers.com\/en\/\",\"logo\":{\"@type\":\"ImageObject\",\"inLanguage\":\"en-GB\",\"@id\":\"https:\/\/mountainlikers.com\/en\/#\/schema\/logo\/image\/\",\"url\":\"https:\/\/mountainlikers.com\/wp-content\/uploads\/2025\/09\/MountainLikers-logo25-26.png\",\"contentUrl\":\"https:\/\/mountainlikers.com\/wp-content\/uploads\/2025\/09\/MountainLikers-logo25-26.png\",\"width\":1221,\"height\":942,\"caption\":\"Mountainlikers\"},\"image\":{\"@id\":\"https:\/\/mountainlikers.com\/en\/#\/schema\/logo\/image\/\"},\"sameAs\":[\"https:\/\/www.facebook.com\/mountainlikers\/\",\"https:\/\/x.com\/mountainlikers\",\"https:\/\/www.instagram.com\/mountainlikers\/\",\"https:\/\/www.youtube.com\/user\/mountainlikers\"]}]}<\/script>\n<!-- \/ Yoast SEO Premium plugin. -->","yoast_head_json":{"title":"Greetings Minister - Mountainlikers","robots":{"index":"index","follow":"follow","max-snippet":"max-snippet:-1","max-image-preview":"max-image-preview:large","max-video-preview":"max-video-preview:-1"},"canonical":"https:\/\/mountainlikers.com\/en\/salutacio-ministre\/","og_locale":"en_GB","og_type":"article","og_title":"Salutaci\u00f3 Ministre","og_description":"12\u00e8 CONGR\u00c9S MUNDIAL DE TURISME DE NEU, MUNTANYA I BENESTAR MISSATGE DEL MINISTRE Estimats participants, En la passada edici\u00f3 del Congr\u00e9s Mundial...","og_url":"https:\/\/mountainlikers.com\/en\/salutacio-ministre\/","og_site_name":"Mountainlikers","article_publisher":"https:\/\/www.facebook.com\/mountainlikers\/","article_modified_time":"2023-11-17T12:14:48+00:00","og_image":[{"width":1961,"height":2560,"url":"https:\/\/mountainlikers.com\/wp-content\/uploads\/2023\/11\/T4A9591-44-scaled.jpg","type":"image\/jpeg"}],"twitter_card":"summary_large_image","twitter_site":"@mountainlikers","twitter_misc":{"Estimated reading time":"5 minutes"},"schema":{"@context":"https:\/\/schema.org","@graph":[{"@type":"WebPage","@id":"https:\/\/mountainlikers.com\/salutacio-ministre\/","url":"https:\/\/mountainlikers.com\/salutacio-ministre\/","name":"Greetings Minister - Mountainlikers","isPartOf":{"@id":"https:\/\/mountainlikers.com\/en\/#website"},"primaryImageOfPage":{"@id":"https:\/\/mountainlikers.com\/salutacio-ministre\/#primaryimage"},"image":{"@id":"https:\/\/mountainlikers.com\/salutacio-ministre\/#primaryimage"},"thumbnailUrl":"https:\/\/mountainlikers.com\/wp-content\/uploads\/2023\/11\/T4A9591-44-scaled.jpg","datePublished":"2021-10-07T10:48:33+00:00","dateModified":"2023-11-17T12:14:48+00:00","breadcrumb":{"@id":"https:\/\/mountainlikers.com\/salutacio-ministre\/#breadcrumb"},"inLanguage":"en-GB","potentialAction":[{"@type":"ReadAction","target":["https:\/\/mountainlikers.com\/salutacio-ministre\/"]}]},{"@type":"ImageObject","inLanguage":"en-GB","@id":"https:\/\/mountainlikers.com\/salutacio-ministre\/#primaryimage","url":"https:\/\/mountainlikers.com\/wp-content\/uploads\/2023\/11\/T4A9591-44-scaled.jpg","contentUrl":"https:\/\/mountainlikers.com\/wp-content\/uploads\/2023\/11\/T4A9591-44-scaled.jpg"},{"@type":"BreadcrumbList","@id":"https:\/\/mountainlikers.com\/salutacio-ministre\/#breadcrumb","itemListElement":[{"@type":"ListItem","position":1,"name":"Inici","item":"https:\/\/mountainlikers.com\/"},{"@type":"ListItem","position":2,"name":"Salutaci\u00f3 Ministre"}]},{"@type":"WebSite","@id":"https:\/\/mountainlikers.com\/en\/#website","url":"https:\/\/mountainlikers.com\/en\/","name":"Mountainlikers","description":"World Congress of Snow and Mountain Tourism 2026","publisher":{"@id":"https:\/\/mountainlikers.com\/en\/#organization"},"potentialAction":[{"@type":"SearchAction","target":{"@type":"EntryPoint","urlTemplate":"https:\/\/mountainlikers.com\/en\/?s={search_term_string}"},"query-input":{"@type":"PropertyValueSpecification","valueRequired":true,"valueName":"search_term_string"}}],"inLanguage":"en-GB"},{"@type":"Organization","@id":"https:\/\/mountainlikers.com\/en\/#organization","name":"Mountainlikers","url":"https:\/\/mountainlikers.com\/en\/","logo":{"@type":"ImageObject","inLanguage":"en-GB","@id":"https:\/\/mountainlikers.com\/en\/#\/schema\/logo\/image\/","url":"https:\/\/mountainlikers.com\/wp-content\/uploads\/2025\/09\/MountainLikers-logo25-26.png","contentUrl":"https:\/\/mountainlikers.com\/wp-content\/uploads\/2025\/09\/MountainLikers-logo25-26.png","width":1221,"height":942,"caption":"Mountainlikers"},"image":{"@id":"https:\/\/mountainlikers.com\/en\/#\/schema\/logo\/image\/"},"sameAs":["https:\/\/www.facebook.com\/mountainlikers\/","https:\/\/x.com\/mountainlikers","https:\/\/www.instagram.com\/mountainlikers\/","https:\/\/www.youtube.com\/user\/mountainlikers"]}]}},"_links":{"self":[{"href":"https:\/\/mountainlikers.com\/en\/wp-json\/wp\/v2\/pages\/9968","targetHints":{"allow":["GET"]}}],"collection":[{"href":"https:\/\/mountainlikers.com\/en\/wp-json\/wp\/v2\/pages"}],"about":[{"href":"https:\/\/mountainlikers.com\/en\/wp-json\/wp\/v2\/types\/page"}],"author":[{"embeddable":true,"href":"https:\/\/mountainlikers.com\/en\/wp-json\/wp\/v2\/users\/1"}],"replies":[{"embeddable":true,"href":"https:\/\/mountainlikers.com\/en\/wp-json\/wp\/v2\/comments?post=9968"}],"version-history":[{"count":18,"href":"https:\/\/mountainlikers.com\/en\/wp-json\/wp\/v2\/pages\/9968\/revisions"}],"predecessor-version":[{"id":12798,"href":"https:\/\/mountainlikers.com\/en\/wp-json\/wp\/v2\/pages\/9968\/revisions\/12798"}],"wp:attachment":[{"href":"https:\/\/mountainlikers.com\/en\/wp-json\/wp\/v2\/media?parent=9968"}],"curies":[{"name":"wp","href":"https:\/\/api.w.org\/{rel}","templated":true}]}}