{"id":13435,"date":"2024-02-20T17:23:02","date_gmt":"2024-02-20T16:23:02","guid":{"rendered":"https:\/\/mountainlikers.com\/?page_id=13435"},"modified":"2024-02-21T10:35:19","modified_gmt":"2024-02-21T09:35:19","slug":"salutacio-consol-major-dencamp","status":"publish","type":"page","link":"https:\/\/mountainlikers.com\/en\/salutacio-consol-major-dencamp\/","title":{"rendered":"Greetings from the Mayor of Encamp, Laura Mas Barrionuevo"},"content":{"rendered":"<div data-elementor-type=\"wp-page\" data-elementor-id=\"13435\" class=\"elementor elementor-13435\" data-elementor-post-type=\"page\">\n\t\t\t\t\t\t<section data-particle_enable=\"false\" data-particle-mobile-disabled=\"false\" class=\"elementor-section elementor-top-section elementor-element elementor-element-f1d01d2 elementor-section-stretched elementor-section-content-middle elementor-hidden-tablet elementor-section-boxed elementor-section-height-default elementor-section-height-default\" data-id=\"f1d01d2\" data-element_type=\"section\" data-e-type=\"section\" data-settings=\"{&quot;stretch_section&quot;:&quot;section-stretched&quot;,&quot;background_background&quot;:&quot;classic&quot;}\">\n\t\t\t\t\t\t<div class=\"elementor-container elementor-column-gap-default\">\n\t\t\t\t\t<div class=\"elementor-column elementor-col-100 elementor-top-column elementor-element elementor-element-9881fdb\" data-id=\"9881fdb\" data-element_type=\"column\" data-e-type=\"column\">\n\t\t\t<div class=\"elementor-widget-wrap elementor-element-populated\">\n\t\t\t\t\t\t<div class=\"elementor-element elementor-element-f36570b elementor-widget elementor-widget-image\" data-id=\"f36570b\" data-element_type=\"widget\" data-e-type=\"widget\" data-widget_type=\"image.default\">\n\t\t\t\t<div class=\"elementor-widget-container\">\n\t\t\t\t\t\t\t\t\t\t\t\t\t\t\t<img loading=\"lazy\" decoding=\"async\" width=\"1707\" height=\"2560\" src=\"https:\/\/mountainlikers.com\/wp-content\/uploads\/2024\/02\/DSC03660-min-scaled.jpg\" class=\"attachment-full size-full wp-image-13434\" alt=\"\" srcset=\"https:\/\/mountainlikers.com\/wp-content\/uploads\/2024\/02\/DSC03660-min-scaled.jpg 1707w, https:\/\/mountainlikers.com\/wp-content\/uploads\/2024\/02\/DSC03660-min-scaled-600x900.jpg 600w, https:\/\/mountainlikers.com\/wp-content\/uploads\/2024\/02\/DSC03660-min-scaled-800x1200.jpg 800w, https:\/\/mountainlikers.com\/wp-content\/uploads\/2024\/02\/DSC03660-min-200x300.jpg 200w, https:\/\/mountainlikers.com\/wp-content\/uploads\/2024\/02\/DSC03660-min-683x1024.jpg 683w, https:\/\/mountainlikers.com\/wp-content\/uploads\/2024\/02\/DSC03660-min-768x1152.jpg 768w, https:\/\/mountainlikers.com\/wp-content\/uploads\/2024\/02\/DSC03660-min-1024x1536.jpg 1024w, https:\/\/mountainlikers.com\/wp-content\/uploads\/2024\/02\/DSC03660-min-1365x2048.jpg 1365w, https:\/\/mountainlikers.com\/wp-content\/uploads\/2024\/02\/DSC03660-min-8x12.jpg 8w\" sizes=\"auto, (max-width: 1707px) 100vw, 1707px\" \/>\t\t\t\t\t\t\t\t\t\t\t\t\t\t\t<\/div>\n\t\t\t\t<\/div>\n\t\t\t\t<div class=\"elementor-element elementor-element-5e40766 elementor-widget elementor-widget-rs-heading\" data-id=\"5e40766\" data-element_type=\"widget\" data-e-type=\"widget\" data-widget_type=\"rs-heading.default\">\n\t\t\t\t<div class=\"elementor-widget-container\">\n\t\t\t\t\t        <div class=\"rs-heading style9\">\r\n        \t<div class=\"title-inner\">\r\n        \t\t      \t\t\r\n\t            <span class=\"sub-text\">12TH WORLD CONGRESS ON SNOW, MOUNTAIN AND WELLNESS TOURISM<\/span> <h2 class=\"title\"><span class=\"watermark\"><\/span>Greetings from the Mayor of Encamp, Laura Mas Barrionuevo<\/h2><div class=\"title-img bottom-img\"><img decoding=\"async\" src=\"http:\/\/rstheme.com\/products\/wordpress\/eventeo-elementor\/wp-content\/uploads\/2020\/01\/aboutline_1.png\" \/><\/div>\t        <\/div>\r\n\t                <\/div>\r\n        \t\t\t\t<\/div>\n\t\t\t\t<\/div>\n\t\t\t\t<div class=\"elementor-element elementor-element-1151e1a elementor-widget elementor-widget-text-editor\" data-id=\"1151e1a\" data-element_type=\"widget\" data-e-type=\"widget\" data-widget_type=\"text-editor.default\">\n\t\t\t\t<div class=\"elementor-widget-container\">\n\t\t\t\t\t\t\t\t\t<p style=\"font-weight: 400;\">This year, Encamp takes over and is the host parish of the 12th Congress on Snow, Mountain and Wellness Tourism and I feel especially proud, as mayor, that it is in the edition where the theme is sustainability and well-being. The sustainability of our parish and the well-being of our tourists are the cornerstone of our tourism strategy. A parish where the towns of Encamp and Pas de la Casa live and enjoy surrounded by nature, mountains and landscapes that form one of our main tourist attractions.<\/p><p style=\"font-weight: 400;\">In Encamp we are clear that natural resources are not infinite and that we must give them optimal use and maximum care because they are a fundamental element of the sustainability of our parish and our country. At the Town Hall, we help the conservation of our natural heritage. The mountains that surround Encamp and Pas de la Casa, snow, water, paths, flora and fauna are the environmental resources that make up our tourist differential. We are the parish that hosts one of the reference ski and mountain resorts in Southern Europe where we can enjoy nature all year round and that is committed to sustainability as the keystone of its activity. In winter, as an international reference in skiing and in summer, with a diversity of activities that combines sport, adventure and well-being. The economic and social fabric of the parish is also moving in this direction, making sustainability one of the linchpin of development.<\/p><p style=\"font-weight: 400;\">Tourists, increasingly, seek to have and share experiences. Encamp is a destination that has gained a place as a destination for family, wellness and sports tourism. Throughout the year, summer and winter, we organize professional and amateur sports events where we combine outdoor sports with gastronomic, health, rest, leisure and cultural experiences, because culture largely explains the natural heritage, and we have become a national and international reference as a sports tourism destination, especially for high-altitude sports. We offer mountain biking, hiking, climbing and via ferrata itineraries as examples of experiences to enjoy nature that add to the wide offer that Andorra offers its visitors.<\/p><p style=\"font-weight: 400;\">But it is precisely the debate between professionals in the tourism sector on sustainability and well-being in mountain tourism that will allow us to analyze the strengths and weaknesses, risks and potential of future tourism. Among the presentations and debates, topics such as environmental conservation, the possibilities of AI, emerging tourism products or the training and preparation of professionals in the sector will be discussed. It is essential that future professionals receive, in addition to traditional knowledge in tourism management, training in sustainability, innovation, or digital marketing. This training integrated by these new disciplines contributes to a more sustainable tourism model. The continuous commitment to training and the exchange of knowledge to learn from experiences of other destinations will help us to continue improving and achieving excellence in our territories.<\/p><p style=\"font-weight: 400;\"><strong>We look forward to seeing you from March 20 to 22, 2024 in Encamp.<\/strong><\/p>\t\t\t\t\t\t\t\t<\/div>\n\t\t\t\t<\/div>\n\t\t\t\t\t<\/div>\n\t\t<\/div>\n\t\t\t\t\t<\/div>\n\t\t<\/section>\n\t\t\t\t<section data-particle_enable=\"false\" data-particle-mobile-disabled=\"false\" class=\"elementor-section elementor-top-section elementor-element elementor-element-17e81e4 elementor-section-stretched elementor-section-boxed elementor-section-height-default elementor-section-height-default\" data-id=\"17e81e4\" data-element_type=\"section\" data-e-type=\"section\" data-settings=\"{&quot;stretch_section&quot;:&quot;section-stretched&quot;,&quot;background_background&quot;:&quot;classic&quot;}\">\n\t\t\t\t\t\t<div class=\"elementor-container elementor-column-gap-default\">\n\t\t\t\t\t<div class=\"elementor-column elementor-col-33 elementor-top-column elementor-element elementor-element-43fad95\" data-id=\"43fad95\" data-element_type=\"column\" data-e-type=\"column\">\n\t\t\t<div class=\"elementor-widget-wrap\">\n\t\t\t\t\t\t\t<\/div>\n\t\t<\/div>\n\t\t\t\t<div class=\"elementor-column elementor-col-33 elementor-top-column elementor-element elementor-element-7063f8a\" data-id=\"7063f8a\" data-element_type=\"column\" data-e-type=\"column\">\n\t\t\t<div class=\"elementor-widget-wrap\">\n\t\t\t\t\t\t\t<\/div>\n\t\t<\/div>\n\t\t\t\t<div class=\"elementor-column elementor-col-33 elementor-top-column elementor-element elementor-element-32b95fb\" data-id=\"32b95fb\" data-element_type=\"column\" data-e-type=\"column\">\n\t\t\t<div class=\"elementor-widget-wrap\">\n\t\t\t\t\t\t\t<\/div>\n\t\t<\/div>\n\t\t\t\t\t<\/div>\n\t\t<\/section>\n\t\t\t\t<\/div>","protected":false},"excerpt":{"rendered":"<p>12th WORLD CONGRESS OF SNOW, MOUNTAIN AND WELL-BEING TOURISM Greetings from the Consul General of Encamp, Laura Mas Barrionuevo This year, Encamp takes over\u2026<\/p>","protected":false},"author":1,"featured_media":0,"parent":0,"menu_order":0,"comment_status":"closed","ping_status":"closed","template":"","meta":{"footnotes":""},"class_list":["post-13435","page","type-page","status-publish","hentry"],"yoast_head":"<!-- This site is optimized with the Yoast SEO Premium plugin v26.3 (Yoast SEO v27.2) - https:\/\/yoast.com\/product\/yoast-seo-premium-wordpress\/ -->\n<title>Salutaci\u00f3 c\u00f2nsol major d\u2019Encamp - Mountainlikers<\/title>\n<meta name=\"robots\" content=\"index, follow, max-snippet:-1, max-image-preview:large, max-video-preview:-1\" \/>\n<link rel=\"canonical\" href=\"https:\/\/mountainlikers.com\/en\/salutacio-consol-major-dencamp\/\" \/>\n<meta property=\"og:locale\" content=\"en_GB\" \/>\n<meta property=\"og:type\" content=\"article\" \/>\n<meta property=\"og:title\" content=\"Salutaci\u00f3 c\u00f2nsol major d\u2019Encamp\" \/>\n<meta property=\"og:description\" content=\"12\u00e8 CONGR\u00c9S MUNDIAL DE TURISME DE NEU, MUNTANYA I BENESTAR Salutaci\u00f3 c\u00f2nsol major d\u2019Encamp, Laura Mas Barrionuevo Enguany, Encamp agafa el relleu...\" \/>\n<meta property=\"og:url\" content=\"https:\/\/mountainlikers.com\/en\/salutacio-consol-major-dencamp\/\" \/>\n<meta property=\"og:site_name\" content=\"Mountainlikers\" \/>\n<meta property=\"article:publisher\" content=\"https:\/\/www.facebook.com\/mountainlikers\/\" \/>\n<meta property=\"article:modified_time\" content=\"2024-02-21T09:35:19+00:00\" \/>\n<meta property=\"og:image\" content=\"https:\/\/mountainlikers.com\/wp-content\/uploads\/2024\/02\/DSC03660-min-scaled.jpg\" \/>\n\t<meta property=\"og:image:width\" content=\"1707\" \/>\n\t<meta property=\"og:image:height\" content=\"2560\" \/>\n\t<meta property=\"og:image:type\" content=\"image\/jpeg\" \/>\n<meta name=\"twitter:card\" content=\"summary_large_image\" \/>\n<meta name=\"twitter:site\" content=\"@mountainlikers\" \/>\n<meta name=\"twitter:label1\" content=\"Estimated reading time\" \/>\n\t<meta name=\"twitter:data1\" content=\"3 minutes\" \/>\n<script type=\"application\/ld+json\" class=\"yoast-schema-graph\">{\"@context\":\"https:\/\/schema.org\",\"@graph\":[{\"@type\":\"WebPage\",\"@id\":\"https:\/\/mountainlikers.com\/salutacio-consol-major-dencamp\/\",\"url\":\"https:\/\/mountainlikers.com\/salutacio-consol-major-dencamp\/\",\"name\":\"Salutaci\u00f3 c\u00f2nsol major d\u2019Encamp - Mountainlikers\",\"isPartOf\":{\"@id\":\"https:\/\/mountainlikers.com\/en\/#website\"},\"primaryImageOfPage\":{\"@id\":\"https:\/\/mountainlikers.com\/salutacio-consol-major-dencamp\/#primaryimage\"},\"image\":{\"@id\":\"https:\/\/mountainlikers.com\/salutacio-consol-major-dencamp\/#primaryimage\"},\"thumbnailUrl\":\"https:\/\/mountainlikers.com\/wp-content\/uploads\/2024\/02\/DSC03660-min-scaled.jpg\",\"datePublished\":\"2024-02-20T16:23:02+00:00\",\"dateModified\":\"2024-02-21T09:35:19+00:00\",\"breadcrumb\":{\"@id\":\"https:\/\/mountainlikers.com\/salutacio-consol-major-dencamp\/#breadcrumb\"},\"inLanguage\":\"en-GB\",\"potentialAction\":[{\"@type\":\"ReadAction\",\"target\":[\"https:\/\/mountainlikers.com\/salutacio-consol-major-dencamp\/\"]}]},{\"@type\":\"ImageObject\",\"inLanguage\":\"en-GB\",\"@id\":\"https:\/\/mountainlikers.com\/salutacio-consol-major-dencamp\/#primaryimage\",\"url\":\"https:\/\/mountainlikers.com\/wp-content\/uploads\/2024\/02\/DSC03660-min-scaled.jpg\",\"contentUrl\":\"https:\/\/mountainlikers.com\/wp-content\/uploads\/2024\/02\/DSC03660-min-scaled.jpg\"},{\"@type\":\"BreadcrumbList\",\"@id\":\"https:\/\/mountainlikers.com\/salutacio-consol-major-dencamp\/#breadcrumb\",\"itemListElement\":[{\"@type\":\"ListItem\",\"position\":1,\"name\":\"Inici\",\"item\":\"https:\/\/mountainlikers.com\/\"},{\"@type\":\"ListItem\",\"position\":2,\"name\":\"Salutaci\u00f3 c\u00f2nsol major d\u2019Encamp\"}]},{\"@type\":\"WebSite\",\"@id\":\"https:\/\/mountainlikers.com\/en\/#website\",\"url\":\"https:\/\/mountainlikers.com\/en\/\",\"name\":\"Mountainlikers\",\"description\":\"Congr\u00e9s Mundial de Turisme de Neu i Muntanya 2026\",\"publisher\":{\"@id\":\"https:\/\/mountainlikers.com\/en\/#organization\"},\"potentialAction\":[{\"@type\":\"SearchAction\",\"target\":{\"@type\":\"EntryPoint\",\"urlTemplate\":\"https:\/\/mountainlikers.com\/en\/?s={search_term_string}\"},\"query-input\":{\"@type\":\"PropertyValueSpecification\",\"valueRequired\":true,\"valueName\":\"search_term_string\"}}],\"inLanguage\":\"en-GB\"},{\"@type\":\"Organization\",\"@id\":\"https:\/\/mountainlikers.com\/en\/#organization\",\"name\":\"Mountainlikers\",\"url\":\"https:\/\/mountainlikers.com\/en\/\",\"logo\":{\"@type\":\"ImageObject\",\"inLanguage\":\"en-GB\",\"@id\":\"https:\/\/mountainlikers.com\/en\/#\/schema\/logo\/image\/\",\"url\":\"https:\/\/mountainlikers.com\/wp-content\/uploads\/2025\/09\/MountainLikers-logo25-26.png\",\"contentUrl\":\"https:\/\/mountainlikers.com\/wp-content\/uploads\/2025\/09\/MountainLikers-logo25-26.png\",\"width\":1221,\"height\":942,\"caption\":\"Mountainlikers\"},\"image\":{\"@id\":\"https:\/\/mountainlikers.com\/en\/#\/schema\/logo\/image\/\"},\"sameAs\":[\"https:\/\/www.facebook.com\/mountainlikers\/\",\"https:\/\/x.com\/mountainlikers\",\"https:\/\/www.instagram.com\/mountainlikers\/\",\"https:\/\/www.youtube.com\/user\/mountainlikers\"]}]}<\/script>\n<!-- \/ Yoast SEO Premium plugin. -->","yoast_head_json":{"title":"Greetings from the Mayor of Encamp \u2013 Mountainlikers","robots":{"index":"index","follow":"follow","max-snippet":"max-snippet:-1","max-image-preview":"max-image-preview:large","max-video-preview":"max-video-preview:-1"},"canonical":"https:\/\/mountainlikers.com\/en\/salutacio-consol-major-dencamp\/","og_locale":"en_GB","og_type":"article","og_title":"Salutaci\u00f3 c\u00f2nsol major d\u2019Encamp","og_description":"12\u00e8 CONGR\u00c9S MUNDIAL DE TURISME DE NEU, MUNTANYA I BENESTAR Salutaci\u00f3 c\u00f2nsol major d\u2019Encamp, Laura Mas Barrionuevo Enguany, Encamp agafa el relleu...","og_url":"https:\/\/mountainlikers.com\/en\/salutacio-consol-major-dencamp\/","og_site_name":"Mountainlikers","article_publisher":"https:\/\/www.facebook.com\/mountainlikers\/","article_modified_time":"2024-02-21T09:35:19+00:00","og_image":[{"width":1707,"height":2560,"url":"https:\/\/mountainlikers.com\/wp-content\/uploads\/2024\/02\/DSC03660-min-scaled.jpg","type":"image\/jpeg"}],"twitter_card":"summary_large_image","twitter_site":"@mountainlikers","twitter_misc":{"Estimated reading time":"3 minutes"},"schema":{"@context":"https:\/\/schema.org","@graph":[{"@type":"WebPage","@id":"https:\/\/mountainlikers.com\/salutacio-consol-major-dencamp\/","url":"https:\/\/mountainlikers.com\/salutacio-consol-major-dencamp\/","name":"Greetings from the Mayor of Encamp \u2013 Mountainlikers","isPartOf":{"@id":"https:\/\/mountainlikers.com\/en\/#website"},"primaryImageOfPage":{"@id":"https:\/\/mountainlikers.com\/salutacio-consol-major-dencamp\/#primaryimage"},"image":{"@id":"https:\/\/mountainlikers.com\/salutacio-consol-major-dencamp\/#primaryimage"},"thumbnailUrl":"https:\/\/mountainlikers.com\/wp-content\/uploads\/2024\/02\/DSC03660-min-scaled.jpg","datePublished":"2024-02-20T16:23:02+00:00","dateModified":"2024-02-21T09:35:19+00:00","breadcrumb":{"@id":"https:\/\/mountainlikers.com\/salutacio-consol-major-dencamp\/#breadcrumb"},"inLanguage":"en-GB","potentialAction":[{"@type":"ReadAction","target":["https:\/\/mountainlikers.com\/salutacio-consol-major-dencamp\/"]}]},{"@type":"ImageObject","inLanguage":"en-GB","@id":"https:\/\/mountainlikers.com\/salutacio-consol-major-dencamp\/#primaryimage","url":"https:\/\/mountainlikers.com\/wp-content\/uploads\/2024\/02\/DSC03660-min-scaled.jpg","contentUrl":"https:\/\/mountainlikers.com\/wp-content\/uploads\/2024\/02\/DSC03660-min-scaled.jpg"},{"@type":"BreadcrumbList","@id":"https:\/\/mountainlikers.com\/salutacio-consol-major-dencamp\/#breadcrumb","itemListElement":[{"@type":"ListItem","position":1,"name":"Inici","item":"https:\/\/mountainlikers.com\/"},{"@type":"ListItem","position":2,"name":"Salutaci\u00f3 c\u00f2nsol major d\u2019Encamp"}]},{"@type":"WebSite","@id":"https:\/\/mountainlikers.com\/en\/#website","url":"https:\/\/mountainlikers.com\/en\/","name":"Mountainlikers","description":"World Congress of Snow and Mountain Tourism 2026","publisher":{"@id":"https:\/\/mountainlikers.com\/en\/#organization"},"potentialAction":[{"@type":"SearchAction","target":{"@type":"EntryPoint","urlTemplate":"https:\/\/mountainlikers.com\/en\/?s={search_term_string}"},"query-input":{"@type":"PropertyValueSpecification","valueRequired":true,"valueName":"search_term_string"}}],"inLanguage":"en-GB"},{"@type":"Organization","@id":"https:\/\/mountainlikers.com\/en\/#organization","name":"Mountainlikers","url":"https:\/\/mountainlikers.com\/en\/","logo":{"@type":"ImageObject","inLanguage":"en-GB","@id":"https:\/\/mountainlikers.com\/en\/#\/schema\/logo\/image\/","url":"https:\/\/mountainlikers.com\/wp-content\/uploads\/2025\/09\/MountainLikers-logo25-26.png","contentUrl":"https:\/\/mountainlikers.com\/wp-content\/uploads\/2025\/09\/MountainLikers-logo25-26.png","width":1221,"height":942,"caption":"Mountainlikers"},"image":{"@id":"https:\/\/mountainlikers.com\/en\/#\/schema\/logo\/image\/"},"sameAs":["https:\/\/www.facebook.com\/mountainlikers\/","https:\/\/x.com\/mountainlikers","https:\/\/www.instagram.com\/mountainlikers\/","https:\/\/www.youtube.com\/user\/mountainlikers"]}]}},"_links":{"self":[{"href":"https:\/\/mountainlikers.com\/en\/wp-json\/wp\/v2\/pages\/13435","targetHints":{"allow":["GET"]}}],"collection":[{"href":"https:\/\/mountainlikers.com\/en\/wp-json\/wp\/v2\/pages"}],"about":[{"href":"https:\/\/mountainlikers.com\/en\/wp-json\/wp\/v2\/types\/page"}],"author":[{"embeddable":true,"href":"https:\/\/mountainlikers.com\/en\/wp-json\/wp\/v2\/users\/1"}],"replies":[{"embeddable":true,"href":"https:\/\/mountainlikers.com\/en\/wp-json\/wp\/v2\/comments?post=13435"}],"version-history":[{"count":6,"href":"https:\/\/mountainlikers.com\/en\/wp-json\/wp\/v2\/pages\/13435\/revisions"}],"predecessor-version":[{"id":13470,"href":"https:\/\/mountainlikers.com\/en\/wp-json\/wp\/v2\/pages\/13435\/revisions\/13470"}],"wp:attachment":[{"href":"https:\/\/mountainlikers.com\/en\/wp-json\/wp\/v2\/media?parent=13435"}],"curies":[{"name":"wp","href":"https:\/\/api.w.org\/{rel}","templated":true}]}}