{"id":12900,"date":"2023-12-11T14:52:55","date_gmt":"2023-12-11T13:52:55","guid":{"rendered":"https:\/\/mountainlikers.com\/?page_id=12900"},"modified":"2023-12-11T14:54:33","modified_gmt":"2023-12-11T13:54:33","slug":"secretari-general-de-lomt-2024","status":"publish","type":"page","link":"https:\/\/mountainlikers.com\/en\/secretari-general-de-lomt-2024\/","title":{"rendered":"UNWTO Secretary General 2024"},"content":{"rendered":"<div data-elementor-type=\"wp-page\" data-elementor-id=\"12900\" class=\"elementor elementor-12900\" data-elementor-post-type=\"page\">\n\t\t\t\t\t\t<section data-particle_enable=\"false\" data-particle-mobile-disabled=\"false\" class=\"elementor-section elementor-top-section elementor-element elementor-element-f1d01d2 elementor-section-stretched elementor-section-content-middle elementor-reverse-mobile elementor-hidden-tablet elementor-section-boxed elementor-section-height-default elementor-section-height-default\" data-id=\"f1d01d2\" data-element_type=\"section\" data-e-type=\"section\" data-settings=\"{&quot;stretch_section&quot;:&quot;section-stretched&quot;,&quot;background_background&quot;:&quot;classic&quot;}\">\n\t\t\t\t\t\t<div class=\"elementor-container elementor-column-gap-default\">\n\t\t\t\t\t<div class=\"elementor-column elementor-col-50 elementor-top-column elementor-element elementor-element-9881fdb\" data-id=\"9881fdb\" data-element_type=\"column\" data-e-type=\"column\">\n\t\t\t<div class=\"elementor-widget-wrap elementor-element-populated\">\n\t\t\t\t\t\t<div class=\"elementor-element elementor-element-6690e0d elementor-hidden-desktop elementor-widget elementor-widget-image\" data-id=\"6690e0d\" data-element_type=\"widget\" data-e-type=\"widget\" data-widget_type=\"image.default\">\n\t\t\t\t<div class=\"elementor-widget-container\">\n\t\t\t\t\t\t\t\t\t\t\t\t\t\t\t<img loading=\"lazy\" decoding=\"async\" width=\"640\" height=\"419\" src=\"https:\/\/mountainlikers.com\/wp-content\/uploads\/2021\/10\/SG-Zurab-Pololikashvili-1024x671.jpg\" class=\"attachment-large size-large wp-image-9814\" alt=\"\" srcset=\"https:\/\/mountainlikers.com\/wp-content\/uploads\/2021\/10\/SG-Zurab-Pololikashvili-1024x671.jpg 1024w, https:\/\/mountainlikers.com\/wp-content\/uploads\/2021\/10\/SG-Zurab-Pololikashvili-600x393.jpg 600w, https:\/\/mountainlikers.com\/wp-content\/uploads\/2021\/10\/SG-Zurab-Pololikashvili-800x525.jpg 800w, https:\/\/mountainlikers.com\/wp-content\/uploads\/2021\/10\/SG-Zurab-Pololikashvili-300x197.jpg 300w, https:\/\/mountainlikers.com\/wp-content\/uploads\/2021\/10\/SG-Zurab-Pololikashvili-768x504.jpg 768w, https:\/\/mountainlikers.com\/wp-content\/uploads\/2021\/10\/SG-Zurab-Pololikashvili-1536x1007.jpg 1536w, https:\/\/mountainlikers.com\/wp-content\/uploads\/2021\/10\/SG-Zurab-Pololikashvili-2048x1343.jpg 2048w, https:\/\/mountainlikers.com\/wp-content\/uploads\/2021\/10\/SG-Zurab-Pololikashvili-18x12.jpg 18w\" sizes=\"auto, (max-width: 640px) 100vw, 640px\" \/>\t\t\t\t\t\t\t\t\t\t\t\t\t\t\t<\/div>\n\t\t\t\t<\/div>\n\t\t\t\t<div class=\"elementor-element elementor-element-5e40766 elementor-widget elementor-widget-rs-heading\" data-id=\"5e40766\" data-element_type=\"widget\" data-e-type=\"widget\" data-widget_type=\"rs-heading.default\">\n\t\t\t\t<div class=\"elementor-widget-container\">\n\t\t\t\t\t        <div class=\"rs-heading style9\">\r\n        \t<div class=\"title-inner\">\r\n        \t\t      \t\t\r\n\t            <span class=\"sub-text\">12th World Congress on Snow, Mountain and Wellness Tourism\n(20-22 March 2024, Andorra-Encamp)<\/span> <h2 class=\"title\"><span class=\"watermark\"><\/span>Messages, UNWTO Secretary-General Zurab Pololikashvili <\/h2><div class=\"title-img bottom-img\"><img decoding=\"async\" src=\"http:\/\/rstheme.com\/products\/wordpress\/eventeo-elementor\/wp-content\/uploads\/2020\/01\/aboutline_1.png\" \/><\/div>\t        <\/div>\r\n\t                <\/div>\r\n        \t\t\t\t<\/div>\n\t\t\t\t<\/div>\n\t\t\t\t<div class=\"elementor-element elementor-element-1151e1a elementor-widget elementor-widget-text-editor\" data-id=\"1151e1a\" data-element_type=\"widget\" data-e-type=\"widget\" data-widget_type=\"text-editor.default\">\n\t\t\t\t<div class=\"elementor-widget-container\">\n\t\t\t\t\t\t\t\t\t<p style=\"font-weight: 400;\">According to research carried out by UNWTO and FAO, mountain tourism accounts for between 9 and 16% of international tourist arrivals worldwide. That means that as many as 375 million tourists visited mountain tourism destinations in 2019 alone. But we cannot forget that for many communities, tourism is more than numbers; tourism is their livelihood, and as such, we have a shared duty to ensure the return of international travel brings inclusive and sustainable opportunities for all.<\/p><p style=\"font-weight: 400;\">Promoting sustainable practices can increase and diversify household incomes, enhance job opportunities, build robust micro-economies and revitalize products and services. At the same time, it can build resilience and protect the fragile mountain ecosystems and their unique heritage. Achieving this will require ensuring that communities are at the heart of mountain tourism development. They are undoubtedly best-placed to measure and manage the impacts of tourism in mountains, as well as the adequate management of resources, and to develop a definition of sustainable tourism planning and management policies and strategies.<\/p><p style=\"font-weight: 400;\">UNWTO has long worked with the Government of Andorra to jointly address the key priorities for mountain tourism development. Organized in the framework of the Five Years of Action for the Development of Mountain Regions, this 2024 Congress provides a leading platform for product diversification by including in its scope a new segment: wellness tourism, a major trend and opportunity for mountain areas.<\/p><p style=\"font-weight: 400;\">Aiming to serve as a roadmap for the sector to chart the future of mountain destinations, the 12th World Congress on Snow, Mountain and Wellness Tourism will feature examples of innovation, best practices and creative initiatives from all over the world that can serve as inspiration to grow stronger and better for the benefit of local communities everywhere.<\/p><p style=\"font-weight: 400;\">I look forward to seeing you in Andorra!<\/p>\t\t\t\t\t\t\t\t<\/div>\n\t\t\t\t<\/div>\n\t\t\t\t\t<\/div>\n\t\t<\/div>\n\t\t\t\t<div class=\"elementor-column elementor-col-50 elementor-top-column elementor-element elementor-element-22a76a9 elementor-hidden-tablet elementor-hidden-mobile\" data-id=\"22a76a9\" data-element_type=\"column\" data-e-type=\"column\" data-settings=\"{&quot;background_background&quot;:&quot;classic&quot;}\">\n\t\t\t<div class=\"elementor-widget-wrap elementor-element-populated\">\n\t\t\t\t\t\t<div class=\"elementor-element elementor-element-dae3c8c elementor-widget elementor-widget-spacer\" data-id=\"dae3c8c\" data-element_type=\"widget\" data-e-type=\"widget\" data-widget_type=\"spacer.default\">\n\t\t\t\t<div class=\"elementor-widget-container\">\n\t\t\t\t\t\t\t<div class=\"elementor-spacer\">\n\t\t\t<div class=\"elementor-spacer-inner\"><\/div>\n\t\t<\/div>\n\t\t\t\t\t\t<\/div>\n\t\t\t\t<\/div>\n\t\t\t\t\t<\/div>\n\t\t<\/div>\n\t\t\t\t\t<\/div>\n\t\t<\/section>\n\t\t\t\t<section data-particle_enable=\"false\" data-particle-mobile-disabled=\"false\" class=\"elementor-section elementor-top-section elementor-element elementor-element-9ec1db9 elementor-hidden-desktop elementor-hidden-mobile elementor-section-boxed elementor-section-height-default elementor-section-height-default\" data-id=\"9ec1db9\" data-element_type=\"section\" data-e-type=\"section\">\n\t\t\t\t\t\t<div class=\"elementor-container elementor-column-gap-default\">\n\t\t\t\t\t<div class=\"elementor-column elementor-col-100 elementor-top-column elementor-element elementor-element-dd97a6f\" data-id=\"dd97a6f\" data-element_type=\"column\" data-e-type=\"column\">\n\t\t\t<div class=\"elementor-widget-wrap elementor-element-populated\">\n\t\t\t\t\t\t<div class=\"elementor-element elementor-element-0c9f72a elementor-hidden-desktop elementor-hidden-mobile elementor-widget elementor-widget-image\" data-id=\"0c9f72a\" data-element_type=\"widget\" data-e-type=\"widget\" data-widget_type=\"image.default\">\n\t\t\t\t<div class=\"elementor-widget-container\">\n\t\t\t\t\t\t\t\t\t\t\t\t\t\t\t<img loading=\"lazy\" decoding=\"async\" width=\"640\" height=\"419\" src=\"https:\/\/mountainlikers.com\/wp-content\/uploads\/2021\/10\/SG-Zurab-Pololikashvili-1024x671.jpg\" class=\"attachment-large size-large wp-image-9814\" alt=\"\" srcset=\"https:\/\/mountainlikers.com\/wp-content\/uploads\/2021\/10\/SG-Zurab-Pololikashvili-1024x671.jpg 1024w, https:\/\/mountainlikers.com\/wp-content\/uploads\/2021\/10\/SG-Zurab-Pololikashvili-600x393.jpg 600w, https:\/\/mountainlikers.com\/wp-content\/uploads\/2021\/10\/SG-Zurab-Pololikashvili-800x525.jpg 800w, https:\/\/mountainlikers.com\/wp-content\/uploads\/2021\/10\/SG-Zurab-Pololikashvili-300x197.jpg 300w, https:\/\/mountainlikers.com\/wp-content\/uploads\/2021\/10\/SG-Zurab-Pololikashvili-768x504.jpg 768w, https:\/\/mountainlikers.com\/wp-content\/uploads\/2021\/10\/SG-Zurab-Pololikashvili-1536x1007.jpg 1536w, https:\/\/mountainlikers.com\/wp-content\/uploads\/2021\/10\/SG-Zurab-Pololikashvili-2048x1343.jpg 2048w, https:\/\/mountainlikers.com\/wp-content\/uploads\/2021\/10\/SG-Zurab-Pololikashvili-18x12.jpg 18w\" sizes=\"auto, (max-width: 640px) 100vw, 640px\" \/>\t\t\t\t\t\t\t\t\t\t\t\t\t\t\t<\/div>\n\t\t\t\t<\/div>\n\t\t\t\t<div class=\"elementor-element elementor-element-95f9f94 elementor-widget elementor-widget-rs-heading\" data-id=\"95f9f94\" data-element_type=\"widget\" data-e-type=\"widget\" data-widget_type=\"rs-heading.default\">\n\t\t\t\t<div class=\"elementor-widget-container\">\n\t\t\t\t\t        <div class=\"rs-heading style9\">\r\n        \t<div class=\"title-inner\">\r\n        \t\t      \t\t\r\n\t            <span class=\"sub-text\">11th World Congress on Snow and Mountain Tourism<\/span> <h2 class=\"title\"><span class=\"watermark\"><\/span>UNWTO Secretary-General<\/h2><div class=\"title-img bottom-img\"><img decoding=\"async\" src=\"http:\/\/rstheme.com\/products\/wordpress\/eventeo-elementor\/wp-content\/uploads\/2020\/01\/aboutline_1.png\" \/><\/div>\t        <\/div>\r\n\t                <\/div>\r\n        \t\t\t\t<\/div>\n\t\t\t\t<\/div>\n\t\t\t\t<div class=\"elementor-element elementor-element-b9ce099 elementor-widget elementor-widget-text-editor\" data-id=\"b9ce099\" data-element_type=\"widget\" data-e-type=\"widget\" data-widget_type=\"text-editor.default\">\n\t\t\t\t<div class=\"elementor-widget-container\">\n\t\t\t\t\t\t\t\t\t<p style=\"text-align: justify;\">Tourism has been one of the sectors worst affected by the COVID-19 pandemic. The sudden and unprecedented fall in international arrivals has had a profound impact at many levels, damaging economies, livelihoods, public services and opportunities all around the world.<\/p><p style=\"text-align: justify;\">It is also irrefutable that, over recent decades, tourism has been one of the fastest growing socio-economic sectors. It has become increasingly recognized as a vital contributor to job and wealth creation, to environmental protection and to poverty alleviation. All this makes tourism a powerful force for the advancement of the 2030 Sustainable Development Agenda and its Sustainable Development Goals (SDGs).<\/p><p style=\"text-align: justify;\">Today, the role of tourism for development in mountainous regions is more relevant than ever. As the sector restarts and people look to less-populated destinations and open-air experiences and activities, tourism can help mountain communities recover from the social and economic impacts of the pandemic and build for the future.<\/p><p style=\"text-align: justify;\">In a time of unprecedented challenges, we now have a chance to rethink the contribution of tourism to mountain development. It is essential that we work together to find concrete solutions to build back better while making tourism a pivotal tool for more sustainable, inclusive and resilient destinations and communities through innovation, digitalization, sustainability, and partnerships.<\/p><p style=\"text-align: justify;\">UNWTO has long stood alongside the Government of the Principality of Andorra as we jointly address the key priorities in mountain tourism development. As the world begins to open up again and looks to the future, this 2022 Congress is an important step in the roadmap for the sector to regain its unique status as a source of hope and opportunity for all.<\/p><p style=\"text-align: justify;\">I trust that the 11th edition of the World Congress on Snow and Mountain Tourism will give us the opportunity to come together again to enhance the values of sustainability, innovation, quality and creativity in all parts of the mountain tourism value chain. Only this way will our sector stand ready to respond to the current challenges and advance into a more sustainable and inclusive future model.<\/p><p style=\"text-align: justify;\">See you in Andorra!<\/p>\t\t\t\t\t\t\t\t<\/div>\n\t\t\t\t<\/div>\n\t\t\t\t\t<\/div>\n\t\t<\/div>\n\t\t\t\t\t<\/div>\n\t\t<\/section>\n\t\t\t\t<section data-particle_enable=\"false\" data-particle-mobile-disabled=\"false\" class=\"elementor-section elementor-top-section elementor-element elementor-element-17e81e4 elementor-section-stretched elementor-section-boxed elementor-section-height-default elementor-section-height-default\" data-id=\"17e81e4\" data-element_type=\"section\" data-e-type=\"section\" data-settings=\"{&quot;stretch_section&quot;:&quot;section-stretched&quot;,&quot;background_background&quot;:&quot;classic&quot;}\">\n\t\t\t\t\t\t<div class=\"elementor-container elementor-column-gap-default\">\n\t\t\t\t\t<div class=\"elementor-column elementor-col-33 elementor-top-column elementor-element elementor-element-43fad95\" data-id=\"43fad95\" data-element_type=\"column\" data-e-type=\"column\">\n\t\t\t<div class=\"elementor-widget-wrap\">\n\t\t\t\t\t\t\t<\/div>\n\t\t<\/div>\n\t\t\t\t<div class=\"elementor-column elementor-col-33 elementor-top-column elementor-element elementor-element-7063f8a\" data-id=\"7063f8a\" data-element_type=\"column\" data-e-type=\"column\">\n\t\t\t<div class=\"elementor-widget-wrap\">\n\t\t\t\t\t\t\t<\/div>\n\t\t<\/div>\n\t\t\t\t<div class=\"elementor-column elementor-col-33 elementor-top-column elementor-element elementor-element-32b95fb\" data-id=\"32b95fb\" data-element_type=\"column\" data-e-type=\"column\">\n\t\t\t<div class=\"elementor-widget-wrap\">\n\t\t\t\t\t\t\t<\/div>\n\t\t<\/div>\n\t\t\t\t\t<\/div>\n\t\t<\/section>\n\t\t\t\t<\/div>","protected":false},"excerpt":{"rendered":"<p>12\u00e8 Congr\u00e9s Mundial de Turisme de Neu, Muntanya i Benestar (20-22 de mar\u00e7 de 2024, Andorra-Encamp) Missatge, secretari general de l&#8217;OMT, Zurab&#8230;<\/p>","protected":false},"author":1,"featured_media":0,"parent":0,"menu_order":0,"comment_status":"closed","ping_status":"closed","template":"","meta":{"footnotes":""},"class_list":["post-12900","page","type-page","status-publish","hentry"],"yoast_head":"<!-- This site is optimized with the Yoast SEO Premium plugin v26.3 (Yoast SEO v27.2) - https:\/\/yoast.com\/product\/yoast-seo-premium-wordpress\/ -->\n<title>Secretari general de l\u2019OMT 2024 - Mountainlikers<\/title>\n<meta name=\"robots\" content=\"index, follow, max-snippet:-1, max-image-preview:large, max-video-preview:-1\" \/>\n<link rel=\"canonical\" href=\"https:\/\/mountainlikers.com\/en\/secretari-general-de-lomt-2024\/\" \/>\n<meta property=\"og:locale\" content=\"en_GB\" \/>\n<meta property=\"og:type\" content=\"article\" \/>\n<meta property=\"og:title\" content=\"Secretari general de l\u2019OMT 2024\" \/>\n<meta property=\"og:description\" content=\"12\u00e8 Congr\u00e9s Mundial de Turisme de Neu, Muntanya i Benestar (20-22 de mar\u00e7 de 2024, Andorra-Encamp) Missatge, secretari general de l&#8217;OMT, Zurab...\" \/>\n<meta property=\"og:url\" content=\"https:\/\/mountainlikers.com\/en\/secretari-general-de-lomt-2024\/\" \/>\n<meta property=\"og:site_name\" content=\"Mountainlikers\" \/>\n<meta property=\"article:publisher\" content=\"https:\/\/www.facebook.com\/mountainlikers\/\" \/>\n<meta property=\"article:modified_time\" content=\"2023-12-11T13:54:33+00:00\" \/>\n<meta property=\"og:image\" content=\"https:\/\/mountainlikers.com\/wp-content\/uploads\/2021\/10\/SG-Zurab-Pololikashvili-scaled.jpg\" \/>\n\t<meta property=\"og:image:width\" content=\"2560\" \/>\n\t<meta property=\"og:image:height\" content=\"1678\" \/>\n\t<meta property=\"og:image:type\" content=\"image\/jpeg\" \/>\n<meta name=\"twitter:card\" content=\"summary_large_image\" \/>\n<meta name=\"twitter:site\" content=\"@mountainlikers\" \/>\n<meta name=\"twitter:label1\" content=\"Estimated reading time\" \/>\n\t<meta name=\"twitter:data1\" content=\"4 minutes\" \/>\n<script type=\"application\/ld+json\" class=\"yoast-schema-graph\">{\"@context\":\"https:\/\/schema.org\",\"@graph\":[{\"@type\":\"WebPage\",\"@id\":\"https:\/\/mountainlikers.com\/secretari-general-de-lomt-2024\/\",\"url\":\"https:\/\/mountainlikers.com\/secretari-general-de-lomt-2024\/\",\"name\":\"Secretari general de l\u2019OMT 2024 - Mountainlikers\",\"isPartOf\":{\"@id\":\"https:\/\/mountainlikers.com\/en\/#website\"},\"primaryImageOfPage\":{\"@id\":\"https:\/\/mountainlikers.com\/secretari-general-de-lomt-2024\/#primaryimage\"},\"image\":{\"@id\":\"https:\/\/mountainlikers.com\/secretari-general-de-lomt-2024\/#primaryimage\"},\"thumbnailUrl\":\"https:\/\/mountainlikers.com\/wp-content\/uploads\/2021\/10\/SG-Zurab-Pololikashvili-1024x671.jpg\",\"datePublished\":\"2023-12-11T13:52:55+00:00\",\"dateModified\":\"2023-12-11T13:54:33+00:00\",\"breadcrumb\":{\"@id\":\"https:\/\/mountainlikers.com\/secretari-general-de-lomt-2024\/#breadcrumb\"},\"inLanguage\":\"en-GB\",\"potentialAction\":[{\"@type\":\"ReadAction\",\"target\":[\"https:\/\/mountainlikers.com\/secretari-general-de-lomt-2024\/\"]}]},{\"@type\":\"ImageObject\",\"inLanguage\":\"en-GB\",\"@id\":\"https:\/\/mountainlikers.com\/secretari-general-de-lomt-2024\/#primaryimage\",\"url\":\"https:\/\/mountainlikers.com\/wp-content\/uploads\/2021\/10\/SG-Zurab-Pololikashvili-1024x671.jpg\",\"contentUrl\":\"https:\/\/mountainlikers.com\/wp-content\/uploads\/2021\/10\/SG-Zurab-Pololikashvili-1024x671.jpg\"},{\"@type\":\"BreadcrumbList\",\"@id\":\"https:\/\/mountainlikers.com\/secretari-general-de-lomt-2024\/#breadcrumb\",\"itemListElement\":[{\"@type\":\"ListItem\",\"position\":1,\"name\":\"Inici\",\"item\":\"https:\/\/mountainlikers.com\/\"},{\"@type\":\"ListItem\",\"position\":2,\"name\":\"Secretari general de l\u2019OMT 2024\"}]},{\"@type\":\"WebSite\",\"@id\":\"https:\/\/mountainlikers.com\/en\/#website\",\"url\":\"https:\/\/mountainlikers.com\/en\/\",\"name\":\"Mountainlikers\",\"description\":\"Congr\u00e9s Mundial de Turisme de Neu i Muntanya 2026\",\"publisher\":{\"@id\":\"https:\/\/mountainlikers.com\/en\/#organization\"},\"potentialAction\":[{\"@type\":\"SearchAction\",\"target\":{\"@type\":\"EntryPoint\",\"urlTemplate\":\"https:\/\/mountainlikers.com\/en\/?s={search_term_string}\"},\"query-input\":{\"@type\":\"PropertyValueSpecification\",\"valueRequired\":true,\"valueName\":\"search_term_string\"}}],\"inLanguage\":\"en-GB\"},{\"@type\":\"Organization\",\"@id\":\"https:\/\/mountainlikers.com\/en\/#organization\",\"name\":\"Mountainlikers\",\"url\":\"https:\/\/mountainlikers.com\/en\/\",\"logo\":{\"@type\":\"ImageObject\",\"inLanguage\":\"en-GB\",\"@id\":\"https:\/\/mountainlikers.com\/en\/#\/schema\/logo\/image\/\",\"url\":\"https:\/\/mountainlikers.com\/wp-content\/uploads\/2025\/09\/MountainLikers-logo25-26.png\",\"contentUrl\":\"https:\/\/mountainlikers.com\/wp-content\/uploads\/2025\/09\/MountainLikers-logo25-26.png\",\"width\":1221,\"height\":942,\"caption\":\"Mountainlikers\"},\"image\":{\"@id\":\"https:\/\/mountainlikers.com\/en\/#\/schema\/logo\/image\/\"},\"sameAs\":[\"https:\/\/www.facebook.com\/mountainlikers\/\",\"https:\/\/x.com\/mountainlikers\",\"https:\/\/www.instagram.com\/mountainlikers\/\",\"https:\/\/www.youtube.com\/user\/mountainlikers\"]}]}<\/script>\n<!-- \/ Yoast SEO Premium plugin. -->","yoast_head_json":{"title":"UNWTO Secretary-General 2024 - Mountainlikers","robots":{"index":"index","follow":"follow","max-snippet":"max-snippet:-1","max-image-preview":"max-image-preview:large","max-video-preview":"max-video-preview:-1"},"canonical":"https:\/\/mountainlikers.com\/en\/secretari-general-de-lomt-2024\/","og_locale":"en_GB","og_type":"article","og_title":"Secretari general de l\u2019OMT 2024","og_description":"12\u00e8 Congr\u00e9s Mundial de Turisme de Neu, Muntanya i Benestar (20-22 de mar\u00e7 de 2024, Andorra-Encamp) Missatge, secretari general de l&#8217;OMT, Zurab...","og_url":"https:\/\/mountainlikers.com\/en\/secretari-general-de-lomt-2024\/","og_site_name":"Mountainlikers","article_publisher":"https:\/\/www.facebook.com\/mountainlikers\/","article_modified_time":"2023-12-11T13:54:33+00:00","og_image":[{"width":2560,"height":1678,"url":"https:\/\/mountainlikers.com\/wp-content\/uploads\/2021\/10\/SG-Zurab-Pololikashvili-scaled.jpg","type":"image\/jpeg"}],"twitter_card":"summary_large_image","twitter_site":"@mountainlikers","twitter_misc":{"Estimated reading time":"4 minutes"},"schema":{"@context":"https:\/\/schema.org","@graph":[{"@type":"WebPage","@id":"https:\/\/mountainlikers.com\/secretari-general-de-lomt-2024\/","url":"https:\/\/mountainlikers.com\/secretari-general-de-lomt-2024\/","name":"UNWTO Secretary-General 2024 - Mountainlikers","isPartOf":{"@id":"https:\/\/mountainlikers.com\/en\/#website"},"primaryImageOfPage":{"@id":"https:\/\/mountainlikers.com\/secretari-general-de-lomt-2024\/#primaryimage"},"image":{"@id":"https:\/\/mountainlikers.com\/secretari-general-de-lomt-2024\/#primaryimage"},"thumbnailUrl":"https:\/\/mountainlikers.com\/wp-content\/uploads\/2021\/10\/SG-Zurab-Pololikashvili-1024x671.jpg","datePublished":"2023-12-11T13:52:55+00:00","dateModified":"2023-12-11T13:54:33+00:00","breadcrumb":{"@id":"https:\/\/mountainlikers.com\/secretari-general-de-lomt-2024\/#breadcrumb"},"inLanguage":"en-GB","potentialAction":[{"@type":"ReadAction","target":["https:\/\/mountainlikers.com\/secretari-general-de-lomt-2024\/"]}]},{"@type":"ImageObject","inLanguage":"en-GB","@id":"https:\/\/mountainlikers.com\/secretari-general-de-lomt-2024\/#primaryimage","url":"https:\/\/mountainlikers.com\/wp-content\/uploads\/2021\/10\/SG-Zurab-Pololikashvili-1024x671.jpg","contentUrl":"https:\/\/mountainlikers.com\/wp-content\/uploads\/2021\/10\/SG-Zurab-Pololikashvili-1024x671.jpg"},{"@type":"BreadcrumbList","@id":"https:\/\/mountainlikers.com\/secretari-general-de-lomt-2024\/#breadcrumb","itemListElement":[{"@type":"ListItem","position":1,"name":"Inici","item":"https:\/\/mountainlikers.com\/"},{"@type":"ListItem","position":2,"name":"Secretari general de l\u2019OMT 2024"}]},{"@type":"WebSite","@id":"https:\/\/mountainlikers.com\/en\/#website","url":"https:\/\/mountainlikers.com\/en\/","name":"Mountainlikers","description":"World Congress of Snow and Mountain Tourism 2026","publisher":{"@id":"https:\/\/mountainlikers.com\/en\/#organization"},"potentialAction":[{"@type":"SearchAction","target":{"@type":"EntryPoint","urlTemplate":"https:\/\/mountainlikers.com\/en\/?s={search_term_string}"},"query-input":{"@type":"PropertyValueSpecification","valueRequired":true,"valueName":"search_term_string"}}],"inLanguage":"en-GB"},{"@type":"Organization","@id":"https:\/\/mountainlikers.com\/en\/#organization","name":"Mountainlikers","url":"https:\/\/mountainlikers.com\/en\/","logo":{"@type":"ImageObject","inLanguage":"en-GB","@id":"https:\/\/mountainlikers.com\/en\/#\/schema\/logo\/image\/","url":"https:\/\/mountainlikers.com\/wp-content\/uploads\/2025\/09\/MountainLikers-logo25-26.png","contentUrl":"https:\/\/mountainlikers.com\/wp-content\/uploads\/2025\/09\/MountainLikers-logo25-26.png","width":1221,"height":942,"caption":"Mountainlikers"},"image":{"@id":"https:\/\/mountainlikers.com\/en\/#\/schema\/logo\/image\/"},"sameAs":["https:\/\/www.facebook.com\/mountainlikers\/","https:\/\/x.com\/mountainlikers","https:\/\/www.instagram.com\/mountainlikers\/","https:\/\/www.youtube.com\/user\/mountainlikers"]}]}},"_links":{"self":[{"href":"https:\/\/mountainlikers.com\/en\/wp-json\/wp\/v2\/pages\/12900","targetHints":{"allow":["GET"]}}],"collection":[{"href":"https:\/\/mountainlikers.com\/en\/wp-json\/wp\/v2\/pages"}],"about":[{"href":"https:\/\/mountainlikers.com\/en\/wp-json\/wp\/v2\/types\/page"}],"author":[{"embeddable":true,"href":"https:\/\/mountainlikers.com\/en\/wp-json\/wp\/v2\/users\/1"}],"replies":[{"embeddable":true,"href":"https:\/\/mountainlikers.com\/en\/wp-json\/wp\/v2\/comments?post=12900"}],"version-history":[{"count":3,"href":"https:\/\/mountainlikers.com\/en\/wp-json\/wp\/v2\/pages\/12900\/revisions"}],"predecessor-version":[{"id":12903,"href":"https:\/\/mountainlikers.com\/en\/wp-json\/wp\/v2\/pages\/12900\/revisions\/12903"}],"wp:attachment":[{"href":"https:\/\/mountainlikers.com\/en\/wp-json\/wp\/v2\/media?parent=12900"}],"curies":[{"name":"wp","href":"https:\/\/api.w.org\/{rel}","templated":true}]}}